{"id":304475,"date":"2016-05-03T15:43:20","date_gmt":"2016-05-03T13:43:20","guid":{"rendered":"https:\/\/steelwrist.com\/steelwrist-dans-les-media\/"},"modified":"2016-05-03T15:43:20","modified_gmt":"2016-05-03T13:43:20","slug":"steelwrist-dans-les-media","status":"publish","type":"page","link":"https:\/\/steelwrist.com\/fr-be\/a-propos-de-steelwrist\/steelwrist-dans-les-media\/","title":{"rendered":"Steelwrist dans les media"},"content":{"rendered":"<p><strong>Le SQ40, un nouveau coupleur rapide chez Steelwrist<\/strong><br \/>\nTP &amp; Am\u00e9nagements, 30 octobre 2025<\/p>\n<p><a href=\"https:\/\/tp-amenagements.fr\/materiel-chantier\/materiel-accessoires\/le-sq40-un-nouveau-coupleur-rapide-chez-steelwrist\/\" target=\"_blank\" rel=\"noopener\"><img loading=\"lazy\" decoding=\"async\" class=\"alignnone wp-image-303050 size-full\" src=\"https:\/\/steelwrist.com\/wp-content\/uploads\/Le-SQ40-un-nouveau-coupleur-rapide-chez-Steelwrist.png\" alt=\"\" width=\"600\" height=\"527\" srcset=\"https:\/\/steelwrist.com\/wp-content\/uploads\/Le-SQ40-un-nouveau-coupleur-rapide-chez-Steelwrist.png 600w, https:\/\/steelwrist.com\/wp-content\/uploads\/Le-SQ40-un-nouveau-coupleur-rapide-chez-Steelwrist-300x264.png 300w, https:\/\/steelwrist.com\/wp-content\/uploads\/Le-SQ40-un-nouveau-coupleur-rapide-chez-Steelwrist-150x132.png 150w, https:\/\/steelwrist.com\/wp-content\/uploads\/Le-SQ40-un-nouveau-coupleur-rapide-chez-Steelwrist-501x440.png 501w, https:\/\/steelwrist.com\/wp-content\/uploads\/Le-SQ40-un-nouveau-coupleur-rapide-chez-Steelwrist-24x21.png 24w, https:\/\/steelwrist.com\/wp-content\/uploads\/Le-SQ40-un-nouveau-coupleur-rapide-chez-Steelwrist-36x32.png 36w, https:\/\/steelwrist.com\/wp-content\/uploads\/Le-SQ40-un-nouveau-coupleur-rapide-chez-Steelwrist-48x42.png 48w, https:\/\/steelwrist.com\/wp-content\/uploads\/Le-SQ40-un-nouveau-coupleur-rapide-chez-Steelwrist-100x88.png 100w, https:\/\/steelwrist.com\/wp-content\/uploads\/Le-SQ40-un-nouveau-coupleur-rapide-chez-Steelwrist-68x60.png 68w\" sizes=\"auto, (max-width: 600px) 100vw, 600px\" \/><\/a><\/p>\n<p>&nbsp;<\/p>\n<p><strong>Gearing up for the next 20 years of commitment to efficiency for excavators<br \/>\n<\/strong>Plant Planet magazine, December 13, 2024<\/p>\n<p><em>In 2025 Steelwrist celebrates 20 years in business. Founded in Sweden back in 2005 manufacturing tiltrotators, quick couplers and work tools for excavators, the company has grown significantly since then, quickly becoming the global player it is today. Read about\u00a0<a href=\"https:\/\/issuu.com\/plant-planet\/docs\/plant_planet_december24-pages\/62\" target=\"_blank\" rel=\"noopener\">how Steelwrist has developed the tiltrotator technology and built a strong brand in the industry.<\/a><\/em><\/p>\n<p><a href=\"https:\/\/issuu.com\/plant-planet\/docs\/plant_planet_december24-pages\/62\" target=\"_blank\" rel=\"noopener\"><img loading=\"lazy\" decoding=\"async\" class=\"alignnone wp-image-282740 size-full\" src=\"https:\/\/steelwrist.com\/wp-content\/uploads\/Steelwrist-20-years-Plant-Planet.png\" alt=\"Steelwrist 20 years Plant Planet article\" width=\"600\" height=\"423\" srcset=\"https:\/\/steelwrist.com\/wp-content\/uploads\/Steelwrist-20-years-Plant-Planet.png 600w, https:\/\/steelwrist.com\/wp-content\/uploads\/Steelwrist-20-years-Plant-Planet-300x212.png 300w, https:\/\/steelwrist.com\/wp-content\/uploads\/Steelwrist-20-years-Plant-Planet-150x106.png 150w, https:\/\/steelwrist.com\/wp-content\/uploads\/Steelwrist-20-years-Plant-Planet-24x17.png 24w, https:\/\/steelwrist.com\/wp-content\/uploads\/Steelwrist-20-years-Plant-Planet-36x25.png 36w, https:\/\/steelwrist.com\/wp-content\/uploads\/Steelwrist-20-years-Plant-Planet-48x34.png 48w, https:\/\/steelwrist.com\/wp-content\/uploads\/Steelwrist-20-years-Plant-Planet-110x78.png 110w, https:\/\/steelwrist.com\/wp-content\/uploads\/Steelwrist-20-years-Plant-Planet-75x53.png 75w\" sizes=\"auto, (max-width: 600px) 100vw, 600px\" \/><\/a><\/p>\n<p>&nbsp;<\/p>\n<p><strong>Building Effective Communication: Insights from Steelwrist\u2019s Stefan Stockhaus<\/strong><br \/>\nDemolition &amp; Recycling International, Industry Insights, November 7, 2024<\/p>\n<p><em>\u201cBy establishing clear values, direct communication, and accountability, Steelwrist has crafted a cohesive and resilient team culture that drives both internal harmony and competitive success.\u00a0<\/em><em>Stefan\u2019s insights into building a high-trust workplace, one where openness and shared goals eliminate the guesswork, provide a practical model that any contractor seeking sustainable growth can appreciate\u2014and apply.\u201d<\/em><\/p>\n<p><a href=\"https:\/\/www.demolitionandrecycling.media\/news\/building-effective-communication-insights-from-steelwrists-stefan-stockhaus\/8040112.article\" target=\"_blank\" rel=\"noopener\"><img loading=\"lazy\" decoding=\"async\" class=\"alignnone wp-image-278614 size-full\" src=\"https:\/\/steelwrist.com\/wp-content\/uploads\/Company-culture-Steelwrist.png\" alt=\"Steelwrist company culture\" width=\"600\" height=\"308\" srcset=\"https:\/\/steelwrist.com\/wp-content\/uploads\/Company-culture-Steelwrist.png 600w, https:\/\/steelwrist.com\/wp-content\/uploads\/Company-culture-Steelwrist-300x154.png 300w, https:\/\/steelwrist.com\/wp-content\/uploads\/Company-culture-Steelwrist-150x77.png 150w, https:\/\/steelwrist.com\/wp-content\/uploads\/Company-culture-Steelwrist-24x12.png 24w, https:\/\/steelwrist.com\/wp-content\/uploads\/Company-culture-Steelwrist-36x18.png 36w, https:\/\/steelwrist.com\/wp-content\/uploads\/Company-culture-Steelwrist-48x25.png 48w, https:\/\/steelwrist.com\/wp-content\/uploads\/Company-culture-Steelwrist-110x56.png 110w, https:\/\/steelwrist.com\/wp-content\/uploads\/Company-culture-Steelwrist-75x39.png 75w\" sizes=\"auto, (max-width: 600px) 100vw, 600px\" \/><\/a><\/p>\n<p>&nbsp;<\/p>\n<p><strong>Tiltrotateur Steelwrist sur une pelle Wacker Neuson EW 100 avec joystick MIC 4.0<\/strong><br \/>\nterramag.be, 4 oct. 2024<\/p>\n<p><em>\u201cCette combinaison permet de rendre l\u2019op\u00e9rateur le plus autonome possible dans son quotidien. Je pense qu\u2019\u00e0 l\u2019avenir cela va se g\u00e9n\u00e9raliser. Cela apporte beaucoup de b\u00e9n\u00e9fices et ce n\u2019est pas du tout superflu. Quand on a go\u00fbt\u00e9 \u00e0 un swingotilt Steelwrist, on ne voudrait pas retourner en arri\u00e8re\u201d nous confie Beno\u00eet<\/em><br \/>\n<em>Dupont.\u00a0\u00bb<\/em><\/p>\n<p><a href=\"https:\/\/fr.terramag.be\/wacker-neuson\/\" target=\"_blank\" rel=\"noopener\"><img loading=\"lazy\" decoding=\"async\" class=\"alignnone wp-image-274739 size-full\" src=\"https:\/\/steelwrist.com\/wp-content\/uploads\/Wacker-Neuson-Steelwrist-MIC-4.0.png\" alt=\"wacker neuson steelwrist tiltrotateur\" width=\"600\" height=\"406\" srcset=\"https:\/\/steelwrist.com\/wp-content\/uploads\/Wacker-Neuson-Steelwrist-MIC-4.0.png 600w, https:\/\/steelwrist.com\/wp-content\/uploads\/Wacker-Neuson-Steelwrist-MIC-4.0-300x203.png 300w, https:\/\/steelwrist.com\/wp-content\/uploads\/Wacker-Neuson-Steelwrist-MIC-4.0-150x102.png 150w, https:\/\/steelwrist.com\/wp-content\/uploads\/Wacker-Neuson-Steelwrist-MIC-4.0-24x16.png 24w, https:\/\/steelwrist.com\/wp-content\/uploads\/Wacker-Neuson-Steelwrist-MIC-4.0-36x24.png 36w, https:\/\/steelwrist.com\/wp-content\/uploads\/Wacker-Neuson-Steelwrist-MIC-4.0-48x32.png 48w, https:\/\/steelwrist.com\/wp-content\/uploads\/Wacker-Neuson-Steelwrist-MIC-4.0-110x74.png 110w, https:\/\/steelwrist.com\/wp-content\/uploads\/Wacker-Neuson-Steelwrist-MIC-4.0-75x51.png 75w\" sizes=\"auto, (max-width: 600px) 100vw, 600px\" \/><\/a><\/p>\n<p>&nbsp;<\/p>\n<p><strong>Un directeur technique rejoint Steelwrist France<\/strong><br \/>\nConstruction Cayola, 25 juin 2024<\/p>\n<p><a href=\"https:\/\/www.constructioncayola.com\/terrassements-carrieres\/article\/2024\/06\/25\/149308\/directeur-technique-rejoint-steelwrist-france\" target=\"_blank\" rel=\"noopener\"><img loading=\"lazy\" decoding=\"async\" class=\"alignnone wp-image-270419 size-full\" src=\"https:\/\/steelwrist.com\/wp-content\/uploads\/Steelwrist-France-David-Milcent.png\" alt=\"Steelwrist France David Milcent\" width=\"600\" height=\"361\" srcset=\"https:\/\/steelwrist.com\/wp-content\/uploads\/Steelwrist-France-David-Milcent.png 600w, https:\/\/steelwrist.com\/wp-content\/uploads\/Steelwrist-France-David-Milcent-300x181.png 300w, https:\/\/steelwrist.com\/wp-content\/uploads\/Steelwrist-France-David-Milcent-150x90.png 150w, https:\/\/steelwrist.com\/wp-content\/uploads\/Steelwrist-France-David-Milcent-24x14.png 24w, https:\/\/steelwrist.com\/wp-content\/uploads\/Steelwrist-France-David-Milcent-36x22.png 36w, https:\/\/steelwrist.com\/wp-content\/uploads\/Steelwrist-France-David-Milcent-48x29.png 48w, https:\/\/steelwrist.com\/wp-content\/uploads\/Steelwrist-France-David-Milcent-110x66.png 110w, https:\/\/steelwrist.com\/wp-content\/uploads\/Steelwrist-France-David-Milcent-75x45.png 75w\" sizes=\"auto, (max-width: 600px) 100vw, 600px\" \/><\/a><\/p>\n<p>&nbsp;<\/p>\n<p><strong>Steelwrist ach\u00e8ve son tour de salon \u00e0 Hillhead<\/strong><br \/>\nConstruction Cayola, 19 juin 2024<\/p>\n<p><a href=\"https:\/\/www.constructioncayola.com\/terrassements-carrieres\/article\/2024\/06\/19\/149252\/steelwrist-acheve-son-tour-salon-hillhead\" target=\"_blank\" rel=\"noopener\"><img loading=\"lazy\" decoding=\"async\" class=\"alignnone wp-image-270144 size-full\" src=\"https:\/\/steelwrist.com\/wp-content\/uploads\/Steelwrist-acheve-son-tour-de-salon-a-Hillhead.png\" alt=\"Steelwrist ach\u00e8ve son tour de salon \u00e0 Hillhead\" width=\"600\" height=\"361\" srcset=\"https:\/\/steelwrist.com\/wp-content\/uploads\/Steelwrist-acheve-son-tour-de-salon-a-Hillhead.png 600w, https:\/\/steelwrist.com\/wp-content\/uploads\/Steelwrist-acheve-son-tour-de-salon-a-Hillhead-300x181.png 300w, https:\/\/steelwrist.com\/wp-content\/uploads\/Steelwrist-acheve-son-tour-de-salon-a-Hillhead-150x90.png 150w, https:\/\/steelwrist.com\/wp-content\/uploads\/Steelwrist-acheve-son-tour-de-salon-a-Hillhead-24x14.png 24w, https:\/\/steelwrist.com\/wp-content\/uploads\/Steelwrist-acheve-son-tour-de-salon-a-Hillhead-36x22.png 36w, https:\/\/steelwrist.com\/wp-content\/uploads\/Steelwrist-acheve-son-tour-de-salon-a-Hillhead-48x29.png 48w, https:\/\/steelwrist.com\/wp-content\/uploads\/Steelwrist-acheve-son-tour-de-salon-a-Hillhead-110x66.png 110w, https:\/\/steelwrist.com\/wp-content\/uploads\/Steelwrist-acheve-son-tour-de-salon-a-Hillhead-75x45.png 75w\" sizes=\"auto, (max-width: 600px) 100vw, 600px\" \/><\/a><\/p>\n<p>&nbsp;<\/p>\n<p><strong>L\u2019Open-S Alliance sort group\u00e9e \u00e0 Intermat<\/strong><br \/>\nChantiers de France, 03\/05\/2024<\/p>\n<p><a href=\"https:\/\/www.chantiersdefrance.fr\/constructeurs\/24548\/l-open-s-alliance-sort-groupee-a-intermat\" target=\"_blank\" rel=\"noopener\"><img loading=\"lazy\" decoding=\"async\" class=\"alignnone wp-image-268604 size-full\" src=\"https:\/\/steelwrist.com\/wp-content\/uploads\/la-norme-hydraulique-Open-S.png\" alt=\"La norme hydraulique Open-S\" width=\"600\" height=\"344\" srcset=\"https:\/\/steelwrist.com\/wp-content\/uploads\/la-norme-hydraulique-Open-S.png 600w, https:\/\/steelwrist.com\/wp-content\/uploads\/la-norme-hydraulique-Open-S-300x172.png 300w, https:\/\/steelwrist.com\/wp-content\/uploads\/la-norme-hydraulique-Open-S-150x86.png 150w, https:\/\/steelwrist.com\/wp-content\/uploads\/la-norme-hydraulique-Open-S-24x14.png 24w, https:\/\/steelwrist.com\/wp-content\/uploads\/la-norme-hydraulique-Open-S-36x21.png 36w, https:\/\/steelwrist.com\/wp-content\/uploads\/la-norme-hydraulique-Open-S-48x28.png 48w, https:\/\/steelwrist.com\/wp-content\/uploads\/la-norme-hydraulique-Open-S-110x63.png 110w, https:\/\/steelwrist.com\/wp-content\/uploads\/la-norme-hydraulique-Open-S-75x43.png 75w\" sizes=\"auto, (max-width: 600px) 100vw, 600px\" \/><\/a><\/p>\n<p>&nbsp;<\/p>\n<p><strong>Rotor coupleurs : une nouvelle gamme chez Steelwrist<\/strong><br \/>\nTP &amp; Am\u00e9nagements, 20 mars 2024<\/p>\n<p><em>\u00ab\u00a0Avec le lancement des rotor coupleurs XR7 et XR20, Steelwrist ajoute une nouvelle gamme de produits \u00e0 son offre. Le rotor coupleur ajoute de la flexibilit\u00e9 et de l\u2019efficacit\u00e9 car il permet \u00e0 l\u2019outil de travail de tourner continuellement \u00e0 360 degr\u00e9s. En m\u00eame temps, l\u2019installation est facile car le rotor coupleur ne n\u00e9cessite aucun syst\u00e8me de commande sur l\u2019excavatrice. Avec les deux premiers mod\u00e8les, Steelwrist vise deux segments de machine importants, avec le XR7 pour les excavatrices de 4 \u00e0 7 tonnes et le XR20 pour les excavatrices de 14 \u00e0 20 tonnes.\u00a0\u00bb<\/em><\/p>\n<p><a href=\"https:\/\/tp-amenagements.fr\/materiel-chantier\/materiel-accessoires\/rotor-coupleurs-une-nouvelle-gamme-chez-steelwrist\/\" target=\"_blank\" rel=\"noopener\"><img loading=\"lazy\" decoding=\"async\" class=\"alignnone wp-image-266371 size-full\" src=\"https:\/\/steelwrist.com\/wp-content\/uploads\/Rotor-coupleur.png\" alt=\"Rotor coupleurs\" width=\"600\" height=\"417\" srcset=\"https:\/\/steelwrist.com\/wp-content\/uploads\/Rotor-coupleur.png 600w, https:\/\/steelwrist.com\/wp-content\/uploads\/Rotor-coupleur-300x209.png 300w, https:\/\/steelwrist.com\/wp-content\/uploads\/Rotor-coupleur-150x104.png 150w, https:\/\/steelwrist.com\/wp-content\/uploads\/Rotor-coupleur-24x17.png 24w, https:\/\/steelwrist.com\/wp-content\/uploads\/Rotor-coupleur-36x25.png 36w, https:\/\/steelwrist.com\/wp-content\/uploads\/Rotor-coupleur-48x33.png 48w, https:\/\/steelwrist.com\/wp-content\/uploads\/Rotor-coupleur-110x76.png 110w, https:\/\/steelwrist.com\/wp-content\/uploads\/Rotor-coupleur-75x52.png 75w\" sizes=\"auto, (max-width: 600px) 100vw, 600px\" \/><\/a><\/p>\n<p>&nbsp;<\/p>\n<p><strong>Des nouveaut\u00e9s dans tous les sens chez Steelwrist<\/strong><br \/>\nChantiers de France, 18 mars 2024<\/p>\n<p><em>\u00ab\u00a0Le fabricant su\u00e9dois a d\u00e9voil\u00e9 le 13 mars \u00e0 Hambourg le XTR20, le premier repr\u00e9sentant de sa troisi\u00e8me g\u00e9n\u00e9ration de porte-outils multidirectionnels. Ses \u00e9quipes ont \u00e9galement pr\u00e9sent\u00e9 des porte-outils rotatifs et de nouveaux outils.\u00a0\u00bb<\/em><\/p>\n<p><a href=\"https:\/\/www.chantiersdefrance.fr\/materiels\/nouveaute\/23958\/des-nouveautes-dans-tous-les-sens-chez-steelw\" target=\"_blank\" rel=\"noopener\"><img loading=\"lazy\" decoding=\"async\" class=\"alignnone wp-image-271603 size-full\" src=\"https:\/\/steelwrist.com\/wp-content\/uploads\/Le-XTR20.png\" alt=\"\" width=\"600\" height=\"344\" srcset=\"https:\/\/steelwrist.com\/wp-content\/uploads\/Le-XTR20.png 600w, https:\/\/steelwrist.com\/wp-content\/uploads\/Le-XTR20-300x172.png 300w, https:\/\/steelwrist.com\/wp-content\/uploads\/Le-XTR20-150x86.png 150w, https:\/\/steelwrist.com\/wp-content\/uploads\/Le-XTR20-24x14.png 24w, https:\/\/steelwrist.com\/wp-content\/uploads\/Le-XTR20-36x21.png 36w, https:\/\/steelwrist.com\/wp-content\/uploads\/Le-XTR20-48x28.png 48w, https:\/\/steelwrist.com\/wp-content\/uploads\/Le-XTR20-110x63.png 110w, https:\/\/steelwrist.com\/wp-content\/uploads\/Le-XTR20-75x43.png 75w\" sizes=\"auto, (max-width: 600px) 100vw, 600px\" \/><\/a><\/p>\n<p>&nbsp;<\/p>\n<p><strong>Steelwrist lancera un tiltrotateur de troisi\u00e8me g\u00e9n\u00e9ration lors de l\u2019inauguration \u00e0 Hambourg, les 13 et 14 mars 2024<\/strong><br \/>\nTerra, 15 jan. 2024<br \/>\n<a href=\"https:\/\/fr.terramag.be\/steelwrist-lancera-un-tiltrotateur-de-troisieme-generation-lors-de-linauguration-a-hambourg-les-13-et-14-mars-2024\/\" target=\"_blank\" rel=\"noopener\"><img loading=\"lazy\" decoding=\"async\" class=\"alignnone wp-image-254901 size-standard-size\" src=\"https:\/\/steelwrist.com\/wp-content\/uploads\/Steelwrist-lancera-un-tiltrotateur-660x437.png\" alt=\"Steelwrist lancera un tiltrotateur\" width=\"660\" height=\"437\" srcset=\"https:\/\/steelwrist.com\/wp-content\/uploads\/Steelwrist-lancera-un-tiltrotateur-660x437.png 660w, https:\/\/steelwrist.com\/wp-content\/uploads\/Steelwrist-lancera-un-tiltrotateur-300x199.png 300w, https:\/\/steelwrist.com\/wp-content\/uploads\/Steelwrist-lancera-un-tiltrotateur-768x509.png 768w, https:\/\/steelwrist.com\/wp-content\/uploads\/Steelwrist-lancera-un-tiltrotateur-150x99.png 150w, https:\/\/steelwrist.com\/wp-content\/uploads\/Steelwrist-lancera-un-tiltrotateur-24x16.png 24w, https:\/\/steelwrist.com\/wp-content\/uploads\/Steelwrist-lancera-un-tiltrotateur-36x24.png 36w, https:\/\/steelwrist.com\/wp-content\/uploads\/Steelwrist-lancera-un-tiltrotateur-48x32.png 48w, https:\/\/steelwrist.com\/wp-content\/uploads\/Steelwrist-lancera-un-tiltrotateur-110x73.png 110w, https:\/\/steelwrist.com\/wp-content\/uploads\/Steelwrist-lancera-un-tiltrotateur-75x50.png 75w, https:\/\/steelwrist.com\/wp-content\/uploads\/Steelwrist-lancera-un-tiltrotateur.png 806w\" sizes=\"auto, (max-width: 660px) 100vw, 660px\" \/><\/a><\/p>\n<p>&nbsp;<\/p>\n<p><strong>L\u2019attache rapide SQ80 de Steelwrist, Elle permet de faire l\u2019\u00e9conomie d\u2019une pelleteuse<\/strong><br \/>\nTerra, 23 nov. 2023<\/p>\n<p><a href=\"https:\/\/fr.terramag.be\/lattache-rapide-sq80-de-steelwrist-elle-permet-de-faire-leconomie-dune-pelleteuse\/\" target=\"_blank\" rel=\"noopener\"><img loading=\"lazy\" decoding=\"async\" class=\"alignnone wp-image-252135 size-standard-size\" src=\"https:\/\/steelwrist.com\/wp-content\/uploads\/Verhelst-Steelwrist-SQ80-584x440.png\" alt=\"attache rapide Steelwrist SQ80\" width=\"584\" height=\"440\" srcset=\"https:\/\/steelwrist.com\/wp-content\/uploads\/Verhelst-Steelwrist-SQ80-584x440.png 584w, https:\/\/steelwrist.com\/wp-content\/uploads\/Verhelst-Steelwrist-SQ80-300x226.png 300w, https:\/\/steelwrist.com\/wp-content\/uploads\/Verhelst-Steelwrist-SQ80-1024x771.png 1024w, https:\/\/steelwrist.com\/wp-content\/uploads\/Verhelst-Steelwrist-SQ80-768x578.png 768w, https:\/\/steelwrist.com\/wp-content\/uploads\/Verhelst-Steelwrist-SQ80-1536x1156.png 1536w, https:\/\/steelwrist.com\/wp-content\/uploads\/Verhelst-Steelwrist-SQ80-150x113.png 150w, https:\/\/steelwrist.com\/wp-content\/uploads\/Verhelst-Steelwrist-SQ80-24x18.png 24w, https:\/\/steelwrist.com\/wp-content\/uploads\/Verhelst-Steelwrist-SQ80-36x27.png 36w, https:\/\/steelwrist.com\/wp-content\/uploads\/Verhelst-Steelwrist-SQ80-48x36.png 48w, https:\/\/steelwrist.com\/wp-content\/uploads\/Verhelst-Steelwrist-SQ80-110x83.png 110w, https:\/\/steelwrist.com\/wp-content\/uploads\/Verhelst-Steelwrist-SQ80-75x56.png 75w, https:\/\/steelwrist.com\/wp-content\/uploads\/Verhelst-Steelwrist-SQ80.png 1610w\" sizes=\"auto, (max-width: 584px) 100vw, 584px\" \/><\/a><\/p>\n<p>&nbsp;<\/p>\n<p><strong>Steelwrist France inaugure son si\u00e8ge<\/strong><br \/>\nChantiers de France, 03\/07\/2023<br \/>\n<a href=\"https:\/\/www.chantiersdefrance.fr\/constructeurs\/20877\/steelwrist-france-inaugure-son-siege\" target=\"_blank\" rel=\"noopener\"><img loading=\"lazy\" decoding=\"async\" class=\"alignnone size-full wp-image-245161\" src=\"https:\/\/steelwrist.com\/wp-content\/uploads\/Screenshot-2023-08-01-at-09.42.49.png\" alt=\"Steelwrist France inaugure son si\u00e8ge\" width=\"500\" height=\"435\" srcset=\"https:\/\/steelwrist.com\/wp-content\/uploads\/Screenshot-2023-08-01-at-09.42.49.png 500w, https:\/\/steelwrist.com\/wp-content\/uploads\/Screenshot-2023-08-01-at-09.42.49-300x261.png 300w, https:\/\/steelwrist.com\/wp-content\/uploads\/Screenshot-2023-08-01-at-09.42.49-150x131.png 150w, https:\/\/steelwrist.com\/wp-content\/uploads\/Screenshot-2023-08-01-at-09.42.49-24x21.png 24w, https:\/\/steelwrist.com\/wp-content\/uploads\/Screenshot-2023-08-01-at-09.42.49-36x31.png 36w, https:\/\/steelwrist.com\/wp-content\/uploads\/Screenshot-2023-08-01-at-09.42.49-48x42.png 48w, https:\/\/steelwrist.com\/wp-content\/uploads\/Screenshot-2023-08-01-at-09.42.49-101x88.png 101w, https:\/\/steelwrist.com\/wp-content\/uploads\/Screenshot-2023-08-01-at-09.42.49-69x60.png 69w\" sizes=\"auto, (max-width: 500px) 100vw, 500px\" \/><\/a><\/p>\n<p>&nbsp;<\/p>\n<p><strong>Steelwrist au salon Conexpo \u00e0 Las Vegas, du 14 au 18 mars 2023<\/strong><br \/>\nTerra, 1 Mar. 2023<\/p>\n<p><a href=\"https:\/\/fr.terramag.be\/steelwrist-au-salon-conexpo-a-las-vegas-du-14-au-18-mars-2023\/\" target=\"_blank\" rel=\"noopener\"><img loading=\"lazy\" decoding=\"async\" class=\"alignnone wp-image-236538\" src=\"https:\/\/steelwrist.com\/wp-content\/uploads\/Screenshot-2023-03-03-at-11.28.35-660x427.png\" alt=\"Steelwrist au salon Conexpo 2023\" width=\"500\" height=\"323\" srcset=\"https:\/\/steelwrist.com\/wp-content\/uploads\/Screenshot-2023-03-03-at-11.28.35-660x427.png 660w, https:\/\/steelwrist.com\/wp-content\/uploads\/Screenshot-2023-03-03-at-11.28.35-300x194.png 300w, https:\/\/steelwrist.com\/wp-content\/uploads\/Screenshot-2023-03-03-at-11.28.35-768x497.png 768w, https:\/\/steelwrist.com\/wp-content\/uploads\/Screenshot-2023-03-03-at-11.28.35-150x97.png 150w, https:\/\/steelwrist.com\/wp-content\/uploads\/Screenshot-2023-03-03-at-11.28.35-24x16.png 24w, https:\/\/steelwrist.com\/wp-content\/uploads\/Screenshot-2023-03-03-at-11.28.35-36x23.png 36w, https:\/\/steelwrist.com\/wp-content\/uploads\/Screenshot-2023-03-03-at-11.28.35-48x31.png 48w, https:\/\/steelwrist.com\/wp-content\/uploads\/Screenshot-2023-03-03-at-11.28.35-110x71.png 110w, https:\/\/steelwrist.com\/wp-content\/uploads\/Screenshot-2023-03-03-at-11.28.35-75x49.png 75w, https:\/\/steelwrist.com\/wp-content\/uploads\/Screenshot-2023-03-03-at-11.28.35.png 821w\" sizes=\"auto, (max-width: 500px) 100vw, 500px\" \/><\/a><\/p>\n<p>&nbsp;<\/p>\n<p><strong>Steelwrist: Un syst\u00e8me innovant de tiltrotateurs pour les pelles hydraliques<br \/>\n<\/strong>C-News OpenMedias,\u00a007\/12\/2021<br \/>\n<strong>Video:<\/strong><\/p>\n<p><a href=\"https:\/\/www.cnews.fr\/videos\/conso\/2021-12-07\/steelwrist-un-systeme-innovant-de-tiltrotateurs-pour-les-pelles-hydrauliques\"><img loading=\"lazy\" decoding=\"async\" class=\"alignnone wp-image-224953\" src=\"https:\/\/steelwrist.com\/wp-content\/uploads\/Screenshot-2022-01-14-at-11.53.36-371x440.png\" alt=\"pelle tiltrotateur\" width=\"500\" height=\"593\" srcset=\"https:\/\/steelwrist.com\/wp-content\/uploads\/Screenshot-2022-01-14-at-11.53.36-371x440.png 371w, https:\/\/steelwrist.com\/wp-content\/uploads\/Screenshot-2022-01-14-at-11.53.36-253x300.png 253w, https:\/\/steelwrist.com\/wp-content\/uploads\/Screenshot-2022-01-14-at-11.53.36-768x911.png 768w, https:\/\/steelwrist.com\/wp-content\/uploads\/Screenshot-2022-01-14-at-11.53.36-863x1024.png 863w, https:\/\/steelwrist.com\/wp-content\/uploads\/Screenshot-2022-01-14-at-11.53.36-126x150.png 126w, https:\/\/steelwrist.com\/wp-content\/uploads\/Screenshot-2022-01-14-at-11.53.36-20x24.png 20w, https:\/\/steelwrist.com\/wp-content\/uploads\/Screenshot-2022-01-14-at-11.53.36-30x36.png 30w, https:\/\/steelwrist.com\/wp-content\/uploads\/Screenshot-2022-01-14-at-11.53.36-40x48.png 40w, https:\/\/steelwrist.com\/wp-content\/uploads\/Screenshot-2022-01-14-at-11.53.36-74x88.png 74w, https:\/\/steelwrist.com\/wp-content\/uploads\/Screenshot-2022-01-14-at-11.53.36-51x60.png 51w, https:\/\/steelwrist.com\/wp-content\/uploads\/Screenshot-2022-01-14-at-11.53.36.png 1062w\" sizes=\"auto, (max-width: 500px) 100vw, 500px\" \/><\/a><\/p>\n<p>&nbsp;<\/p>\n","protected":false},"excerpt":{"rendered":"<p>Le SQ40, un nouveau coupleur rapide chez Steelwrist TP &amp; Am\u00e9nagements, 30 octobre 2025 &nbsp; Gearing up for the next 20 years of commitment to efficiency for excavators Plant Planet magazine, December 13, 2024 In 2025 Steelwrist celebrates 20 years&#8230;<\/p>\n","protected":false},"author":12,"featured_media":0,"parent":304543,"menu_order":0,"comment_status":"closed","ping_status":"closed","template":"","meta":{"footnotes":""},"class_list":["post-304475","page","type-page","status-publish","hentry"],"acf":[],"_links":{"self":[{"href":"https:\/\/steelwrist.com\/fr-be\/wp-json\/wp\/v2\/pages\/304475","targetHints":{"allow":["GET"]}}],"collection":[{"href":"https:\/\/steelwrist.com\/fr-be\/wp-json\/wp\/v2\/pages"}],"about":[{"href":"https:\/\/steelwrist.com\/fr-be\/wp-json\/wp\/v2\/types\/page"}],"author":[{"embeddable":true,"href":"https:\/\/steelwrist.com\/fr-be\/wp-json\/wp\/v2\/users\/12"}],"replies":[{"embeddable":true,"href":"https:\/\/steelwrist.com\/fr-be\/wp-json\/wp\/v2\/comments?post=304475"}],"version-history":[{"count":0,"href":"https:\/\/steelwrist.com\/fr-be\/wp-json\/wp\/v2\/pages\/304475\/revisions"}],"up":[{"embeddable":true,"href":"https:\/\/steelwrist.com\/fr-be\/wp-json\/wp\/v2\/pages\/304543"}],"wp:attachment":[{"href":"https:\/\/steelwrist.com\/fr-be\/wp-json\/wp\/v2\/media?parent=304475"}],"curies":[{"name":"wp","href":"https:\/\/api.w.org\/{rel}","templated":true}]}}