{"id":304474,"date":"2016-05-19T15:38:59","date_gmt":"2016-05-19T13:38:59","guid":{"rendered":"https:\/\/steelwrist.com\/les-valeurs-fondamentales-de-steelwrist\/"},"modified":"2016-05-19T15:38:59","modified_gmt":"2016-05-19T13:38:59","slug":"les-valeurs-fondamentales-de-steelwrist","status":"publish","type":"page","link":"https:\/\/steelwrist.com\/fr-be\/a-propos-de-steelwrist\/les-valeurs-fondamentales-de-steelwrist\/","title":{"rendered":"Les valeurs fondamentales de Steelwrist"},"content":{"rendered":"<h2>Les valeurs fondamentales de Steelwrist<\/h2>\n<p>Trois valeurs fondamentales, ainsi que nos politiques de qualit\u00e9 et de l&rsquo;environnement, montrent la fa\u00e7on dont nous voulons travailler avec les clients, concessionnaires, fournisseurs et employ\u00e9s.<\/p>\n<h3>R\u00e9activit\u00e9e<\/h3>\n<p>Nous sommes r\u00e9actifs et travaillons activement \u00e0 l&rsquo;\u00e9coute de ce que nos clients veulent. Nous demandons jusqu&rsquo;\u00e0 ce que nous ayons compris, et nous essayons d&rsquo;\u00eatre clairs dans nos communications.<\/p>\n<p>Dans notre travail quotidien, cela signifie que nous nous effor\u00e7ons activement d&rsquo;obtenir des commentaires et des suggestions de nos clients, fournisseurs et employ\u00e9s pour l&rsquo;am\u00e9lioration.<\/p>\n<h3>Simplicit\u00e9<\/h3>\n<p>Si quelque chose peut \u00eatre fait plus facilement, c&rsquo;est notre objectif de le faire. Nous nous effor\u00e7ons de rendre nos produits et processus de travail aussi simples que possible.<\/p>\n<h3>Rapidit\u00e9<\/h3>\n<p>Nous nous effor\u00e7ons de raccourcir le temps de r\u00e9ponse dans tous les contacts avec les clients, tels que diffusion, support technique et service. En tant qu&rsquo;organisation, nous nous effor\u00e7ons d&rsquo;avoir un avantage concurrentiel gr\u00e2ce \u00e0 l&rsquo;apprentissage rapide.<\/p>\n<p>Dans notre travail quotidien, cela signifie que nous essayons d&rsquo;\u00eatre disponible chaque fois que le client a besoin de nous et que notre service de pi\u00e8ces d\u00e9tach\u00e9es peut \u00eatre en mesure d&rsquo;exp\u00e9dier les composants cl\u00e9s dans un delais tr\u00e9s court.<\/p>\n","protected":false},"excerpt":{"rendered":"<p>Les valeurs fondamentales de Steelwrist Trois valeurs fondamentales, ainsi que nos politiques de qualit\u00e9 et de l&rsquo;environnement, montrent la fa\u00e7on dont nous voulons travailler avec les clients, concessionnaires, fournisseurs et employ\u00e9s. R\u00e9activit\u00e9e Nous sommes r\u00e9actifs et travaillons activement \u00e0 l&rsquo;\u00e9coute&#8230;<\/p>\n","protected":false},"author":12,"featured_media":0,"parent":304543,"menu_order":0,"comment_status":"closed","ping_status":"closed","template":"template-onlysections.php","meta":{"footnotes":""},"class_list":["post-304474","page","type-page","status-publish","hentry"],"acf":[],"_links":{"self":[{"href":"https:\/\/steelwrist.com\/fr-be\/wp-json\/wp\/v2\/pages\/304474","targetHints":{"allow":["GET"]}}],"collection":[{"href":"https:\/\/steelwrist.com\/fr-be\/wp-json\/wp\/v2\/pages"}],"about":[{"href":"https:\/\/steelwrist.com\/fr-be\/wp-json\/wp\/v2\/types\/page"}],"author":[{"embeddable":true,"href":"https:\/\/steelwrist.com\/fr-be\/wp-json\/wp\/v2\/users\/12"}],"replies":[{"embeddable":true,"href":"https:\/\/steelwrist.com\/fr-be\/wp-json\/wp\/v2\/comments?post=304474"}],"version-history":[{"count":0,"href":"https:\/\/steelwrist.com\/fr-be\/wp-json\/wp\/v2\/pages\/304474\/revisions"}],"up":[{"embeddable":true,"href":"https:\/\/steelwrist.com\/fr-be\/wp-json\/wp\/v2\/pages\/304543"}],"wp:attachment":[{"href":"https:\/\/steelwrist.com\/fr-be\/wp-json\/wp\/v2\/media?parent=304474"}],"curies":[{"name":"wp","href":"https:\/\/api.w.org\/{rel}","templated":true}]}}