{"id":17314,"date":"2013-02-21T22:41:51","date_gmt":"2013-02-21T21:41:51","guid":{"rendered":"https:\/\/steelwrist.com\/fi\/press\/"},"modified":"2026-02-09T10:56:06","modified_gmt":"2026-02-09T09:56:06","slug":"lehdisto","status":"publish","type":"page","link":"https:\/\/steelwrist.com\/fi\/lehdisto\/","title":{"rendered":"Lehdist\u00f6"},"content":{"rendered":"<p>T\u00e4ss\u00e4 on medialle tietoa, kuten korkearesoluutioisia kuvia ja Steelwrist logo.\u00a0Materiaalia ja kuvia saa k\u00e4ytt\u00e4\u00e4 vapaasti niin pitk\u00e4\u00e4n kuin l\u00e4hde on mainittu.<\/p>\n<h3>Kontaktit<\/h3>\n<p><strong>Lehdist\u00f6\u00e4 koskevissa asioissa:<\/strong><br \/>\nStefan Stockhaus, puhelin <a href=\"tel:+46709981321\" target=\"_blank\" rel=\"noopener noreferrer\">+46 70 998 13 21<\/a>,\u00a0<a href=\"mailto:stefan.stockhaus@steelwrist.com\" target=\"_blank\" rel=\"noopener noreferrer\">e-mail<\/a>.<br \/>\nKarl Serneberg, puhelin <a href=\"tel:+46702619811\" target=\"_blank\" rel=\"noopener\">+46 70 261 98 11<\/a>, <a href=\"mailto:karl.serneberg@steelwrist.com\" target=\"_blank\" rel=\"noopener\">e-mail<\/a>.<br \/>\nMarianne Johansson, puhelin <a href=\"tel:+46734747697\" target=\"_blank\" rel=\"noopener\">+ 46 73 474 76 97<\/a>, <a href=\"mailto:marianne.johansson@steelwrist.com\" target=\"_blank\" rel=\"noopener\">e-mail<\/a>.<\/p>\n<p><strong>Mainostamista, tulostusta ja digitaalisesti varten:<\/strong><br \/>\nMaria Kreitz, puhelin <a href=\"tel:+46709981325\">+46 70 998 13 25<\/a>, <a href=\"mailto:maria.kreitz@steelwrist.com\" target=\"_blank\" rel=\"noopener\">e-mail<\/a>.<br \/>\nHelen Westling, puhelin <a href=\"tel:+46734747699\">+46 73 474 76 99<\/a><a href=\"tel:+46734747699\"><span style=\"color: #010202; font-family: arial, helvetica, verdana, tahoma, sans-serif;\">,<\/span><\/a><span style=\"color: #010202; font-family: arial, helvetica, verdana, tahoma, sans-serif;\">\u00a0<\/span><a href=\"mailto:helen.westling@steelwrist.com\" target=\"_blank\" rel=\"noopener\">e-mail<\/a>.<\/p>\n<p><strong>Sosiaalinen media:<\/strong><br \/>\nMimmi Sj\u00f6lin, puhelin <a href=\"tel:+46764956682\">+46 76 495 66 82<\/a>,\u00a0<a href=\"mailto:mimmi.sjolin@steelwrist.com\">e-mail<\/a>.<\/p>\n<div><strong>E-learning:<\/strong><\/div>\n<div>Karl-Henrik Krantz, puhelin <a href=\"tel:+4672-0509032\">+46 72 050 90 32<\/a>, <a href=\"mailto:karl.krantz@steelwrist.com\">e-mail<\/a>.<\/div>\n","protected":false},"excerpt":{"rendered":"<p>T\u00e4ss\u00e4 on medialle tietoa, kuten korkearesoluutioisia kuvia ja Steelwrist logo.\u00a0Materiaalia ja kuvia saa k\u00e4ytt\u00e4\u00e4 vapaasti niin pitk\u00e4\u00e4n kuin l\u00e4hde on mainittu. Kontaktit Lehdist\u00f6\u00e4 koskevissa asioissa: Stefan Stockhaus, puhelin +46 70 998 13 21,\u00a0e-mail. Karl Serneberg, puhelin +46 70 261 98&#8230;<\/p>\n","protected":false},"author":1,"featured_media":0,"parent":0,"menu_order":101,"comment_status":"closed","ping_status":"closed","template":"","meta":{"footnotes":""},"class_list":["post-17314","page","type-page","status-publish","hentry"],"acf":[],"_links":{"self":[{"href":"https:\/\/steelwrist.com\/fi\/wp-json\/wp\/v2\/pages\/17314","targetHints":{"allow":["GET"]}}],"collection":[{"href":"https:\/\/steelwrist.com\/fi\/wp-json\/wp\/v2\/pages"}],"about":[{"href":"https:\/\/steelwrist.com\/fi\/wp-json\/wp\/v2\/types\/page"}],"author":[{"embeddable":true,"href":"https:\/\/steelwrist.com\/fi\/wp-json\/wp\/v2\/users\/1"}],"replies":[{"embeddable":true,"href":"https:\/\/steelwrist.com\/fi\/wp-json\/wp\/v2\/comments?post=17314"}],"version-history":[{"count":6,"href":"https:\/\/steelwrist.com\/fi\/wp-json\/wp\/v2\/pages\/17314\/revisions"}],"predecessor-version":[{"id":289318,"href":"https:\/\/steelwrist.com\/fi\/wp-json\/wp\/v2\/pages\/17314\/revisions\/289318"}],"wp:attachment":[{"href":"https:\/\/steelwrist.com\/fi\/wp-json\/wp\/v2\/media?parent=17314"}],"curies":[{"name":"wp","href":"https:\/\/api.w.org\/{rel}","templated":true}]}}