{"id":15782,"date":"2016-03-15T14:47:41","date_gmt":"2016-03-15T13:47:41","guid":{"rendered":"https:\/\/steelwrist.com\/fi\/sinun-kaivukoneesi\/hidromek\/"},"modified":"2026-01-13T13:08:53","modified_gmt":"2026-01-13T12:08:53","slug":"hidromek","status":"publish","type":"page","link":"https:\/\/steelwrist.com\/fi\/sinun-kaivukoneesi\/hidromek\/","title":{"rendered":"Hidromek"},"content":{"rendered":"<p>Riippumatta siit\u00e4, tarvitsetko turvallisen ja vankan pikakiinikkeen, kehittyneemm\u00e4n kallistuvan- tai py\u00f6riv\u00e4n liittimen tai tehokkaimman rototiltin, meill\u00e4 on ratkaisu sinulle. Valitse laajasta valikoimasta lis\u00e4laitteita, ty\u00f6v\u00e4lineit\u00e4 ja kauhoja, jotka kaikki on suunniteltu toimimaan t\u00e4ydellisesti kauhanpy\u00f6ritt\u00e4j\u00e4n kanssa. Koneesi tulee olemaan valmis monenlaisiin teht\u00e4viin, olipa kyse sitten kaivamisesta, nostamisesta, tasoittamisesta, lajittelusta, tiivist\u00e4misest\u00e4, purkamisesta jne.<\/p>\n<p><span data-sheets-root=\"1\">Suodata painon mukaan Steelwristin laitteet, jotta l\u00f6yd\u00e4t sopivan laitteen.<\/span><\/p>\n<h4><strong><span data-sheets-root=\"1\">KYSYTT\u00c4V\u00c4\u00c4<\/span>?<\/strong><\/h4>\n<p><span data-sheets-root=\"1\">Kysy j\u00e4lleenmyyj\u00e4lt\u00e4si tarjousta tai soita numeroon <a href=\"tel:+358753255260\">075 32 55 260<\/a>, niin autamme mielell\u00e4mme.<\/span><\/p>\n\n","protected":false},"excerpt":{"rendered":"","protected":false},"author":12,"featured_media":0,"parent":4748,"menu_order":12,"comment_status":"closed","ping_status":"closed","template":"template-excavator-brand.php","meta":{"footnotes":""},"class_list":["post-15782","page","type-page","status-publish","hentry"],"acf":[],"_links":{"self":[{"href":"https:\/\/steelwrist.com\/fi\/wp-json\/wp\/v2\/pages\/15782","targetHints":{"allow":["GET"]}}],"collection":[{"href":"https:\/\/steelwrist.com\/fi\/wp-json\/wp\/v2\/pages"}],"about":[{"href":"https:\/\/steelwrist.com\/fi\/wp-json\/wp\/v2\/types\/page"}],"author":[{"embeddable":true,"href":"https:\/\/steelwrist.com\/fi\/wp-json\/wp\/v2\/users\/12"}],"replies":[{"embeddable":true,"href":"https:\/\/steelwrist.com\/fi\/wp-json\/wp\/v2\/comments?post=15782"}],"version-history":[{"count":5,"href":"https:\/\/steelwrist.com\/fi\/wp-json\/wp\/v2\/pages\/15782\/revisions"}],"predecessor-version":[{"id":311345,"href":"https:\/\/steelwrist.com\/fi\/wp-json\/wp\/v2\/pages\/15782\/revisions\/311345"}],"up":[{"embeddable":true,"href":"https:\/\/steelwrist.com\/fi\/wp-json\/wp\/v2\/pages\/4748"}],"wp:attachment":[{"href":"https:\/\/steelwrist.com\/fi\/wp-json\/wp\/v2\/media?parent=15782"}],"curies":[{"name":"wp","href":"https:\/\/api.w.org\/{rel}","templated":true}]}}