{"id":15753,"date":"2016-02-17T14:36:51","date_gmt":"2016-02-17T13:36:51","guid":{"rendered":"https:\/\/steelwrist.com\/fi\/service\/produktregistrering\/"},"modified":"2020-11-03T10:27:13","modified_gmt":"2020-11-03T09:27:13","slug":"tuoterekisterointi","status":"publish","type":"page","link":"https:\/\/steelwrist.com\/fi\/huolto\/tuoterekisterointi\/","title":{"rendered":"Tuoterekister\u00f6inti"},"content":{"rendered":"<p class=\"ingress\">T\u00e4ss\u00e4 voit suorittaa tuoterekister\u00f6innin sek\u00e4 varkaussuojausmerkint\u00e4 DATATAG:kia silm\u00e4ll\u00e4 pit\u00e4en ett\u00e4 lis\u00e4takuun hoitamiseen.<\/p>\n<p>Mik\u00e4li olet valinnut varkaussuojamerkinn\u00e4n (DATATAG) voit neuvotella vakuutusyhti\u00f6si kanssa hinnan alennuksesta. DATADAGilla tulee Steelwristisi rekister\u00f6idyksi 190 maassa Cesar -systeemin sis\u00e4ll\u00e4. Mik\u00e4li haluat varmistaa pidennetyn takuun sinun rekister\u00f6id\u00e4 tuotteesi kuukauden sis\u00e4ll\u00e4 siit\u00e4, kun olet saanut laitteen k\u00e4ytt\u00f6\u00f6si. Kaikki j\u00e4tt\u00e4m\u00e4si tiedot suojataan PUL -j\u00e4rjestelm\u00e4\u00e4n.<\/p>\n<p>Rekister\u00f6i laitteesi t\u00e4\u00e4ll\u00e4:<\/p>\n<p><iframe src=\"https:\/\/pages.upsales.com\/6936ueaa4b705c9a7486187a3a48a5d3d75d7-frame\" \t\twidth=\"100%\" \t\theight=\"1192\" \t\tstyle=\"border:0\"><\/iframe><\/p>\n","protected":false},"excerpt":{"rendered":"<p>T\u00e4ss\u00e4 voit suorittaa tuoterekister\u00f6innin sek\u00e4 varkaussuojausmerkint\u00e4 DATATAG:kia silm\u00e4ll\u00e4 pit\u00e4en ett\u00e4 lis\u00e4takuun hoitamiseen. Mik\u00e4li olet valinnut varkaussuojamerkinn\u00e4n (DATATAG) voit neuvotella vakuutusyhti\u00f6si kanssa hinnan alennuksesta. DATADAGilla tulee Steelwristisi rekister\u00f6idyksi 190 maassa Cesar -systeemin sis\u00e4ll\u00e4. Mik\u00e4li haluat varmistaa pidennetyn takuun sinun rekister\u00f6id\u00e4 tuotteesi&#8230;<\/p>\n","protected":false},"author":1,"featured_media":0,"parent":15126,"menu_order":21,"comment_status":"closed","ping_status":"closed","template":"","meta":{"footnotes":""},"class_list":["post-15753","page","type-page","status-publish","hentry"],"acf":[],"_links":{"self":[{"href":"https:\/\/steelwrist.com\/fi\/wp-json\/wp\/v2\/pages\/15753","targetHints":{"allow":["GET"]}}],"collection":[{"href":"https:\/\/steelwrist.com\/fi\/wp-json\/wp\/v2\/pages"}],"about":[{"href":"https:\/\/steelwrist.com\/fi\/wp-json\/wp\/v2\/types\/page"}],"author":[{"embeddable":true,"href":"https:\/\/steelwrist.com\/fi\/wp-json\/wp\/v2\/users\/1"}],"replies":[{"embeddable":true,"href":"https:\/\/steelwrist.com\/fi\/wp-json\/wp\/v2\/comments?post=15753"}],"version-history":[{"count":5,"href":"https:\/\/steelwrist.com\/fi\/wp-json\/wp\/v2\/pages\/15753\/revisions"}],"predecessor-version":[{"id":42764,"href":"https:\/\/steelwrist.com\/fi\/wp-json\/wp\/v2\/pages\/15753\/revisions\/42764"}],"up":[{"embeddable":true,"href":"https:\/\/steelwrist.com\/fi\/wp-json\/wp\/v2\/pages\/15126"}],"wp:attachment":[{"href":"https:\/\/steelwrist.com\/fi\/wp-json\/wp\/v2\/media?parent=15753"}],"curies":[{"name":"wp","href":"https:\/\/api.w.org\/{rel}","templated":true}]}}