{"id":15746,"date":"2016-04-04T14:29:32","date_gmt":"2016-04-04T12:29:32","guid":{"rendered":"https:\/\/steelwrist.com\/fi\/service\/offert-tiltrotator\/"},"modified":"2024-10-17T15:16:55","modified_gmt":"2024-10-17T13:16:55","slug":"tarjouspyynto","status":"publish","type":"page","link":"https:\/\/steelwrist.com\/fi\/huolto\/tarjouspyynto\/","title":{"rendered":"Pyyd\u00e4 tarjous"},"content":{"rendered":"<p><span data-sheets-root=\"1\">Ota meihin yhteytt\u00e4 tuotteittemme hintojen osalta. T\u00e4yt\u00e4 oheinen lomake l\u00e4hett\u00e4\u00e4ksesi se myyntiosastolle tai soita meille 040 179 8108, 040 179 0019 tai 040 179 7238 ja varmistamme, ett\u00e4 saat apua.<\/p>\n<p><\/span><\/p>\n<p><iframe loading=\"lazy\" style=\"border: 0;\" src=\"https:\/\/pages.upsales.com\/6936u5e4c9a78742d40debaedd0ea4f8b830f-frame\" width=\"100%\" height=\"1450\"><\/iframe><\/p>\n","protected":false},"excerpt":{"rendered":"<p>Ota meihin yhteytt\u00e4 tuotteittemme hintojen osalta. T\u00e4yt\u00e4 oheinen lomake l\u00e4hett\u00e4\u00e4ksesi se myyntiosastolle tai soita meille 040 179 8108, 040 179 0019 tai 040 179 7238 ja varmistamme, ett\u00e4 saat apua.<\/p>\n","protected":false},"author":12,"featured_media":0,"parent":15126,"menu_order":8,"comment_status":"closed","ping_status":"closed","template":"","meta":{"footnotes":""},"class_list":["post-15746","page","type-page","status-publish","hentry"],"acf":[],"_links":{"self":[{"href":"https:\/\/steelwrist.com\/fi\/wp-json\/wp\/v2\/pages\/15746","targetHints":{"allow":["GET"]}}],"collection":[{"href":"https:\/\/steelwrist.com\/fi\/wp-json\/wp\/v2\/pages"}],"about":[{"href":"https:\/\/steelwrist.com\/fi\/wp-json\/wp\/v2\/types\/page"}],"author":[{"embeddable":true,"href":"https:\/\/steelwrist.com\/fi\/wp-json\/wp\/v2\/users\/12"}],"replies":[{"embeddable":true,"href":"https:\/\/steelwrist.com\/fi\/wp-json\/wp\/v2\/comments?post=15746"}],"version-history":[{"count":7,"href":"https:\/\/steelwrist.com\/fi\/wp-json\/wp\/v2\/pages\/15746\/revisions"}],"predecessor-version":[{"id":276734,"href":"https:\/\/steelwrist.com\/fi\/wp-json\/wp\/v2\/pages\/15746\/revisions\/276734"}],"up":[{"embeddable":true,"href":"https:\/\/steelwrist.com\/fi\/wp-json\/wp\/v2\/pages\/15126"}],"wp:attachment":[{"href":"https:\/\/steelwrist.com\/fi\/wp-json\/wp\/v2\/media?parent=15746"}],"curies":[{"name":"wp","href":"https:\/\/api.w.org\/{rel}","templated":true}]}}