{"id":15737,"date":"2016-02-17T14:36:23","date_gmt":"2016-02-17T13:36:23","guid":{"rendered":"https:\/\/steelwrist.com\/fi\/service\/utbildning\/"},"modified":"2020-11-03T10:18:33","modified_gmt":"2020-11-03T09:18:33","slug":"koulutus","status":"publish","type":"page","link":"https:\/\/steelwrist.com\/fi\/huolto\/koulutus\/","title":{"rendered":"Koulutus"},"content":{"rendered":"<h2>P\u00e4ivit\u00e4 tietosi liittyen huoltoon ja asennukseen<\/h2>\n<p>Tarjoamme koulutusta yhteisty\u00f6kumppaneillemme. Ota yhteys tekniseen tukeemme. J\u00e4rjest\u00e4mme koulutusta huoltoyhteisty\u00f6kumppaneillemme sek\u00e4 heid\u00e4n tiloissaan ett\u00e4 tehtaamme koulutustiloissa.<\/p>\n<p><iframe src=\"https:\/\/pages.upsales.com\/6936u91bdfc45d77641ffb1e486af9dd7018d-frame\" \t\twidth=\"100%\" \t\theight=\"674\" \t\tstyle=\"border:0\"><\/iframe><\/p>\n","protected":false},"excerpt":{"rendered":"<p>P\u00e4ivit\u00e4 tietosi liittyen huoltoon ja asennukseen Tarjoamme koulutusta yhteisty\u00f6kumppaneillemme. Ota yhteys tekniseen tukeemme. J\u00e4rjest\u00e4mme koulutusta huoltoyhteisty\u00f6kumppaneillemme sek\u00e4 heid\u00e4n tiloissaan ett\u00e4 tehtaamme koulutustiloissa.<\/p>\n","protected":false},"author":1,"featured_media":0,"parent":15126,"menu_order":0,"comment_status":"closed","ping_status":"closed","template":"","meta":{"footnotes":""},"class_list":["post-15737","page","type-page","status-publish","hentry"],"acf":[],"_links":{"self":[{"href":"https:\/\/steelwrist.com\/fi\/wp-json\/wp\/v2\/pages\/15737","targetHints":{"allow":["GET"]}}],"collection":[{"href":"https:\/\/steelwrist.com\/fi\/wp-json\/wp\/v2\/pages"}],"about":[{"href":"https:\/\/steelwrist.com\/fi\/wp-json\/wp\/v2\/types\/page"}],"author":[{"embeddable":true,"href":"https:\/\/steelwrist.com\/fi\/wp-json\/wp\/v2\/users\/1"}],"replies":[{"embeddable":true,"href":"https:\/\/steelwrist.com\/fi\/wp-json\/wp\/v2\/comments?post=15737"}],"version-history":[{"count":5,"href":"https:\/\/steelwrist.com\/fi\/wp-json\/wp\/v2\/pages\/15737\/revisions"}],"predecessor-version":[{"id":206593,"href":"https:\/\/steelwrist.com\/fi\/wp-json\/wp\/v2\/pages\/15737\/revisions\/206593"}],"up":[{"embeddable":true,"href":"https:\/\/steelwrist.com\/fi\/wp-json\/wp\/v2\/pages\/15126"}],"wp:attachment":[{"href":"https:\/\/steelwrist.com\/fi\/wp-json\/wp\/v2\/media?parent=15737"}],"curies":[{"name":"wp","href":"https:\/\/api.w.org\/{rel}","templated":true}]}}