{"id":15724,"date":"2016-02-17T14:35:32","date_gmt":"2016-02-17T13:35:32","guid":{"rendered":"https:\/\/steelwrist.com\/fi\/service\/reservdelar\/"},"modified":"2025-12-17T11:15:21","modified_gmt":"2025-12-17T10:15:21","slug":"varaosat","status":"publish","type":"page","link":"https:\/\/steelwrist.com\/fi\/huolto\/varaosat\/","title":{"rendered":"Varaosat"},"content":{"rendered":"<p><span data-sheets-root=\"1\" data-sheets-value=\"{&quot;1&quot;:2,&quot;2&quot;:&quot;Mik\u00e4li tarvitset varaosia, on olemassa useita vaihtoehtoja: &quot;}\" data-sheets-userformat=\"{&quot;2&quot;:771,&quot;3&quot;:{&quot;1&quot;:0},&quot;4&quot;:{&quot;1&quot;:2,&quot;2&quot;:4884200},&quot;11&quot;:4,&quot;12&quot;:0}\">Mik\u00e4li tarvitset varaosia, on olemassa useita vaihtoehtoja: <\/span><\/p>\n<ul>\n<li>Ota yhteytt\u00e4 <a href=\"https:\/\/steelwrist.com\/fi\/jalleenmyyja\/\">j\u00e4lleenmyyj\u00e4\u00e4si<\/a>, jolta olet ostanut Steelwrist-tuotteesi. Monilla j\u00e4lleenmyyjill\u00e4 on varaosia varastossaan.<\/li>\n<li>Etsi l\u00e4hin j\u00e4lleenmyyj\u00e4si t\u00e4\u00e4lt\u00e4, soita meid\u00e4n varaosanumeroon <a href=\"tel:+35875326622\">075 326 622<\/a> ja me autamme sinua. Meid\u00e4t l\u00f6yd\u00e4t osoitteesta Titangatan 9, Rosesberg, Ruotsi. Osat, jotka on tilattu ennen klo 14:00 l\u00e4htev\u00e4t saman p\u00e4iv\u00e4n aikana. Varastomme sijaitsee tehtaamme kanssa samassa osoitteessa.<\/li>\n<\/ul>\n<h4>Tarvitsetko apua oikeiden varaosien l\u00f6yt\u00e4misess\u00e4?<\/h4>\n<p>On olemassa erilaisia varaosavaihtoehtoja, jos et ole varma mit\u00e4 tarvitset:<\/p>\n<ul>\n<li>Kirjaudu sis\u00e4\u00e4n Steelwrist <a href=\"https:\/\/portal-se.steelwrist.com\/?userlogin=true\" target=\"_blank\" rel=\"noopener\">Steelwrist Portal<\/a> ja etsi oikeat osat.<\/li>\n<li>Kirjautumispainikkeen l\u00f6yd\u00e4t oikeasta yl\u00e4kulmasta.<\/li>\n<li>Ota yhteytt\u00e4 Steelwrist-tukeen <a style=\"background-color: #ffffff;\" href=\"tel:+35875326622\">075 326 622<\/a><\/li>\n<li>Tai l\u00e4het\u00e4 <a href=\"mail: supportfi@steelwrist.com\">meille<\/a> s\u00e4hk\u00f6postia niin me autamme sinua.<\/li>\n<\/ul>\n<p>Varaosia voi toimittaa huoltoliike tai j\u00e4lleenmyyj\u00e4mme, mutta varastointia puolestamme hoitavat n\u00e4m\u00e4 kumppanimme:<\/p>\n<p><strong>Kaikkien tuotteiden varaosat<br \/>\n<\/strong><strong>Rastar Oy\u00a0<\/strong>Puh:\u00a0<a href=\"tel:+358400602513\">040 060 25 13<\/a>\u00a0Mail:\u00a0<a href=\"mailto:rastar@rastar.fi\">rastar@rastar.fi<\/a><\/p>\n<p><strong>Pikakiinnikkeiden varaosat<br \/>\n<\/strong><strong>Minimum Agent\u00a0<\/strong>Puh:\u00a0<a href=\"tel:+358408342178\">040 834 21 78 <\/a>Mail:\u00a0<a href=\"mailto:kalle@minimumagent.com\">kalle@minimumagent.com<\/a><br \/>\n<strong>Hansa-Machines <\/strong>Puh:\u00a0<a href=\"tel:+358400638128\">040 063 81 28 <\/a>Mail:\u00a0<a href=\"mailto:tero.tommila@hansamachines.fi\">tero.tommila@hansamachines.fi<\/a><\/p>\n<h2><span data-sheets-root=\"1\" data-sheets-value=\"{&quot;1&quot;:2,&quot;2&quot;:&quot;Teknisen tuen aukioloajat&quot;}\" data-sheets-userformat=\"{&quot;2&quot;:17155,&quot;3&quot;:{&quot;1&quot;:0},&quot;4&quot;:{&quot;1&quot;:2,&quot;2&quot;:4884200},&quot;11&quot;:4,&quot;12&quot;:0,&quot;17&quot;:1}\">Teknisen tuen aukioloajat<\/span><\/h2>\n<p><span data-sheets-root=\"1\" data-sheets-value=\"{&quot;1&quot;:2,&quot;2&quot;:&quot;Arkisin 8:00-16:00&quot;}\" data-sheets-userformat=\"{&quot;2&quot;:771,&quot;3&quot;:{&quot;1&quot;:0},&quot;4&quot;:{&quot;1&quot;:2,&quot;2&quot;:4884200},&quot;11&quot;:4,&quot;12&quot;:0}\">Arkisin 8:00-16:00<\/span><\/p>\n","protected":false},"excerpt":{"rendered":"<p>Mik\u00e4li tarvitset varaosia, on olemassa useita vaihtoehtoja: Ota yhteytt\u00e4 j\u00e4lleenmyyj\u00e4\u00e4si, jolta olet ostanut Steelwrist-tuotteesi. Monilla j\u00e4lleenmyyjill\u00e4 on varaosia varastossaan. Etsi l\u00e4hin j\u00e4lleenmyyj\u00e4si t\u00e4\u00e4lt\u00e4, soita meid\u00e4n varaosanumeroon 075 326 622 ja me autamme sinua. Meid\u00e4t l\u00f6yd\u00e4t osoitteesta Titangatan 9, Rosesberg, Ruotsi&#8230;.<\/p>\n","protected":false},"author":1,"featured_media":0,"parent":15126,"menu_order":0,"comment_status":"closed","ping_status":"closed","template":"","meta":{"footnotes":""},"class_list":["post-15724","page","type-page","status-publish","hentry"],"acf":[],"_links":{"self":[{"href":"https:\/\/steelwrist.com\/fi\/wp-json\/wp\/v2\/pages\/15724","targetHints":{"allow":["GET"]}}],"collection":[{"href":"https:\/\/steelwrist.com\/fi\/wp-json\/wp\/v2\/pages"}],"about":[{"href":"https:\/\/steelwrist.com\/fi\/wp-json\/wp\/v2\/types\/page"}],"author":[{"embeddable":true,"href":"https:\/\/steelwrist.com\/fi\/wp-json\/wp\/v2\/users\/1"}],"replies":[{"embeddable":true,"href":"https:\/\/steelwrist.com\/fi\/wp-json\/wp\/v2\/comments?post=15724"}],"version-history":[{"count":6,"href":"https:\/\/steelwrist.com\/fi\/wp-json\/wp\/v2\/pages\/15724\/revisions"}],"predecessor-version":[{"id":309582,"href":"https:\/\/steelwrist.com\/fi\/wp-json\/wp\/v2\/pages\/15724\/revisions\/309582"}],"up":[{"embeddable":true,"href":"https:\/\/steelwrist.com\/fi\/wp-json\/wp\/v2\/pages\/15126"}],"wp:attachment":[{"href":"https:\/\/steelwrist.com\/fi\/wp-json\/wp\/v2\/media?parent=15724"}],"curies":[{"name":"wp","href":"https:\/\/api.w.org\/{rel}","templated":true}]}}