{"id":15129,"date":"2016-02-17T14:36:03","date_gmt":"2016-02-17T13:36:03","guid":{"rendered":"https:\/\/steelwrist.com\/fi\/service\/garanti\/"},"modified":"2023-04-24T15:33:53","modified_gmt":"2023-04-24T13:33:53","slug":"takuu","status":"publish","type":"page","link":"https:\/\/steelwrist.com\/fi\/huolto\/takuu\/","title":{"rendered":"Takuu"},"content":{"rendered":"<p>Sinulla on aina yhden vuoden tehdastakuu, mutta tiltrotaattoreilla, pikakiinnikkeill\u00e4 ja ohjausj\u00e4rjestelmill\u00e4 se voidaan helposti pident\u00e4\u00e4 kahteen vuoteen.<\/p>\n<p>Vakiotakuu sis\u00e4lt\u00e4\u00e4 12 kuukautta tai 1600 tuntia (kumpi t\u00e4yttyy ensin) ja se sis\u00e4lt\u00e4\u00e4:<br \/>\n&#8211; Kaikki rakenne- tai kokoonpanovirheet kaikissa tuotteissa.<\/p>\n<p>Saadaksesi jopa 24 kuukauden tai 3200 tunnin (kumpi t\u00e4yttyy ensin) jatkotakuun tiltrotaattoreille, pikakiinnikkeille ja ohjausj\u00e4rjestelmille, loppuk\u00e4ytt\u00e4j\u00e4n\u00e4 sinun on varmistettava ett\u00e4:<\/p>\n<ul>\n<li>Tiltrotaattori ja\/tai pikakiinnike rekister\u00f6id\u00e4\u00e4n kotisivullamme kuukauden kuluttua k\u00e4ytt\u00f6\u00f6nottop\u00e4iv\u00e4st\u00e4.<\/li>\n<li>Tuote huolletaan k\u00e4ytt\u00f6ohjeen mukaisesti. K\u00e4ytt\u00f6ohjeen saat j\u00e4lleenmyyj\u00e4lt\u00e4si koneen luovutuksen yhteydess\u00e4.<\/li>\n<\/ul>\n","protected":false},"excerpt":{"rendered":"<p>Sinulla on aina yhden vuoden tehdastakuu, mutta tiltrotaattoreilla, pikakiinnikkeill\u00e4 ja ohjausj\u00e4rjestelmill\u00e4 se voidaan helposti pident\u00e4\u00e4 kahteen vuoteen. Vakiotakuu sis\u00e4lt\u00e4\u00e4 12 kuukautta tai 1600 tuntia (kumpi t\u00e4yttyy ensin) ja se sis\u00e4lt\u00e4\u00e4: &#8211; Kaikki rakenne- tai kokoonpanovirheet kaikissa tuotteissa. Saadaksesi jopa 24&#8230;<\/p>\n","protected":false},"author":1,"featured_media":0,"parent":15126,"menu_order":0,"comment_status":"closed","ping_status":"closed","template":"","meta":{"footnotes":""},"class_list":["post-15129","page","type-page","status-publish","hentry"],"acf":[],"_links":{"self":[{"href":"https:\/\/steelwrist.com\/fi\/wp-json\/wp\/v2\/pages\/15129","targetHints":{"allow":["GET"]}}],"collection":[{"href":"https:\/\/steelwrist.com\/fi\/wp-json\/wp\/v2\/pages"}],"about":[{"href":"https:\/\/steelwrist.com\/fi\/wp-json\/wp\/v2\/types\/page"}],"author":[{"embeddable":true,"href":"https:\/\/steelwrist.com\/fi\/wp-json\/wp\/v2\/users\/1"}],"replies":[{"embeddable":true,"href":"https:\/\/steelwrist.com\/fi\/wp-json\/wp\/v2\/comments?post=15129"}],"version-history":[{"count":6,"href":"https:\/\/steelwrist.com\/fi\/wp-json\/wp\/v2\/pages\/15129\/revisions"}],"predecessor-version":[{"id":237790,"href":"https:\/\/steelwrist.com\/fi\/wp-json\/wp\/v2\/pages\/15129\/revisions\/237790"}],"up":[{"embeddable":true,"href":"https:\/\/steelwrist.com\/fi\/wp-json\/wp\/v2\/pages\/15126"}],"wp:attachment":[{"href":"https:\/\/steelwrist.com\/fi\/wp-json\/wp\/v2\/media?parent=15129"}],"curies":[{"name":"wp","href":"https:\/\/api.w.org\/{rel}","templated":true}]}}