{"id":15127,"date":"2016-02-17T14:57:21","date_gmt":"2016-02-17T13:57:21","guid":{"rendered":"https:\/\/steelwrist.com\/fi\/service\/faltservice\/"},"modified":"2021-01-19T12:17:58","modified_gmt":"2021-01-19T11:17:58","slug":"kenttahuolto","status":"publish","type":"page","link":"https:\/\/steelwrist.com\/fi\/huolto\/kenttahuolto\/","title":{"rendered":"Kentt\u00e4huolto"},"content":{"rendered":"<h2>Tuki suoraan meilt\u00e4 tai l\u00e4himm\u00e4lt\u00e4 huoltoyhteisty\u00f6kumppanilta<\/h2>\n<p>Voit soittaa suoraan meille, koska meill\u00e4 on huoltokumppaneita ymp\u00e4ri Suomea. Heilt\u00e4 saat apua ongelmatilanteissa. Useammat j\u00e4lleenmyyjist\u00e4mme osaavat my\u00f6s auttaa mahdollisissa ongelmissa. Kentt\u00e4olosuhteissa voi joskus olla niin, ett\u00e4 tarvitset teknist\u00e4 apua ja silloin voit ottaa suoraan yhteytt\u00e4 asiantuntijoihimme.<\/p>\n<p>Tavoitat teknisen tukemme suoraan numerosta: <a href=\"tel:+358753266222\">075 32 662 22<\/a>.<br \/>\nHenkil\u00f6kohtaiset matkapuhelimet ovat: <a href=\"tel:+358401798108\">040 179 81 08<\/a>.<\/p>\n","protected":false},"excerpt":{"rendered":"<p>Tuki suoraan meilt\u00e4 tai l\u00e4himm\u00e4lt\u00e4 huoltoyhteisty\u00f6kumppanilta Voit soittaa suoraan meille, koska meill\u00e4 on huoltokumppaneita ymp\u00e4ri Suomea. Heilt\u00e4 saat apua ongelmatilanteissa. Useammat j\u00e4lleenmyyjist\u00e4mme osaavat my\u00f6s auttaa mahdollisissa ongelmissa. Kentt\u00e4olosuhteissa voi joskus olla niin, ett\u00e4 tarvitset teknist\u00e4 apua ja silloin voit ottaa&#8230;<\/p>\n","protected":false},"author":1,"featured_media":0,"parent":15126,"menu_order":0,"comment_status":"closed","ping_status":"closed","template":"","meta":{"footnotes":""},"class_list":["post-15127","page","type-page","status-publish","hentry"],"acf":[],"_links":{"self":[{"href":"https:\/\/steelwrist.com\/fi\/wp-json\/wp\/v2\/pages\/15127","targetHints":{"allow":["GET"]}}],"collection":[{"href":"https:\/\/steelwrist.com\/fi\/wp-json\/wp\/v2\/pages"}],"about":[{"href":"https:\/\/steelwrist.com\/fi\/wp-json\/wp\/v2\/types\/page"}],"author":[{"embeddable":true,"href":"https:\/\/steelwrist.com\/fi\/wp-json\/wp\/v2\/users\/1"}],"replies":[{"embeddable":true,"href":"https:\/\/steelwrist.com\/fi\/wp-json\/wp\/v2\/comments?post=15127"}],"version-history":[{"count":5,"href":"https:\/\/steelwrist.com\/fi\/wp-json\/wp\/v2\/pages\/15127\/revisions"}],"predecessor-version":[{"id":208449,"href":"https:\/\/steelwrist.com\/fi\/wp-json\/wp\/v2\/pages\/15127\/revisions\/208449"}],"up":[{"embeddable":true,"href":"https:\/\/steelwrist.com\/fi\/wp-json\/wp\/v2\/pages\/15126"}],"wp:attachment":[{"href":"https:\/\/steelwrist.com\/fi\/wp-json\/wp\/v2\/media?parent=15127"}],"curies":[{"name":"wp","href":"https:\/\/api.w.org\/{rel}","templated":true}]}}