{"id":15122,"date":"2016-01-25T17:34:10","date_gmt":"2016-01-25T16:34:10","guid":{"rendered":"https:\/\/steelwrist.com\/fi\/tuotteet\/tiltrotatorer\/"},"modified":"2024-09-12T15:00:33","modified_gmt":"2024-09-12T13:00:33","slug":"kauhanpyorittajat","status":"publish","type":"page","link":"https:\/\/steelwrist.com\/fi\/tuotekatsaus\/kauhanpyorittajat\/","title":{"rendered":"Kauhanpy\u00f6ritt\u00e4j\u00e4t"},"content":{"rendered":"","protected":false},"excerpt":{"rendered":"","protected":false},"author":1,"featured_media":0,"parent":4719,"menu_order":17,"comment_status":"closed","ping_status":"closed","template":"template-product-category.php","meta":{"footnotes":""},"class_list":["post-15122","page","type-page","status-publish","hentry"],"acf":[],"_links":{"self":[{"href":"https:\/\/steelwrist.com\/fi\/wp-json\/wp\/v2\/pages\/15122","targetHints":{"allow":["GET"]}}],"collection":[{"href":"https:\/\/steelwrist.com\/fi\/wp-json\/wp\/v2\/pages"}],"about":[{"href":"https:\/\/steelwrist.com\/fi\/wp-json\/wp\/v2\/types\/page"}],"author":[{"embeddable":true,"href":"https:\/\/steelwrist.com\/fi\/wp-json\/wp\/v2\/users\/1"}],"replies":[{"embeddable":true,"href":"https:\/\/steelwrist.com\/fi\/wp-json\/wp\/v2\/comments?post=15122"}],"version-history":[{"count":7,"href":"https:\/\/steelwrist.com\/fi\/wp-json\/wp\/v2\/pages\/15122\/revisions"}],"predecessor-version":[{"id":269999,"href":"https:\/\/steelwrist.com\/fi\/wp-json\/wp\/v2\/pages\/15122\/revisions\/269999"}],"up":[{"embeddable":true,"href":"https:\/\/steelwrist.com\/fi\/wp-json\/wp\/v2\/pages\/4719"}],"wp:attachment":[{"href":"https:\/\/steelwrist.com\/fi\/wp-json\/wp\/v2\/media?parent=15122"}],"curies":[{"name":"wp","href":"https:\/\/api.w.org\/{rel}","templated":true}]}}