{"id":14961,"date":"2016-05-19T15:38:59","date_gmt":"2016-05-19T13:38:59","guid":{"rendered":"https:\/\/steelwrist.com\/fi\/steelwristista\/vara-karnvarden\/"},"modified":"2026-02-24T10:46:15","modified_gmt":"2026-02-24T09:46:15","slug":"meidan-arvot","status":"publish","type":"page","link":"https:\/\/steelwrist.com\/fi\/steelwristista\/meidan-arvot\/","title":{"rendered":"Ydinarvomme"},"content":{"rendered":"<h2>Steelwristin arvot<\/h2>\n<p>Kolmen perusarvoamme yhdess\u00e4 laatu- ja ymp\u00e4rist\u00f6arvojen kanssa n\u00e4kyy yhteisty\u00f6ss\u00e4mme asiakkaiden, j\u00e4lleenmyyjien, alihankkijoiden ja ty\u00f6ntekij\u00f6iden kanssa.<\/p>\n<h3>Kuuntelevuus<\/h3>\n<p>Kuuntelemme koko ajan mit\u00e4 asiakkaamme toivovat. P\u00e4ivitt\u00e4isess\u00e4 ty\u00f6ss\u00e4 se tarkoittaa sit\u00e4, ett\u00e4 kuuntelemme asiakkaitamme, toimittajiamme ja henkil\u00f6kuntaamme. Jotta pytymme kehitt\u00e4m\u00e4\u00e4n tuotteitamme toimintatapojamme ja henkil\u00f6kuntaamme tarvitsemme toisiamme.<\/p>\n<h3>Yksinkertaisuus<\/h3>\n<p>Mik\u00e4li jonkun asian pystyy tekem\u00e4\u00e4n yksinkertaisemmin, niin pyrimme tekem\u00e4\u00e4n niin.<\/p>\n<h3>Nopeus<\/h3>\n<p>Pyrimme nopeisiin toimitusaikoihin niin vastauksissa kyselyihin, varaosa- ja laitetoimituksissa. Varaosatoiminnoista vastaa Rastar Oy joka on tunnettu nopeista toimituksista. Tekniseen tukeen on panostettu runsaasri Suomen markkinoilla.<\/p>\n","protected":false},"excerpt":{"rendered":"<p>Steelwristin arvot Kolmen perusarvoamme yhdess\u00e4 laatu- ja ymp\u00e4rist\u00f6arvojen kanssa n\u00e4kyy yhteisty\u00f6ss\u00e4mme asiakkaiden, j\u00e4lleenmyyjien, alihankkijoiden ja ty\u00f6ntekij\u00f6iden kanssa. Kuuntelevuus Kuuntelemme koko ajan mit\u00e4 asiakkaamme toivovat. P\u00e4ivitt\u00e4isess\u00e4 ty\u00f6ss\u00e4 se tarkoittaa sit\u00e4, ett\u00e4 kuuntelemme asiakkaitamme, toimittajiamme ja henkil\u00f6kuntaamme. Jotta pytymme kehitt\u00e4m\u00e4\u00e4n tuotteitamme toimintatapojamme&#8230;<\/p>\n","protected":false},"author":12,"featured_media":0,"parent":14950,"menu_order":0,"comment_status":"closed","ping_status":"closed","template":"template-onlysections.php","meta":{"footnotes":""},"class_list":["post-14961","page","type-page","status-publish","hentry"],"acf":[],"_links":{"self":[{"href":"https:\/\/steelwrist.com\/fi\/wp-json\/wp\/v2\/pages\/14961","targetHints":{"allow":["GET"]}}],"collection":[{"href":"https:\/\/steelwrist.com\/fi\/wp-json\/wp\/v2\/pages"}],"about":[{"href":"https:\/\/steelwrist.com\/fi\/wp-json\/wp\/v2\/types\/page"}],"author":[{"embeddable":true,"href":"https:\/\/steelwrist.com\/fi\/wp-json\/wp\/v2\/users\/12"}],"replies":[{"embeddable":true,"href":"https:\/\/steelwrist.com\/fi\/wp-json\/wp\/v2\/comments?post=14961"}],"version-history":[{"count":4,"href":"https:\/\/steelwrist.com\/fi\/wp-json\/wp\/v2\/pages\/14961\/revisions"}],"predecessor-version":[{"id":317825,"href":"https:\/\/steelwrist.com\/fi\/wp-json\/wp\/v2\/pages\/14961\/revisions\/317825"}],"up":[{"embeddable":true,"href":"https:\/\/steelwrist.com\/fi\/wp-json\/wp\/v2\/pages\/14950"}],"wp:attachment":[{"href":"https:\/\/steelwrist.com\/fi\/wp-json\/wp\/v2\/media?parent=14961"}],"curies":[{"name":"wp","href":"https:\/\/api.w.org\/{rel}","templated":true}]}}