{"id":14960,"date":"2016-05-03T15:43:20","date_gmt":"2016-05-03T13:43:20","guid":{"rendered":"https:\/\/steelwrist.com\/fi\/steelwristista\/steelwrist-i-media\/"},"modified":"2026-03-27T09:25:20","modified_gmt":"2026-03-27T08:25:20","slug":"steelwrist-mediassa","status":"publish","type":"page","link":"https:\/\/steelwrist.com\/fi\/steelwristista\/steelwrist-mediassa\/","title":{"rendered":"Steelwrist mediassa"},"content":{"rendered":"<p>T\u00e4ss\u00e4 lehtileikkeit\u00e4:<\/p>\n<p><strong>Steelwrist esitteli uutuuksia ConExpossa<\/strong><br \/>\nKonep\u00f6rssi, 27.03.2026<\/p>\n<p><a href=\"https:\/\/koneporssi.com\/tyokoneet-2\/steelwrist-esitteli-uutuuksia-conexpossa\/\" target=\"_blank\" rel=\"noopener\"><img loading=\"lazy\" decoding=\"async\" class=\"alignnone wp-image-320926 size-full\" src=\"https:\/\/steelwrist.com\/wp-content\/uploads\/Steelwrist-SQL.png\" alt=\"Steelwrist SQL automatic coupler\" width=\"600\" height=\"488\" srcset=\"https:\/\/steelwrist.com\/wp-content\/uploads\/Steelwrist-SQL.png 600w, https:\/\/steelwrist.com\/wp-content\/uploads\/Steelwrist-SQL-300x244.png 300w, https:\/\/steelwrist.com\/wp-content\/uploads\/Steelwrist-SQL-150x122.png 150w, https:\/\/steelwrist.com\/wp-content\/uploads\/Steelwrist-SQL-541x440.png 541w, https:\/\/steelwrist.com\/wp-content\/uploads\/Steelwrist-SQL-24x20.png 24w, https:\/\/steelwrist.com\/wp-content\/uploads\/Steelwrist-SQL-36x29.png 36w, https:\/\/steelwrist.com\/wp-content\/uploads\/Steelwrist-SQL-48x39.png 48w, https:\/\/steelwrist.com\/wp-content\/uploads\/Steelwrist-SQL-108x88.png 108w, https:\/\/steelwrist.com\/wp-content\/uploads\/Steelwrist-SQL-75x60.png 75w\" sizes=\"auto, (max-width: 600px) 100vw, 600px\" \/><\/a><\/p>\n<p>&nbsp;<\/p>\n<p><strong>Steelwrist tarjoaa kest\u00e4v\u00e4t tuotteet<\/strong><br \/>\nKonep\u00f6rssi, 16.03.2026<\/p>\n<p><em>\u201dW Rentin asiakaspalautteen mukaan moni Develonin k\u00e4ytt\u00e4j\u00e4 haluaa nimenomaan Steelwristin kauhanpy\u00f6ritt\u00e4j\u00e4n, mik\u00e4 osoittaa onnistumisemme laitteiden valmistuksessa. Tuotteidemme tekniset ominaisuudet, kest\u00e4vyys ja pitk\u00e4 elinkaari on todettu hyv\u00e4ksi my\u00f6s raskaammissa kokoluokissa, ja esimerkiksi Develonin 30-tonnisiin meill\u00e4 on tarjota ymp\u00e4rivuotisessa k\u00e4yt\u00f6ss\u00e4 kest\u00e4viksi todetut yksik\u00f6t\u201d, korostaa Kuusisto.<\/em><\/p>\n<p><a href=\"https:\/\/koneporssi.com\/tyokoneet-2\/kun-tarvitaan-voimaa-ja-tehoa-w-rent-vuokraa-isomman-kokoluokan-kaivukoneet\/\" target=\"_blank\" rel=\"noopener\"><img loading=\"lazy\" decoding=\"async\" class=\"alignnone wp-image-320746 size-full\" src=\"https:\/\/steelwrist.com\/wp-content\/uploads\/Steelwrist-tarjoaa-kestavat-tuotteet.png\" alt=\"Steelwrist tarjoaa kest\u00e4v\u00e4t tuotteet\" width=\"600\" height=\"452\" srcset=\"https:\/\/steelwrist.com\/wp-content\/uploads\/Steelwrist-tarjoaa-kestavat-tuotteet.png 600w, https:\/\/steelwrist.com\/wp-content\/uploads\/Steelwrist-tarjoaa-kestavat-tuotteet-300x226.png 300w, https:\/\/steelwrist.com\/wp-content\/uploads\/Steelwrist-tarjoaa-kestavat-tuotteet-150x113.png 150w, https:\/\/steelwrist.com\/wp-content\/uploads\/Steelwrist-tarjoaa-kestavat-tuotteet-584x440.png 584w, https:\/\/steelwrist.com\/wp-content\/uploads\/Steelwrist-tarjoaa-kestavat-tuotteet-24x18.png 24w, https:\/\/steelwrist.com\/wp-content\/uploads\/Steelwrist-tarjoaa-kestavat-tuotteet-36x27.png 36w, https:\/\/steelwrist.com\/wp-content\/uploads\/Steelwrist-tarjoaa-kestavat-tuotteet-48x36.png 48w, https:\/\/steelwrist.com\/wp-content\/uploads\/Steelwrist-tarjoaa-kestavat-tuotteet-110x83.png 110w, https:\/\/steelwrist.com\/wp-content\/uploads\/Steelwrist-tarjoaa-kestavat-tuotteet-75x57.png 75w\" sizes=\"auto, (max-width: 600px) 100vw, 600px\" \/><\/a><\/p>\n<p>&nbsp;<\/p>\n<p><strong>Steelwrist laajentaa sel\u00e4kevalikoimaansa &#8211; tehokkaampi ty\u00f6kalujen vaihto kaivukoneisiin<\/strong><br \/>\nKivirock, 29.01.2026<\/p>\n<p><a href=\"https:\/\/www.kivirock.fi\/uutiset.html?251509\"><img loading=\"lazy\" decoding=\"async\" class=\"alignnone size-full wp-image-315480\" src=\"https:\/\/steelwrist.com\/wp-content\/uploads\/Kivirock-Steelwrist.png\" alt=\"\" width=\"600\" height=\"314\" srcset=\"https:\/\/steelwrist.com\/wp-content\/uploads\/Kivirock-Steelwrist.png 600w, https:\/\/steelwrist.com\/wp-content\/uploads\/Kivirock-Steelwrist-300x157.png 300w, https:\/\/steelwrist.com\/wp-content\/uploads\/Kivirock-Steelwrist-150x79.png 150w, https:\/\/steelwrist.com\/wp-content\/uploads\/Kivirock-Steelwrist-24x13.png 24w, https:\/\/steelwrist.com\/wp-content\/uploads\/Kivirock-Steelwrist-36x19.png 36w, https:\/\/steelwrist.com\/wp-content\/uploads\/Kivirock-Steelwrist-48x25.png 48w, https:\/\/steelwrist.com\/wp-content\/uploads\/Kivirock-Steelwrist-110x58.png 110w, https:\/\/steelwrist.com\/wp-content\/uploads\/Kivirock-Steelwrist-75x39.png 75w\" sizes=\"auto, (max-width: 600px) 100vw, 600px\" \/><\/a><\/p>\n<p>&nbsp;<\/p>\n<p><strong>Steelwrist lanseeraa SQ40-pikakiinnikkeen<\/strong><br \/>\n03.11.2025<\/p>\n<p><a href=\"https:\/\/koneporssi.com\/tyokoneet-2\/steelwrist-lanseeraa-sq40-pikakiinnikkeen\/\" target=\"_blank\" rel=\"noopener\"><img loading=\"lazy\" decoding=\"async\" class=\"alignnone wp-image-303006 size-full\" src=\"https:\/\/steelwrist.com\/wp-content\/uploads\/steelwrist-lanseeraa-sq40-pikakiinnikkeen.png\" alt=\"\" width=\"511\" height=\"290\" srcset=\"https:\/\/steelwrist.com\/wp-content\/uploads\/steelwrist-lanseeraa-sq40-pikakiinnikkeen.png 511w, https:\/\/steelwrist.com\/wp-content\/uploads\/steelwrist-lanseeraa-sq40-pikakiinnikkeen-300x170.png 300w, https:\/\/steelwrist.com\/wp-content\/uploads\/steelwrist-lanseeraa-sq40-pikakiinnikkeen-150x85.png 150w, https:\/\/steelwrist.com\/wp-content\/uploads\/steelwrist-lanseeraa-sq40-pikakiinnikkeen-24x14.png 24w, https:\/\/steelwrist.com\/wp-content\/uploads\/steelwrist-lanseeraa-sq40-pikakiinnikkeen-36x20.png 36w, https:\/\/steelwrist.com\/wp-content\/uploads\/steelwrist-lanseeraa-sq40-pikakiinnikkeen-48x27.png 48w, https:\/\/steelwrist.com\/wp-content\/uploads\/steelwrist-lanseeraa-sq40-pikakiinnikkeen-110x62.png 110w, https:\/\/steelwrist.com\/wp-content\/uploads\/steelwrist-lanseeraa-sq40-pikakiinnikkeen-75x43.png 75w\" sizes=\"auto, (max-width: 511px) 100vw, 511px\" \/><\/a><\/p>\n<p>&nbsp;<\/p>\n<p><strong>Bauma 2025: Steelwristilt\u00e4 uusia ratkaisuja pieniin ja keskikokoisiin kaivinkoneisiin<\/strong><br \/>\nkivirock.fi, 07.04.2025<\/p>\n<p><a href=\"https:\/\/www.kivirock.fi\/uutiset.html?244752\" target=\"_blank\" rel=\"noopener\"><img loading=\"lazy\" decoding=\"async\" class=\"alignnone wp-image-291967 size-full\" src=\"https:\/\/steelwrist.com\/wp-content\/uploads\/ratkaisuja-pieniin-ja-keskikokoisiin-kaivinkoneisiin.png\" alt=\"ratkaisuja pieniin ja keskikokoisiin kaivinkoneisiin\" width=\"600\" height=\"408\" srcset=\"https:\/\/steelwrist.com\/wp-content\/uploads\/ratkaisuja-pieniin-ja-keskikokoisiin-kaivinkoneisiin.png 600w, https:\/\/steelwrist.com\/wp-content\/uploads\/ratkaisuja-pieniin-ja-keskikokoisiin-kaivinkoneisiin-300x204.png 300w, https:\/\/steelwrist.com\/wp-content\/uploads\/ratkaisuja-pieniin-ja-keskikokoisiin-kaivinkoneisiin-150x102.png 150w, https:\/\/steelwrist.com\/wp-content\/uploads\/ratkaisuja-pieniin-ja-keskikokoisiin-kaivinkoneisiin-24x16.png 24w, https:\/\/steelwrist.com\/wp-content\/uploads\/ratkaisuja-pieniin-ja-keskikokoisiin-kaivinkoneisiin-36x24.png 36w, https:\/\/steelwrist.com\/wp-content\/uploads\/ratkaisuja-pieniin-ja-keskikokoisiin-kaivinkoneisiin-48x33.png 48w, https:\/\/steelwrist.com\/wp-content\/uploads\/ratkaisuja-pieniin-ja-keskikokoisiin-kaivinkoneisiin-110x75.png 110w, https:\/\/steelwrist.com\/wp-content\/uploads\/ratkaisuja-pieniin-ja-keskikokoisiin-kaivinkoneisiin-75x51.png 75w\" sizes=\"auto, (max-width: 600px) 100vw, 600px\" \/><\/a><\/p>\n<p>&nbsp;<\/p>\n<p><strong>Steelwrist juhlistaa 20 vuoden sitoutumistaan kaivukoneiden tehokkuuteen<\/strong><br \/>\nKonep\u00f6rssi, 14.01.2025<\/p>\n<p><a href=\"https:\/\/koneporssi.com\/tyokoneet-2\/steelwrist-juhlistaa-20-vuoden-sitoutumistaan-kaivukoneiden-tehokkuuteen\/\" target=\"_blank\" rel=\"noopener\"><img loading=\"lazy\" decoding=\"async\" class=\"alignnone wp-image-283784 size-full\" src=\"https:\/\/steelwrist.com\/wp-content\/uploads\/Steelwrist-perustettiin-Ruotsissa-2005..png\" alt=\"\" width=\"600\" height=\"413\" srcset=\"https:\/\/steelwrist.com\/wp-content\/uploads\/Steelwrist-perustettiin-Ruotsissa-2005..png 600w, https:\/\/steelwrist.com\/wp-content\/uploads\/Steelwrist-perustettiin-Ruotsissa-2005.-300x207.png 300w, https:\/\/steelwrist.com\/wp-content\/uploads\/Steelwrist-perustettiin-Ruotsissa-2005.-150x103.png 150w, https:\/\/steelwrist.com\/wp-content\/uploads\/Steelwrist-perustettiin-Ruotsissa-2005.-24x17.png 24w, https:\/\/steelwrist.com\/wp-content\/uploads\/Steelwrist-perustettiin-Ruotsissa-2005.-36x25.png 36w, https:\/\/steelwrist.com\/wp-content\/uploads\/Steelwrist-perustettiin-Ruotsissa-2005.-48x33.png 48w, https:\/\/steelwrist.com\/wp-content\/uploads\/Steelwrist-perustettiin-Ruotsissa-2005.-110x76.png 110w, https:\/\/steelwrist.com\/wp-content\/uploads\/Steelwrist-perustettiin-Ruotsissa-2005.-75x52.png 75w\" sizes=\"auto, (max-width: 600px) 100vw, 600px\" \/><\/a><\/p>\n<p>&nbsp;<\/p>\n<p><strong>Gearing up for the next 20 years of commitment to efficiency for excavators<br \/>\n<\/strong>Plant Planet magazine, December 13, 2024<\/p>\n<p><em>In 2025 Steelwrist celebrates 20 years in business. Founded in Sweden back in 2005 manufacturing tiltrotators, quick couplers and work tools for excavators, the company has grown significantly since then, quickly becoming the global player it is today. Read about\u00a0<a href=\"https:\/\/issuu.com\/plant-planet\/docs\/plant_planet_december24-pages\/62\" target=\"_blank\" rel=\"noopener\">how Steelwrist has developed the tiltrotator technology and built a strong brand in the industry.<\/a><\/em><\/p>\n<p><a href=\"https:\/\/issuu.com\/plant-planet\/docs\/plant_planet_december24-pages\/62\" target=\"_blank\" rel=\"noopener\"><img loading=\"lazy\" decoding=\"async\" class=\"alignnone wp-image-282739 size-full\" src=\"https:\/\/steelwrist.com\/wp-content\/uploads\/Steelwrist-20-years-Plant-Planet.png\" alt=\"Steelwrist 20 years Plant Planet article\" width=\"600\" height=\"423\" srcset=\"https:\/\/steelwrist.com\/wp-content\/uploads\/Steelwrist-20-years-Plant-Planet.png 600w, https:\/\/steelwrist.com\/wp-content\/uploads\/Steelwrist-20-years-Plant-Planet-300x212.png 300w, https:\/\/steelwrist.com\/wp-content\/uploads\/Steelwrist-20-years-Plant-Planet-150x106.png 150w, https:\/\/steelwrist.com\/wp-content\/uploads\/Steelwrist-20-years-Plant-Planet-24x17.png 24w, https:\/\/steelwrist.com\/wp-content\/uploads\/Steelwrist-20-years-Plant-Planet-36x25.png 36w, https:\/\/steelwrist.com\/wp-content\/uploads\/Steelwrist-20-years-Plant-Planet-48x34.png 48w, https:\/\/steelwrist.com\/wp-content\/uploads\/Steelwrist-20-years-Plant-Planet-110x78.png 110w, https:\/\/steelwrist.com\/wp-content\/uploads\/Steelwrist-20-years-Plant-Planet-75x53.png 75w\" sizes=\"auto, (max-width: 600px) 100vw, 600px\" \/><\/a><\/p>\n<div class=\"x11i5rnm xat24cr x1mh8g0r x1vvkbs xtlvy1s x126k92a\">\n<div dir=\"auto\">\n<p>&nbsp;<\/p>\n<p><strong>Ammattilehden &#8221;Hyvi\u00e4 Uutisia!&#8221; -ohjelman toimittaja poikkesi osastollamme ja huomasi heti, ett\u00e4 kiinnostus oli huipussaan!<\/strong><br \/>\nKatso videolta, kun Aasian aluejohtajamme Peter Lam kertoo tunnelmista ja siit\u00e4, mik\u00e4 teki osastostamme messujen vetonaulan.\u00a0Videon l\u00f6yd\u00e4t t\u00e4\u00e4lt\u00e4:<\/p>\n<\/div>\n<\/div>\n<p><iframe loading=\"lazy\" title=\"YouTube video player\" src=\"https:\/\/www.youtube.com\/embed\/q_AAYc4ZtHk?si=uWAuyDfI7J6wMSNT&amp;start=4260\" width=\"560\" height=\"315\" frameborder=\"0\" allowfullscreen=\"allowfullscreen\"><\/iframe><\/p>\n<p>&nbsp;<\/p>\n<p><strong>Steelwristin kolmas sukupolvi<\/strong><br \/>\nKonep\u00f6rssi, 19.03.2024<\/p>\n<p><a href=\"https:\/\/koneporssi.com\/tyokoneet-2\/steelwristin-kolmas-sukupolvi-2\/\" target=\"_blank\" rel=\"noopener\"><img loading=\"lazy\" decoding=\"async\" class=\"alignnone size-full wp-image-271550\" src=\"https:\/\/steelwrist.com\/wp-content\/uploads\/XTR20.png\" alt=\"\" width=\"510\" height=\"288\" srcset=\"https:\/\/steelwrist.com\/wp-content\/uploads\/XTR20.png 510w, https:\/\/steelwrist.com\/wp-content\/uploads\/XTR20-300x169.png 300w, https:\/\/steelwrist.com\/wp-content\/uploads\/XTR20-150x85.png 150w, https:\/\/steelwrist.com\/wp-content\/uploads\/XTR20-24x14.png 24w, https:\/\/steelwrist.com\/wp-content\/uploads\/XTR20-36x20.png 36w, https:\/\/steelwrist.com\/wp-content\/uploads\/XTR20-48x27.png 48w, https:\/\/steelwrist.com\/wp-content\/uploads\/XTR20-110x62.png 110w, https:\/\/steelwrist.com\/wp-content\/uploads\/XTR20-75x42.png 75w\" sizes=\"auto, (max-width: 510px) 100vw, 510px\" \/><\/a><\/p>\n<p>&nbsp;<\/p>\n<p><strong>Steelwrist esittelee kolmannen sukupolven kauhanpy\u00f6ritt\u00e4j\u00e4t ja tuo markkinoille kokonaan uudet py\u00f6riv\u00e4t liittimet \u2013 samalla ty\u00f6laitevalikoima laajenee<\/strong><br \/>\nKoneviesti, 19.03.2024<\/p>\n<p><a href=\"https:\/\/www.koneviesti.fi\/uutiset\/5661f515-ae0e-42b5-b28c-9b733420a5a9\" target=\"_blank\" rel=\"noopener\"><img loading=\"lazy\" decoding=\"async\" class=\"alignnone wp-image-271638 size-full\" src=\"https:\/\/steelwrist.com\/wp-content\/uploads\/XTR20-1.png\" alt=\"\" width=\"600\" height=\"395\" srcset=\"https:\/\/steelwrist.com\/wp-content\/uploads\/XTR20-1.png 600w, https:\/\/steelwrist.com\/wp-content\/uploads\/XTR20-1-300x198.png 300w, https:\/\/steelwrist.com\/wp-content\/uploads\/XTR20-1-150x99.png 150w, https:\/\/steelwrist.com\/wp-content\/uploads\/XTR20-1-24x16.png 24w, https:\/\/steelwrist.com\/wp-content\/uploads\/XTR20-1-36x24.png 36w, https:\/\/steelwrist.com\/wp-content\/uploads\/XTR20-1-48x32.png 48w, https:\/\/steelwrist.com\/wp-content\/uploads\/XTR20-1-110x72.png 110w, https:\/\/steelwrist.com\/wp-content\/uploads\/XTR20-1-75x49.png 75w\" sizes=\"auto, (max-width: 600px) 100vw, 600px\" \/><\/a><\/p>\n<p>&nbsp;<\/p>\n<p><strong>Steelwristille uusia toimipisteit\u00e4<br \/>\n<\/strong>Konep\u00f6rssi, 31.07.2023<br \/>\n<a href=\"https:\/\/koneporssi.com\/tyokoneet-2\/steelwristille-uusia-toimipisteita\/\" target=\"_blank\" rel=\"noopener\"><img loading=\"lazy\" decoding=\"async\" class=\"alignnone size-full wp-image-245143\" src=\"https:\/\/steelwrist.com\/wp-content\/uploads\/Screenshot-2023-08-01-at-09.12.03.png\" alt=\"Steelwrist Suomi Vantaa\" width=\"500\" height=\"494\" srcset=\"https:\/\/steelwrist.com\/wp-content\/uploads\/Screenshot-2023-08-01-at-09.12.03.png 500w, https:\/\/steelwrist.com\/wp-content\/uploads\/Screenshot-2023-08-01-at-09.12.03-300x296.png 300w, https:\/\/steelwrist.com\/wp-content\/uploads\/Screenshot-2023-08-01-at-09.12.03-150x148.png 150w, https:\/\/steelwrist.com\/wp-content\/uploads\/Screenshot-2023-08-01-at-09.12.03-445x440.png 445w, https:\/\/steelwrist.com\/wp-content\/uploads\/Screenshot-2023-08-01-at-09.12.03-24x24.png 24w, https:\/\/steelwrist.com\/wp-content\/uploads\/Screenshot-2023-08-01-at-09.12.03-36x36.png 36w, https:\/\/steelwrist.com\/wp-content\/uploads\/Screenshot-2023-08-01-at-09.12.03-48x48.png 48w, https:\/\/steelwrist.com\/wp-content\/uploads\/Screenshot-2023-08-01-at-09.12.03-89x88.png 89w, https:\/\/steelwrist.com\/wp-content\/uploads\/Screenshot-2023-08-01-at-09.12.03-61x60.png 61w\" sizes=\"auto, (max-width: 500px) 100vw, 500px\" \/><\/a><\/p>\n<p>&nbsp;<\/p>\n","protected":false},"excerpt":{"rendered":"<p>T\u00e4ss\u00e4 lehtileikkeit\u00e4: Steelwrist esitteli uutuuksia ConExpossa Konep\u00f6rssi, 27.03.2026 &nbsp; Steelwrist tarjoaa kest\u00e4v\u00e4t tuotteet Konep\u00f6rssi, 16.03.2026 \u201dW Rentin asiakaspalautteen mukaan moni Develonin k\u00e4ytt\u00e4j\u00e4 haluaa nimenomaan Steelwristin kauhanpy\u00f6ritt\u00e4j\u00e4n, mik\u00e4 osoittaa onnistumisemme laitteiden valmistuksessa. Tuotteidemme tekniset ominaisuudet, kest\u00e4vyys ja pitk\u00e4 elinkaari on todettu&#8230;<\/p>\n","protected":false},"author":12,"featured_media":0,"parent":14950,"menu_order":0,"comment_status":"closed","ping_status":"closed","template":"","meta":{"footnotes":""},"class_list":["post-14960","page","type-page","status-publish","hentry"],"acf":[],"_links":{"self":[{"href":"https:\/\/steelwrist.com\/fi\/wp-json\/wp\/v2\/pages\/14960","targetHints":{"allow":["GET"]}}],"collection":[{"href":"https:\/\/steelwrist.com\/fi\/wp-json\/wp\/v2\/pages"}],"about":[{"href":"https:\/\/steelwrist.com\/fi\/wp-json\/wp\/v2\/types\/page"}],"author":[{"embeddable":true,"href":"https:\/\/steelwrist.com\/fi\/wp-json\/wp\/v2\/users\/12"}],"replies":[{"embeddable":true,"href":"https:\/\/steelwrist.com\/fi\/wp-json\/wp\/v2\/comments?post=14960"}],"version-history":[{"count":5,"href":"https:\/\/steelwrist.com\/fi\/wp-json\/wp\/v2\/pages\/14960\/revisions"}],"predecessor-version":[{"id":320944,"href":"https:\/\/steelwrist.com\/fi\/wp-json\/wp\/v2\/pages\/14960\/revisions\/320944"}],"up":[{"embeddable":true,"href":"https:\/\/steelwrist.com\/fi\/wp-json\/wp\/v2\/pages\/14950"}],"wp:attachment":[{"href":"https:\/\/steelwrist.com\/fi\/wp-json\/wp\/v2\/media?parent=14960"}],"curies":[{"name":"wp","href":"https:\/\/api.w.org\/{rel}","templated":true}]}}