{"id":14950,"date":"2016-01-18T17:11:52","date_gmt":"2016-01-18T16:11:52","guid":{"rendered":"https:\/\/steelwrist.com\/fi\/om-steelwrist\/"},"modified":"2026-03-09T08:01:59","modified_gmt":"2026-03-09T07:01:59","slug":"steelwristista","status":"publish","type":"page","link":"https:\/\/steelwrist.com\/fi\/steelwristista\/","title":{"rendered":"Steelwristist\u00e4"},"content":{"rendered":"<p>Steelwrist on maailmanlaajuinen kauhanpy\u00f6ritt\u00e4jien, pikakiinnikkeiden ja ty\u00f6laitteiden valmistaja kaivinkoneille. P\u00e4\u00e4konttori on Ruotsissa. Yh\u00e4 useampi asiakas arvostaa m\u00e4\u00e4r\u00e4tietoista panostustamme vankkoihin ja moderneihin tuotteisiin, sek\u00e4 nopeaan palveluumme.<\/p>\n<h2>Steelwristin liikeidea<\/h2>\n<p>Steelwrist AB:n liikeidea on kehitt\u00e4\u00e4, valmistaa ja myyd\u00e4 kauhanpy\u00f6ritt\u00e4ji\u00e4, pikakiinnikkeit\u00e4, lis\u00e4varusteita ja -laitteita kaivinkoneisiin ja traktorikaivureihin. Steelwrist AB:n tavoite on olla &#8221;maailman paras kehitt\u00e4j\u00e4, valmistaja ja myyj\u00e4 laitteille, jotka parantavat kaivinkoneiden tuottavuutta&#8221;. Steelwrist AB on Ruotsalainen yritys, jonka p\u00e4\u00e4konttori ja tehdas sijaitsevat Rosersbergiss\u00e4, Tukholman pohjoispuolella.<\/p>\n<h2><span data-sheets-root=\"1\">Steelwristin ydinarvot<\/span><\/h2>\n<p>Kolme ydinarvoamme yhdess\u00e4 laatu- ja ymp\u00e4rist\u00f6politiikkamme kanssa n\u00e4ytt\u00e4v\u00e4t tiet\u00e4 sille, miten haluamme toimia asiakkaiden, j\u00e4lleenmyyjien, tavarantoimittajien ja ty\u00f6ntekij\u00f6idemme kanssa.<\/p>\n<h5>Asiakasl\u00e4ht\u00f6inen<\/h5>\n<p>Kuuntelemme aktiivisesti asiakkaitamme ja ragoimme heid\u00e4n tarpeisiinsa. Kysymme, kunnes ymm\u00e4rr\u00e4mme ja pyrimme selke\u00e4\u00e4n viestint\u00e4\u00e4n. T\u00e4m\u00e4 tarkoittaa sit\u00e4, ett\u00e4 p\u00e4ivitt\u00e4isess\u00e4 ty\u00f6ss\u00e4mme pyrimme aktiivisesti saamaan palautetta ja parannusehdotuksia asiakkailtamme, tavarantoimittajiltamme ja ty\u00f6ntekij\u00f6ilt\u00e4mme.<\/p>\n<h5><span data-sheets-root=\"1\">Yksinkertainen<\/span><\/h5>\n<p>Jos jonkin voi tehd\u00e4 helpommin, haluamme toimia siten. Ponnistelemme tekem\u00e4\u00e4n tuotteistamme ja prosesseistamme mahdollisimman yksinkertaisia.<\/p>\n<h5><span data-sheets-root=\"1\">Nopea<\/span><\/h5>\n<p>Pyrimme lyhent\u00e4m\u00e4\u00e4n vastausaikaa kaikissa asaiakaskontakteissa, kuten teknisess\u00e4 tuessa, l\u00e4hetyksiss\u00e4 ja palvelussa. Nopea oppiminen antaa meille selv\u00e4\u00e4 kilpailuetua. T\u00e4m\u00e4 tarkoittaa sit\u00e4, ett\u00e4 tavoitteenamme on olla tavoitettavissa aina, kun asiakas tarvitsee meit\u00e4 ja voimme toimittaa varaosat nopeasti paikallisista varastoista.<\/p>\n<h2><\/h2>\n","protected":false},"excerpt":{"rendered":"<p>Steelwrist on maailmanlaajuinen kauhanpy\u00f6ritt\u00e4jien, pikakiinnikkeiden ja ty\u00f6laitteiden valmistaja kaivinkoneille. P\u00e4\u00e4konttori on Ruotsissa. Yh\u00e4 useampi asiakas arvostaa m\u00e4\u00e4r\u00e4tietoista panostustamme vankkoihin ja moderneihin tuotteisiin, sek\u00e4 nopeaan palveluumme. Steelwristin liikeidea Steelwrist AB:n liikeidea on kehitt\u00e4\u00e4, valmistaa ja myyd\u00e4 kauhanpy\u00f6ritt\u00e4ji\u00e4, pikakiinnikkeit\u00e4, lis\u00e4varusteita ja -laitteita&#8230;<\/p>\n","protected":false},"author":1,"featured_media":0,"parent":0,"menu_order":58,"comment_status":"closed","ping_status":"closed","template":"","meta":{"footnotes":""},"class_list":["post-14950","page","type-page","status-publish","hentry"],"acf":[],"_links":{"self":[{"href":"https:\/\/steelwrist.com\/fi\/wp-json\/wp\/v2\/pages\/14950","targetHints":{"allow":["GET"]}}],"collection":[{"href":"https:\/\/steelwrist.com\/fi\/wp-json\/wp\/v2\/pages"}],"about":[{"href":"https:\/\/steelwrist.com\/fi\/wp-json\/wp\/v2\/types\/page"}],"author":[{"embeddable":true,"href":"https:\/\/steelwrist.com\/fi\/wp-json\/wp\/v2\/users\/1"}],"replies":[{"embeddable":true,"href":"https:\/\/steelwrist.com\/fi\/wp-json\/wp\/v2\/comments?post=14950"}],"version-history":[{"count":6,"href":"https:\/\/steelwrist.com\/fi\/wp-json\/wp\/v2\/pages\/14950\/revisions"}],"predecessor-version":[{"id":320229,"href":"https:\/\/steelwrist.com\/fi\/wp-json\/wp\/v2\/pages\/14950\/revisions\/320229"}],"wp:attachment":[{"href":"https:\/\/steelwrist.com\/fi\/wp-json\/wp\/v2\/media?parent=14950"}],"curies":[{"name":"wp","href":"https:\/\/api.w.org\/{rel}","templated":true}]}}