{"id":14920,"date":"2016-04-19T11:44:20","date_gmt":"2016-04-19T09:44:20","guid":{"rendered":"https:\/\/steelwrist.com\/fi\/tappade-skopor\/"},"modified":"2024-10-04T12:26:23","modified_gmt":"2024-10-04T10:26:23","slug":"putoavat-kauhat","status":"publish","type":"page","link":"https:\/\/steelwrist.com\/fi\/putoavat-kauhat\/","title":{"rendered":"Putoavat kauhat"},"content":{"rendered":"<h3>Kuinka suuresta ongelmasta onkaan kyse?<\/h3>\n<p>Ruotsin ty\u00f6turvallisuusviranomaiset saavat noin kerran kuussa ilmoituksen ty\u00f6tapaturmasta, joka liittyy pudonneeseen kauhaan. Raportoimatta j\u00e4\u00e4neiden tapausten lukum\u00e4\u00e4r\u00e4 on Preventin* mukaan luultavasti paljon suurempi.<\/p>\n<p>*(Voittoa tavoittelematon organisaatio, jonka omistaa Ruotsin yritys- ja ammattiliittojen keskusj\u00e4rjest\u00f6t)<\/p>\n<h5>Prevent teki vuonna 2011 videon pikakiinnikkeisiin liittyvist\u00e4 riskeist\u00e4.<\/h5>\n<div class=\"video-embed-container\"><iframe loading=\"lazy\" title=\"L\u00e5s s\u00e4kert - det kan g\u00e4lla livet\" width=\"500\" height=\"281\" src=\"https:\/\/www.youtube.com\/embed\/qhNnbCJvwgE?feature=oembed\" frameborder=\"0\" allow=\"accelerometer; autoplay; clipboard-write; encrypted-media; gyroscope; picture-in-picture; web-share\" referrerpolicy=\"strict-origin-when-cross-origin\" allowfullscreen><\/iframe><\/div>\n","protected":false},"excerpt":{"rendered":"<p>Kuinka suuresta ongelmasta onkaan kyse? Ruotsin ty\u00f6turvallisuusviranomaiset saavat noin kerran kuussa ilmoituksen ty\u00f6tapaturmasta, joka liittyy pudonneeseen kauhaan. Raportoimatta j\u00e4\u00e4neiden tapausten lukum\u00e4\u00e4r\u00e4 on Preventin* mukaan luultavasti paljon suurempi. *(Voittoa tavoittelematon organisaatio, jonka omistaa Ruotsin yritys- ja ammattiliittojen keskusj\u00e4rjest\u00f6t) Prevent teki vuonna&#8230;<\/p>\n","protected":false},"author":12,"featured_media":0,"parent":0,"menu_order":21,"comment_status":"closed","ping_status":"closed","template":"","meta":{"footnotes":""},"class_list":["post-14920","page","type-page","status-publish","hentry"],"acf":[],"_links":{"self":[{"href":"https:\/\/steelwrist.com\/fi\/wp-json\/wp\/v2\/pages\/14920","targetHints":{"allow":["GET"]}}],"collection":[{"href":"https:\/\/steelwrist.com\/fi\/wp-json\/wp\/v2\/pages"}],"about":[{"href":"https:\/\/steelwrist.com\/fi\/wp-json\/wp\/v2\/types\/page"}],"author":[{"embeddable":true,"href":"https:\/\/steelwrist.com\/fi\/wp-json\/wp\/v2\/users\/12"}],"replies":[{"embeddable":true,"href":"https:\/\/steelwrist.com\/fi\/wp-json\/wp\/v2\/comments?post=14920"}],"version-history":[{"count":6,"href":"https:\/\/steelwrist.com\/fi\/wp-json\/wp\/v2\/pages\/14920\/revisions"}],"predecessor-version":[{"id":200164,"href":"https:\/\/steelwrist.com\/fi\/wp-json\/wp\/v2\/pages\/14920\/revisions\/200164"}],"wp:attachment":[{"href":"https:\/\/steelwrist.com\/fi\/wp-json\/wp\/v2\/media?parent=14920"}],"curies":[{"name":"wp","href":"https:\/\/api.w.org\/{rel}","templated":true}]}}