{"id":14909,"date":"2016-04-06T16:17:39","date_gmt":"2016-04-06T14:17:39","guid":{"rendered":"https:\/\/steelwrist.com\/fi\/faq-regelverk\/"},"modified":"2020-05-13T11:25:21","modified_gmt":"2020-05-13T09:25:21","slug":"faq-saantoja","status":"publish","type":"page","link":"https:\/\/steelwrist.com\/fi\/kysymyksia-ja-vastauksia\/faq-saantoja\/","title":{"rendered":"S\u00e4\u00e4nn\u00f6t, s\u00e4\u00e4d\u00f6kset ja standardit"},"content":{"rendered":"<p class=\"ingress\">Emme voi sanella miten toimia mutta voimme auttaa sinua ymm\u00e4rt\u00e4m\u00e4\u00e4n mit\u00e4 tulee tehd\u00e4. Saamme melko usein kysymyksi\u00e4 siit\u00e4, mit\u00e4 s\u00e4\u00e4nt\u00f6j\u00e4 sovelletaan ja mit\u00e4 voi tapahtua, jos niit\u00e4 ei noudateta. T\u00e4ss\u00e4 vastauksemma yleisimpiin kysymyksiin.\u00a0Huomaathan, ett\u00e4 emme k\u00e4y l\u00e4pi kaikkia s\u00e4\u00e4nt\u00f6j\u00e4 vaan keskitymme muutamiin, jotka sinun on hyv\u00e4 tiet\u00e4\u00e4.<\/p>\n<h3>Mik\u00e4 on konedirektiivi?<\/h3>\n<p>Uusi Konedirektiivi (2006\/42\/EC) tuli voimaan 29.12.2009. Se vaikuttaa CE-merkittyihin koneisiin.<\/p>\n<p><span style=\"color: #000000;\"><strong>CE-merkint\u00e4 kertoo:<\/strong><\/span><\/p>\n<ul>\n<li>Valmistaja vakuuttaa ett\u00e4 kone on direktiivin mukainen<\/li>\n<li>Valmistaja ottaa vastuun koneen turvallisuudesta<\/li>\n<li>Koneen pit\u00e4\u00e4 olla mahdollisimman turvallinen.<\/li>\n<li>Ostaja saa vaatimustenmukaisuusvakuutuksen<\/li>\n<li>Valmistaja vastaa teknisist\u00e4 dokumenteista.<\/li>\n<li>Konetta voidaan vapaasti myyd\u00e4 EU:n sis\u00e4ll\u00e4<\/li>\n<\/ul>\n<h3>Milloin pikakiinnikkeiden uusi standardi julkaistaan?<\/h3>\n<p>Kahvaohjaukseen vaikuttava turvallisuusstandardi on ISO5010 ja s\u00e4hk\u00f6standardi ISO15998.\u00a0Lyhyesti sanoen seuraavat ehdot pit\u00e4\u00e4 t\u00e4ytty\u00e4 mik\u00e4li kahvaohjaus asennetaan py\u00f6r\u00e4alustaiseen kaivinkoneeseen.<\/p>\n<ul>\n<li>Alkuper\u00e4isest\u00e4 ohjauspy\u00f6r\u00e4st\u00e4 ojaaminen tulee s\u00e4ily\u00e4 aktiivisena ja siit\u00e4 ohjaaminen tulee olla 1-prioriteetti.<\/li>\n<li>Kahvaohjaus tulee voida kytke\u00e4 pois p\u00e4\u00e4lt\u00e4.<\/li>\n<li>Kahvaohjauksen aktiivisuus pit\u00e4\u00e4 ilmaista visuaalisesti.<\/li>\n<li>Maksiminopeus ei saa ylitt\u00e4\u00e4 20 km\/h, kun kahvaohjaus on aktivoitu.<\/li>\n<li>Kahvaohjaus pit\u00e4\u00e4 aktivoida aina uudelleen koneen k\u00e4yt\u00f6n aloittamisen yhteydess\u00e4.<\/li>\n<li>Vikatilanteessa kahvaohjauksen on kytkeydytt\u00e4v\u00e4 pois p\u00e4\u00e4lt\u00e4.<\/li>\n<li>Maksimi nopeus kahva-ajolle on koeajossa m\u00e4\u00e4ritett\u00e4v\u00e4 jokaiselle koneelle.<\/li>\n<\/ul>\n<h3>Milloin tulee uusi standardi pikakiinnikkeisiin.<\/h3>\n<p>Milloin tulee pikakiinnike standardi ISO 13031 Standardi on valmis ja \u00e4\u00e4nestykset suoritettu. Se saattaa tulla voimaan jo vuoden 2016 aikana. Ajatus on, ett\u00e4 stadardista tulee kehysty\u00f6kalu erillaisille kaivukonepikakiinikkeille. Liittimet jaetaan erilaisiin tyyppeihin ja kaikki tulevat saamaan omat turvavaatimuksensa. Suurimmat muutokset ovat:<\/p>\n<ul>\n<li>Kaikki pikakiinikkeet jaetaan kolmeen luokkaan ja kaikille omat turvavaatimuksenta. S-liittimiin p\u00e4tee s\u00e4\u00e4nt\u00f6 &#8221;Wedge Locked Quick Couplers&#8221;.<\/li>\n<li>Takaiskuventtili ei ole en\u00e4\u00e4 pakollinen mik\u00e4li hydrauliikka pit\u00e4\u00e4.<\/li>\n<li>Ohjausj\u00e4rjestelm\u00e4lle suuri muutos on, ett\u00e4 kaikkien pit\u00e4\u00e4 tiet\u00e4\u00e4, ett\u00e4 h\u00e4lytin toimii kun kone k\u00e4ynnistet\u00e4\u00e4n<\/li>\n<\/ul>\n<h3>Mik\u00e4 on pikakiinnikkeiden symmetrisyys standardi?<\/h3>\n<p>Symmetrinen standardi on koneista riippumaton ja sit\u00e4 hallinnoi Ruotsalainen rakennuskoneiden kauppaj\u00e4rjest\u00f6.\u00a0Standardoinnilla saavutetaan:<\/p>\n<ul>\n<li>Turvallinen ja k\u00e4ytt\u00e4j\u00e4yst\u00e4v\u00e4llinen standardi joka on yhtenev\u00e4inen kansainv\u00e4listen standardien kanssa, kuten EN 474 ja tulossa oleva ISO13031.<\/li>\n<li>Kilpailukykyinen, mutta teollisesti avoin standardi, joka ei ole vain yhden valmistajan hallinnoima vaan on tunnustettu puolueettomien ammatillisten organisaatioiden toimesta.<\/li>\n<li>Yhten\u00e4inen pikakiinnikemallisto eri kokoluokissa.<\/li>\n<li>Yhten\u00e4iset valmistusmetodit.<\/li>\n<li>Kustannustehokas ratkaisu, joka sopii uusiin ja vanhoihin kauhoihin ja lis\u00e4laitteisiin.<\/li>\n<li>Mallisto, joka soveltuu k\u00e4ytett\u00e4v\u00e4ksi erilaisten py\u00f6ritysvaihteiden kanssa.<\/li>\n<li>Standardi, jolla s\u00e4ilytet\u00e4\u00e4n kaivinkoneiden alkuper\u00e4iset ominaisuudet mahdollisimman hyvin.<\/li>\n<li>Kiinnike, jonka leveys on yhtenev\u00e4inen useimpien kaivinkoneiden puomien kanssa.<\/li>\n<li>V\u00e4lykset\u00f6n kiinnike, jota ei tarvitse &#8221;simmata&#8221;.<\/li>\n<li>Malli, johon voidaan tulevaisuudessa lis\u00e4t\u00e4 automaattiset s\u00e4hk\u00f6- ja \u00f6ljyliit\u00e4nn\u00e4t.<\/li>\n<li>Standardi jota tukevat Pohjoismaiset laitevalmistajat ja maahantuojat.<\/li>\n<\/ul>\n","protected":false},"excerpt":{"rendered":"<p>Emme voi sanella miten toimia mutta voimme auttaa sinua ymm\u00e4rt\u00e4m\u00e4\u00e4n mit\u00e4 tulee tehd\u00e4. Saamme melko usein kysymyksi\u00e4 siit\u00e4, mit\u00e4 s\u00e4\u00e4nt\u00f6j\u00e4 sovelletaan ja mit\u00e4 voi tapahtua, jos niit\u00e4 ei noudateta. T\u00e4ss\u00e4 vastauksemma yleisimpiin kysymyksiin.\u00a0Huomaathan, ett\u00e4 emme k\u00e4y l\u00e4pi kaikkia s\u00e4\u00e4nt\u00f6j\u00e4 vaan&#8230;<\/p>\n","protected":false},"author":12,"featured_media":0,"parent":15833,"menu_order":0,"comment_status":"closed","ping_status":"closed","template":"","meta":{"footnotes":""},"class_list":["post-14909","page","type-page","status-publish","hentry"],"acf":[],"_links":{"self":[{"href":"https:\/\/steelwrist.com\/fi\/wp-json\/wp\/v2\/pages\/14909","targetHints":{"allow":["GET"]}}],"collection":[{"href":"https:\/\/steelwrist.com\/fi\/wp-json\/wp\/v2\/pages"}],"about":[{"href":"https:\/\/steelwrist.com\/fi\/wp-json\/wp\/v2\/types\/page"}],"author":[{"embeddable":true,"href":"https:\/\/steelwrist.com\/fi\/wp-json\/wp\/v2\/users\/12"}],"replies":[{"embeddable":true,"href":"https:\/\/steelwrist.com\/fi\/wp-json\/wp\/v2\/comments?post=14909"}],"version-history":[{"count":7,"href":"https:\/\/steelwrist.com\/fi\/wp-json\/wp\/v2\/pages\/14909\/revisions"}],"predecessor-version":[{"id":200162,"href":"https:\/\/steelwrist.com\/fi\/wp-json\/wp\/v2\/pages\/14909\/revisions\/200162"}],"up":[{"embeddable":true,"href":"https:\/\/steelwrist.com\/fi\/wp-json\/wp\/v2\/pages\/15833"}],"wp:attachment":[{"href":"https:\/\/steelwrist.com\/fi\/wp-json\/wp\/v2\/media?parent=14909"}],"curies":[{"name":"wp","href":"https:\/\/api.w.org\/{rel}","templated":true}]}}