{"id":107037,"date":"2019-03-28T15:42:36","date_gmt":"2019-03-28T14:42:36","guid":{"rendered":"https:\/\/steelwrist.com\/stellungnahme-zur-kompatibilitat\/"},"modified":"2022-09-23T13:06:30","modified_gmt":"2022-09-23T11:06:30","slug":"sq-standardoidun-liittimen-yhteensopivuus","status":"publish","type":"page","link":"https:\/\/steelwrist.com\/fi\/sq-standardoidun-liittimen-yhteensopivuus\/","title":{"rendered":"SQ-standardin yhteensopivuus muiden t\u00e4yshydraulisten pikakiinnikkeisiin ja -ty\u00f6laitteisiin"},"content":{"rendered":"<p>SQ tarkoittaa t\u00e4ysautomaattista \u00f6ljyliitostekniikkaa, jota k\u00e4ytet\u00e4\u00e4n kaivinkoneiden kauhanpy\u00f6ritt\u00e4jiss\u00e4 sek\u00e4 pikakiinnikkeiss\u00e4 kytkem\u00e4\u00e4n hydrauliset ty\u00f6laitteet. Se on vankkarakenteinen ja teknisesti huippuluokkaa.<\/p>\n<p>K\u00e4ytett\u00e4ess\u00e4 SQ:ta muiden valmistajien pikakiinnikeiden tai ty\u00f6laitteiden kanssa, on t\u00e4rke\u00e4\u00e4 varmistaa niiden t\u00e4ydellinen yhteensopivuus. Oheinen tarkistuslista voi olla avuksi.<\/p>\n<p>Kun olet tarkistanut yhteensopivuuden oheisen listan mukaan Steelwrist antaa hyv\u00e4ksynn\u00e4n kytke\u00e4 pikakiinnikkeemme tai ty\u00f6laitteemme muiden valmistajien vastaaviin, mik\u00e4li tuotteitamme k\u00e4ytet\u00e4\u00e4n niille tarkoitettuihin ty\u00f6suoritteisiin ohjekirjan mukaisesti. T\u00e4ll\u00f6in yhteisk\u00e4yt\u00f6st\u00e4 ei aiheudu ristiriitaa Steelwristin CE-merkinn\u00e4n kanssa.<\/p>\n<p><strong>1. Tarkista yhteensopivuus<\/strong><\/p>\n<p>a. Varmista ett\u00e4 ty\u00f6laiteadapterissa on samanlainen hydrauliikan konfiguraatio kuin pikakiinnikkeess\u00e4. Varmista ett\u00e4 liitinten koot ja asemointi t\u00e4sm\u00e4\u00e4v\u00e4t pikakiinnikkeess\u00e4 ja sel\u00e4kkeess\u00e4.<\/p>\n<p>b. Varmista ett\u00e4 ty\u00f6kalun sel\u00e4ke on standardin mukainen (Symmetrical Quick Couplers for Excavators, June 2011 edition). Mik\u00e4li sel\u00e4ke ei ole standardin mukainen, kuten esimerkiksi etummaisen tapin keskiosan ollessa paksumpi (kuva 1.) se ei sovi yhteen SQ:n kanssa. Mik\u00e4li kiinnike ei kytkeydy, yleinen helposti havaittava syy on ett\u00e4 sivulevyjen ohjurit ovat erilaiset. L\u00e4hde: Symmetrical Quick Couplers for Excavators (PDF). SQ 70\/55 ja SQ 65 mitat l\u00f6yd\u00e4t taulukosta 1.<\/p>\n<p>c. Kaikki Steelwristin SQ-pikaliittimet on varustettu ainutlaatuisella Front Pin Lockilla (FPL) lis\u00e4t\u00e4ksemme turvallisuutta ty\u00f6laitteiden vaihdoissa. Varmista riitt\u00e4v\u00e4 tila FPL:n toimivuuteen. Katso kuva 2. ja taulukko 2. Joissain ty\u00f6laitteissa voi olla Symmetrisen kiinnikestandardin vastaiset sivulevyt. Mik\u00e4li t\u00e4llaiset est\u00e4v\u00e4t kytkemisen, ota yhteytt\u00e4 Steelwristiin mik\u00e4li muutoksille ilmenee tarvetta. Mik\u00e4li SQ:n turvaominaisuus vaatii pieni\u00e4 muutoksia toimiakseen kunnolla, Steelwrist ohjeistaa teit\u00e4 muutost\u00f6iss\u00e4.<\/p>\n<p>d. Mik\u00e4li ty\u00f6laitteessa on s\u00e4hk\u00f6liitin, t\u00e4ytyy pikaliittimess\u00e4 olla saman tyyppinen liit\u00e4nt\u00e4. N\u00e4m\u00e4 voidaan vaihtaa yhteensopiviksi. Steelwristin V14 on vahvarakenteinen ja yhteensopiva muihin vastaaviin.<\/p>\n<p>Voitte valita joko V90, perinteisen 10-napaisen liittimen tai V14, kehittyneemm\u00e4n 14-napaisen liitimen. Mik\u00e4li pikakiinnikkeess\u00e4nne tai ty\u00f6laitteessanne on rinnakkain kaksi V90 liitint\u00e4, ne t\u00e4ytyy korvata yhdell\u00e4 V14 liittimell\u00e4.<\/p>\n<p><strong>2. Testaa toiminnot (tasaisella alustalla ja turvallisen et\u00e4\u00e4ll\u00e4 ihmisist\u00e4)<\/strong><\/p>\n<p>a. Kytke pikakiinnike ty\u00f6laitteeseen varoen. Mik\u00e4li pieni\u00e4 mekaanisia eroavuuksia ilmenee, ne on korjattava ennen seuraavaa vaihetta.<\/p>\n<p>b. Varmista FPL:n toiminta kytkem\u00e4ll\u00e4 vain etummainen tappi. Lukitse pikakiinnike tarkoituksen mukaisesti siten ett\u00e4 takakiilat eiv\u00e4t ole takimmaisen tapin alla. T\u00e4ll\u00f6in pikakiinnikkeen vihre\u00e4 lukitusilmaisin ty\u00f6ntyy esiin ja ty\u00f6laite j\u00e4\u00e4 roikkumaan FPL:n varaan.<\/p>\n<p>c. Kytke ty\u00f6laite oikein ja varmista \u00f6ljyliitinten kytkeytyminen. Tarkista ettei \u00f6ljy\u00e4 vuoda ja ett\u00e4 laite toimii.<\/p>\n<p>d. Mik\u00e4li ty\u00f6laitte on s\u00e4hk\u00f6istetty, tarkista s\u00e4hk\u00f6iset toiminnot.<\/p>\n<p>HUOMIO: Mik\u00e4li ep\u00e4ilet laitteiden yhteensopivuutta, ota yhteys Steelwristiin lis\u00e4ohjeita varten. Yhteensopimaton laite voi aiheuttaa turvallisuusriskin.<\/p>\n<p>HUOMIO: Lue k\u00e4ytt\u00f6ohjeet ennen k\u00e4ytt\u00f6\u00f6nottoa<\/p>\n<p>HUOMIO: Mik\u00e4li ty\u00f6laitteesi sel\u00e4kkeess\u00e4 on likasuoja mik\u00e4 ei sovi yhteen SQ FPL-toiminnon kanssa, Steelwrist voi toimittaa sopivan suojan.<\/p>\n<p>&nbsp;<\/p>\n<div id=\"attachment_107079\" style=\"width: 610px\" class=\"wp-caption alignnone\"><img loading=\"lazy\" decoding=\"async\" aria-describedby=\"caption-attachment-107079\" class=\"wp-image-107079 size-full\" src=\"https:\/\/steelwrist.com\/wp-content\/uploads\/Picture-1-e1562748921240.png\" alt=\"Non conforming front pin\" width=\"600\" height=\"277\" \/><p id=\"caption-attachment-107079\" class=\"wp-caption-text\">Kuva 1. Esimerkki standardin vastaisesta etutapista. Se ei sovi kidan pohjaan. Etutapin t\u00e4ytyy olla S-standardin mukainen, eli koko mitalta sama halkaisia<\/p><\/div>\n<p>&nbsp;<\/p>\n<div id=\"attachment_158496\" style=\"width: 666px\" class=\"wp-caption alignnone\"><img loading=\"lazy\" decoding=\"async\" aria-describedby=\"caption-attachment-158496\" class=\"wp-image-158496 size-full\" src=\"https:\/\/steelwrist.com\/wp-content\/uploads\/Screenshot-2019-11-18-at-15.59.30.png\" alt=\"SQ\" width=\"656\" height=\"128\" srcset=\"https:\/\/steelwrist.com\/wp-content\/uploads\/Screenshot-2019-11-18-at-15.59.30.png 656w, https:\/\/steelwrist.com\/wp-content\/uploads\/Screenshot-2019-11-18-at-15.59.30-300x59.png 300w, https:\/\/steelwrist.com\/wp-content\/uploads\/Screenshot-2019-11-18-at-15.59.30-150x29.png 150w, https:\/\/steelwrist.com\/wp-content\/uploads\/Screenshot-2019-11-18-at-15.59.30-24x5.png 24w, https:\/\/steelwrist.com\/wp-content\/uploads\/Screenshot-2019-11-18-at-15.59.30-36x7.png 36w, https:\/\/steelwrist.com\/wp-content\/uploads\/Screenshot-2019-11-18-at-15.59.30-48x9.png 48w, https:\/\/steelwrist.com\/wp-content\/uploads\/Screenshot-2019-11-18-at-15.59.30-110x21.png 110w, https:\/\/steelwrist.com\/wp-content\/uploads\/Screenshot-2019-11-18-at-15.59.30-75x15.png 75w\" sizes=\"auto, (max-width: 656px) 100vw, 656px\" \/><p id=\"caption-attachment-158496\" class=\"wp-caption-text\">Taulukko 1. Perusmitat, laajat S-mitat<\/p><\/div>\n<p>&nbsp;<\/p>\n<div id=\"attachment_107107\" style=\"width: 610px\" class=\"wp-caption alignnone\"><img loading=\"lazy\" decoding=\"async\" aria-describedby=\"caption-attachment-107107\" class=\"wp-image-107107 size-full\" src=\"https:\/\/steelwrist.com\/wp-content\/uploads\/Picture-2-e1562749082173.png\" alt=\"FPL Clearance\" width=\"600\" height=\"284\" \/><p id=\"caption-attachment-107107\" class=\"wp-caption-text\">Kuva 2. FPL:n tilantarve<\/p><\/div>\n<p>&nbsp;<\/p>\n<div id=\"attachment_158513\" style=\"width: 250px\" class=\"wp-caption alignnone\"><img loading=\"lazy\" decoding=\"async\" aria-describedby=\"caption-attachment-158513\" class=\"wp-image-158513 size-full\" src=\"https:\/\/steelwrist.com\/wp-content\/uploads\/Table-2-FI.png\" alt=\"SQ FPL\" width=\"240\" height=\"130\" srcset=\"https:\/\/steelwrist.com\/wp-content\/uploads\/Table-2-FI.png 240w, https:\/\/steelwrist.com\/wp-content\/uploads\/Table-2-FI-150x81.png 150w, https:\/\/steelwrist.com\/wp-content\/uploads\/Table-2-FI-24x13.png 24w, https:\/\/steelwrist.com\/wp-content\/uploads\/Table-2-FI-36x20.png 36w, https:\/\/steelwrist.com\/wp-content\/uploads\/Table-2-FI-48x26.png 48w, https:\/\/steelwrist.com\/wp-content\/uploads\/Table-2-FI-110x60.png 110w, https:\/\/steelwrist.com\/wp-content\/uploads\/Table-2-FI-75x41.png 75w\" sizes=\"auto, (max-width: 240px) 100vw, 240px\" \/><p id=\"caption-attachment-158513\" class=\"wp-caption-text\">Taulukko 2. FPL:n tilantarve<\/p><\/div>\n","protected":false},"excerpt":{"rendered":"<p>SQ tarkoittaa t\u00e4ysautomaattista \u00f6ljyliitostekniikkaa, jota k\u00e4ytet\u00e4\u00e4n kaivinkoneiden kauhanpy\u00f6ritt\u00e4jiss\u00e4 sek\u00e4 pikakiinnikkeiss\u00e4 kytkem\u00e4\u00e4n hydrauliset ty\u00f6laitteet. Se on vankkarakenteinen ja teknisesti huippuluokkaa. K\u00e4ytett\u00e4ess\u00e4 SQ:ta muiden valmistajien pikakiinnikeiden tai ty\u00f6laitteiden kanssa, on t\u00e4rke\u00e4\u00e4 varmistaa niiden t\u00e4ydellinen yhteensopivuus. Oheinen tarkistuslista voi olla avuksi. Kun olet&#8230;<\/p>\n","protected":false},"author":12,"featured_media":0,"parent":0,"menu_order":0,"comment_status":"closed","ping_status":"closed","template":"","meta":{"footnotes":""},"class_list":["post-107037","page","type-page","status-publish","hentry"],"acf":[],"_links":{"self":[{"href":"https:\/\/steelwrist.com\/fi\/wp-json\/wp\/v2\/pages\/107037","targetHints":{"allow":["GET"]}}],"collection":[{"href":"https:\/\/steelwrist.com\/fi\/wp-json\/wp\/v2\/pages"}],"about":[{"href":"https:\/\/steelwrist.com\/fi\/wp-json\/wp\/v2\/types\/page"}],"author":[{"embeddable":true,"href":"https:\/\/steelwrist.com\/fi\/wp-json\/wp\/v2\/users\/12"}],"replies":[{"embeddable":true,"href":"https:\/\/steelwrist.com\/fi\/wp-json\/wp\/v2\/comments?post=107037"}],"version-history":[{"count":6,"href":"https:\/\/steelwrist.com\/fi\/wp-json\/wp\/v2\/pages\/107037\/revisions"}],"predecessor-version":[{"id":230662,"href":"https:\/\/steelwrist.com\/fi\/wp-json\/wp\/v2\/pages\/107037\/revisions\/230662"}],"wp:attachment":[{"href":"https:\/\/steelwrist.com\/fi\/wp-json\/wp\/v2\/media?parent=107037"}],"curies":[{"name":"wp","href":"https:\/\/api.w.org\/{rel}","templated":true}]}}