{"id":12189,"date":"2016-03-15T13:24:46","date_gmt":"2016-03-15T12:24:46","guid":{"rendered":"https:\/\/steelwrist.com\/de\/case\/"},"modified":"2026-01-14T08:54:04","modified_gmt":"2026-01-14T07:54:04","slug":"case","status":"publish","type":"page","link":"https:\/\/steelwrist.com\/de\/ihren-bagger\/case\/","title":{"rendered":"Case"},"content":{"rendered":"<p>Unabh\u00e4ngig davon, ob Sie einen sicheren und robusten Schnellwechsler, einen fortschrittlicheren Schwenk- oder Rotorwechsler oder den effizientesten Tiltrotator ben\u00f6tigen, wir haben die L\u00f6sung f\u00fcr Sie. W\u00e4hlen Sie aus einer Vielzahl von Anbauger\u00e4ten, Werkzeugen und L\u00f6ffeln \u2013 alle perfekt f\u00fcr den Einsatz unter dem Tiltrotator entwickelt. Der Bagger ist damit bereit, eine Vielzahl unterschiedlicher Aufgaben zu \u00fcbernehmen \u2013 egal ob Graben, Heben, Planieren, Sortieren, Verdichten, Abbruch usw.<\/p>\n<p><span data-sheets-root=\"1\">Filtern Sie unten nach dem Gewicht Ihres Baggers, um die passenden Steelwrist-Ger\u00e4te f\u00fcr Ihre Maschine zu finden.<\/span><\/p>\n<h4><span data-sheets-root=\"1\">HABEN SIE FRAGEN?<\/span><\/h4>\n<p><span data-sheets-root=\"1\">Sprechen Sie mit Ihrem H\u00e4ndler und lassen Sie sich ein Angebot erstellen \u2013 oder rufen Sie uns an unter: 040-52 47 90 460, wir helfen Ihnen gerne weiter.<\/span><\/p>\n\n","protected":false},"excerpt":{"rendered":"","protected":false},"author":12,"featured_media":0,"parent":12255,"menu_order":5,"comment_status":"closed","ping_status":"closed","template":"template-excavator-brand.php","meta":{"footnotes":""},"class_list":["post-12189","page","type-page","status-publish","hentry"],"acf":[],"_links":{"self":[{"href":"https:\/\/steelwrist.com\/de\/wp-json\/wp\/v2\/pages\/12189","targetHints":{"allow":["GET"]}}],"collection":[{"href":"https:\/\/steelwrist.com\/de\/wp-json\/wp\/v2\/pages"}],"about":[{"href":"https:\/\/steelwrist.com\/de\/wp-json\/wp\/v2\/types\/page"}],"author":[{"embeddable":true,"href":"https:\/\/steelwrist.com\/de\/wp-json\/wp\/v2\/users\/12"}],"replies":[{"embeddable":true,"href":"https:\/\/steelwrist.com\/de\/wp-json\/wp\/v2\/comments?post=12189"}],"version-history":[{"count":5,"href":"https:\/\/steelwrist.com\/de\/wp-json\/wp\/v2\/pages\/12189\/revisions"}],"predecessor-version":[{"id":311504,"href":"https:\/\/steelwrist.com\/de\/wp-json\/wp\/v2\/pages\/12189\/revisions\/311504"}],"up":[{"embeddable":true,"href":"https:\/\/steelwrist.com\/de\/wp-json\/wp\/v2\/pages\/12255"}],"wp:attachment":[{"href":"https:\/\/steelwrist.com\/de\/wp-json\/wp\/v2\/media?parent=12189"}],"curies":[{"name":"wp","href":"https:\/\/api.w.org\/{rel}","templated":true}]}}