{"id":11892,"date":"2016-03-08T14:25:41","date_gmt":"2016-03-08T13:25:41","guid":{"rendered":"https:\/\/steelwrist.com\/de\/support-reservdelar\/"},"modified":"2023-02-13T10:39:14","modified_gmt":"2023-02-13T09:39:14","slug":"support","status":"publish","type":"page","link":"https:\/\/steelwrist.com\/de\/service\/support\/","title":{"rendered":"Support"},"content":{"rendered":"<p class=\"ingress\"><span data-sheets-value=\"{&quot;1&quot;:2,&quot;2&quot;:&quot;Manchmal geht leider doch etwas kaputt\\nDer Kunde steht bei Steelwrist immer im Mittelpunkt. Unser Ziel im Kundendienst ist es, immer eine schnelle und professionelle Hilfe anzubieten, unabh\\u00e4ngig vom Produkt. Wir schulen unsere H\\u00e4ndler, damit sie Sie den besten Service bieten k\\u00f6nnen.&quot;}\" data-sheets-userformat=\"{&quot;2&quot;:769,&quot;3&quot;:{&quot;1&quot;:0},&quot;11&quot;:4,&quot;12&quot;:0}\">Manchmal geht leider doch etwas kaputt.\u00a0<\/span><\/p>\n<p class=\"ingress\"><span data-sheets-value=\"{&quot;1&quot;:2,&quot;2&quot;:&quot;Manchmal geht leider doch etwas kaputt\\nDer Kunde steht bei Steelwrist immer im Mittelpunkt. Unser Ziel im Kundendienst ist es, immer eine schnelle und professionelle Hilfe anzubieten, unabh\\u00e4ngig vom Produkt. Wir schulen unsere H\\u00e4ndler, damit sie Sie den besten Service bieten k\\u00f6nnen.&quot;}\" data-sheets-userformat=\"{&quot;2&quot;:769,&quot;3&quot;:{&quot;1&quot;:0},&quot;11&quot;:4,&quot;12&quot;:0}\">Der Kunde steht bei Steelwrist immer im Mittelpunkt. Unser Ziel im Kundendienst ist es, immer eine schnelle und professionelle Hilfe anzubieten, unabh\u00e4ngig vom Produkt. Wir schulen unsere H\u00e4ndler, damit sie Sie den besten Service bieten k\u00f6nnen.<\/span><\/p>\n<h3>Pers\u00f6nlicher Service<\/h3>\n<p>Unser Support ist ge\u00f6ffnet von Montag &#8211; Freitag 07:00 &#8211; 16:00h.<\/p>\n<p>Technischer Support: <a href=\"tel:+4940524790462\">+49 40 52 47 90 462<\/a><\/p>\n<p>Ersatzteile: <a href=\"tel:+4940524790462\">+49 40 52 47 90 462<\/a><\/p>\n<p>E-Mail:\u00a0<a href=\"mailto:support-de@steelwrist.com\">support-de@steelwrist.com<\/a><\/p>\n<p>Wir haben auch lokalen Support und Service-Partner in vielen L\u00e4ndern. Den Kontakt finden Sie unter Service-Partner.<\/p>\n<h3>Sprechen Sie mit uns<\/h3>\n<p>Sie k\u00f6nnen uns auch \u00fcber die Chat-Funktion unten rechts erreichen!<\/p>\n<h3>Das Steelwrist Support Web<\/h3>\n<p>\u00dcber unser Support Web haben unsere Service Partner jederzeit Zugriff auf alle Informationen rund um unsere Produkte. Hier k\u00f6nnen sie unter anderem die Dokumentation zu den jeweiligen Produkten finden, Ersatzteile bestellen, Fragen stellen und Garantieantr\u00e4ge stellen. Die Mitarbeiter im Kundendienst von Steelwrist behandeln und erledigen Ihre Fragen und Anliegen w\u00e4hrend der \u00d6ffnungszeiten.<\/p>\n","protected":false},"excerpt":{"rendered":"<p>Manchmal geht leider doch etwas kaputt.\u00a0 Der Kunde steht bei Steelwrist immer im Mittelpunkt. Unser Ziel im Kundendienst ist es, immer eine schnelle und professionelle Hilfe anzubieten, unabh\u00e4ngig vom Produkt. Wir schulen unsere H\u00e4ndler, damit sie Sie den besten Service&#8230;<\/p>\n","protected":false},"author":12,"featured_media":0,"parent":12823,"menu_order":12,"comment_status":"closed","ping_status":"closed","template":"","meta":{"footnotes":""},"class_list":["post-11892","page","type-page","status-publish","hentry"],"acf":[],"_links":{"self":[{"href":"https:\/\/steelwrist.com\/de\/wp-json\/wp\/v2\/pages\/11892","targetHints":{"allow":["GET"]}}],"collection":[{"href":"https:\/\/steelwrist.com\/de\/wp-json\/wp\/v2\/pages"}],"about":[{"href":"https:\/\/steelwrist.com\/de\/wp-json\/wp\/v2\/types\/page"}],"author":[{"embeddable":true,"href":"https:\/\/steelwrist.com\/de\/wp-json\/wp\/v2\/users\/12"}],"replies":[{"embeddable":true,"href":"https:\/\/steelwrist.com\/de\/wp-json\/wp\/v2\/comments?post=11892"}],"version-history":[{"count":6,"href":"https:\/\/steelwrist.com\/de\/wp-json\/wp\/v2\/pages\/11892\/revisions"}],"predecessor-version":[{"id":235593,"href":"https:\/\/steelwrist.com\/de\/wp-json\/wp\/v2\/pages\/11892\/revisions\/235593"}],"up":[{"embeddable":true,"href":"https:\/\/steelwrist.com\/de\/wp-json\/wp\/v2\/pages\/12823"}],"wp:attachment":[{"href":"https:\/\/steelwrist.com\/de\/wp-json\/wp\/v2\/media?parent=11892"}],"curies":[{"name":"wp","href":"https:\/\/api.w.org\/{rel}","templated":true}]}}