{"id":11886,"date":"2016-02-17T14:57:21","date_gmt":"2016-02-17T13:57:21","guid":{"rendered":"https:\/\/steelwrist.com\/de\/faltservice\/"},"modified":"2023-02-07T17:08:22","modified_gmt":"2023-02-07T16:08:22","slug":"kundendienst","status":"publish","type":"page","link":"https:\/\/steelwrist.com\/de\/service\/kundendienst\/","title":{"rendered":"Kundendienst"},"content":{"rendered":"<h2>Unterst\u00fctzung direkt von Steelwrist oder von einem unserer Service Partner in Ihrer N\u00e4he<\/h2>\n<p><span style=\"font-size: 1rem; line-height: 1.55;\">Unser eigener Kundendienst ist die Verbindung zwischen unserer Entwicklungsabteilung und dem Endkunden. Normalerweise l\u00f6sen unsere H\u00e4ndler m\u00f6gliche Probleme direkt vor Ort. Sollte unser Hilfe notwendig sein, sind wir nat\u00fcrlich jederzeit verf\u00fcgbar oder wir m\u00f6chten uns aus Gr\u00fcnden der Produktverbesserung den Einsatz anschauen. <\/span><\/p>\n<p><span style=\"font-size: 1rem; line-height: 1.55;\">Es ist wichtig, dass Probleme schnell gel\u00f6st werden und dass unser zentraler Kundendienst bei Bedarf verf\u00fcgbar ist, falls notwendig. <\/span><\/p>\n<p><span style=\"font-size: 1rem; line-height: 1.55;\">Sie k\u00f6nnnen unseren Kundendienst jederzeit anrufen <a href=\"tel:+4940524790461\">+49 40 52 47 90 461<\/a>.<\/span><\/p>\n","protected":false},"excerpt":{"rendered":"<p>Unterst\u00fctzung direkt von Steelwrist oder von einem unserer Service Partner in Ihrer N\u00e4he Unser eigener Kundendienst ist die Verbindung zwischen unserer Entwicklungsabteilung und dem Endkunden. Normalerweise l\u00f6sen unsere H\u00e4ndler m\u00f6gliche Probleme direkt vor Ort. Sollte unser Hilfe notwendig sein, sind&#8230;<\/p>\n","protected":false},"author":1,"featured_media":0,"parent":12823,"menu_order":9,"comment_status":"closed","ping_status":"closed","template":"","meta":{"footnotes":""},"class_list":["post-11886","page","type-page","status-publish","hentry"],"acf":[],"_links":{"self":[{"href":"https:\/\/steelwrist.com\/de\/wp-json\/wp\/v2\/pages\/11886","targetHints":{"allow":["GET"]}}],"collection":[{"href":"https:\/\/steelwrist.com\/de\/wp-json\/wp\/v2\/pages"}],"about":[{"href":"https:\/\/steelwrist.com\/de\/wp-json\/wp\/v2\/types\/page"}],"author":[{"embeddable":true,"href":"https:\/\/steelwrist.com\/de\/wp-json\/wp\/v2\/users\/1"}],"replies":[{"embeddable":true,"href":"https:\/\/steelwrist.com\/de\/wp-json\/wp\/v2\/comments?post=11886"}],"version-history":[{"count":4,"href":"https:\/\/steelwrist.com\/de\/wp-json\/wp\/v2\/pages\/11886\/revisions"}],"predecessor-version":[{"id":235503,"href":"https:\/\/steelwrist.com\/de\/wp-json\/wp\/v2\/pages\/11886\/revisions\/235503"}],"up":[{"embeddable":true,"href":"https:\/\/steelwrist.com\/de\/wp-json\/wp\/v2\/pages\/12823"}],"wp:attachment":[{"href":"https:\/\/steelwrist.com\/de\/wp-json\/wp\/v2\/media?parent=11886"}],"curies":[{"name":"wp","href":"https:\/\/api.w.org\/{rel}","templated":true}]}}