{"id":11883,"date":"2016-02-17T14:36:03","date_gmt":"2016-02-17T13:36:03","guid":{"rendered":"https:\/\/steelwrist.com\/de\/garanti\/"},"modified":"2021-02-23T09:45:13","modified_gmt":"2021-02-23T08:45:13","slug":"garantie","status":"publish","type":"page","link":"https:\/\/steelwrist.com\/de\/service\/garantie\/","title":{"rendered":"Garantie"},"content":{"rendered":"<p>Sie haben immer eine Gew\u00e4hrleistungsdauer von 12 Monaten allerdings kann diese f\u00fcr Tiltrotatoren, Schnellwechsler und Lenksysteme einfach auf 24 Monate erweitert werden. Die Gew\u00e4hrleistungsdauer betr\u00e4gt 12 Monate oder 1600 Betriebsstunden (je nachdem, was zuerst erreicht wird) und beinhaltet:<\/p>\n<p><span data-sheets-value=\"{&quot;1&quot;:2,&quot;2&quot;:&quot;Die Standardgarantie umfasst 12 Monate oder 1.600 Stunden (je nachdem, was zuerst eintritt) und beeinhaltet:\\n- alle konstruktiven Fehler oder Produktionsfehler&quot;}\" data-sheets-userformat=\"{&quot;2&quot;:2817,&quot;3&quot;:{&quot;1&quot;:0},&quot;11&quot;:4,&quot;12&quot;:0,&quot;14&quot;:{&quot;1&quot;:2,&quot;2&quot;:0}}\">&#8211; Konstruktions- oder Produktionsfehler an allen Produkten<\/span><\/p>\n<p><span data-sheets-value=\"{&quot;1&quot;:2,&quot;2&quot;:&quot;Um die erweiterte Garantie auf 24 Monate und 3200 Stunden zu erhalten (je nachdem, was zuerst eintritt), m\\u00fcssen Sie als Betreiber folgendes ber\\u00fccksichtigen:\\n1. Registrieren Sie Ihr Produkt innerhalb eines Monats nach Erhalt.\\n2. Folgen Sie dem Serviceplan in der Bedienungsanleitung, die Sie mit der Lieferung Ihres Tiltrotators erhalten. &quot;}\" data-sheets-userformat=\"{&quot;2&quot;:2817,&quot;3&quot;:{&quot;1&quot;:0},&quot;11&quot;:4,&quot;12&quot;:0,&quot;14&quot;:{&quot;1&quot;:2,&quot;2&quot;:0}}\">Um die Gew\u00e4hrleistungsdauer auf 24 Monate oder 3200 Betriebsstunden f\u00fcr Tiltrotatoren, Schnellwechsler und Lenksysteme zu verl\u00e4ngern m\u00fcssen sie als Endkunde:<\/span><\/p>\n<ul>\n<li>Der Tiltrotator und\/oder Schnellwechsler muss hier registriert werden innerhalb eines Monats nach Erhalt der Maschine von ihrem H\u00e4ndler.<\/li>\n<li>Der Wartungsplan als Teil der Bedienungsanleitung, die sie bei der Auslieferung erhalten, muss eingehalten werden.<\/li>\n<\/ul>\n","protected":false},"excerpt":{"rendered":"<p>Sie haben immer eine Gew\u00e4hrleistungsdauer von 12 Monaten allerdings kann diese f\u00fcr Tiltrotatoren, Schnellwechsler und Lenksysteme einfach auf 24 Monate erweitert werden. Die Gew\u00e4hrleistungsdauer betr\u00e4gt 12 Monate oder 1600 Betriebsstunden (je nachdem, was zuerst erreicht wird) und beinhaltet: &#8211; Konstruktions-&#8230;<\/p>\n","protected":false},"author":1,"featured_media":0,"parent":12823,"menu_order":6,"comment_status":"closed","ping_status":"closed","template":"","meta":{"footnotes":""},"class_list":["post-11883","page","type-page","status-publish","hentry"],"acf":[],"_links":{"self":[{"href":"https:\/\/steelwrist.com\/de\/wp-json\/wp\/v2\/pages\/11883","targetHints":{"allow":["GET"]}}],"collection":[{"href":"https:\/\/steelwrist.com\/de\/wp-json\/wp\/v2\/pages"}],"about":[{"href":"https:\/\/steelwrist.com\/de\/wp-json\/wp\/v2\/types\/page"}],"author":[{"embeddable":true,"href":"https:\/\/steelwrist.com\/de\/wp-json\/wp\/v2\/users\/1"}],"replies":[{"embeddable":true,"href":"https:\/\/steelwrist.com\/de\/wp-json\/wp\/v2\/comments?post=11883"}],"version-history":[{"count":3,"href":"https:\/\/steelwrist.com\/de\/wp-json\/wp\/v2\/pages\/11883\/revisions"}],"predecessor-version":[{"id":209765,"href":"https:\/\/steelwrist.com\/de\/wp-json\/wp\/v2\/pages\/11883\/revisions\/209765"}],"up":[{"embeddable":true,"href":"https:\/\/steelwrist.com\/de\/wp-json\/wp\/v2\/pages\/12823"}],"wp:attachment":[{"href":"https:\/\/steelwrist.com\/de\/wp-json\/wp\/v2\/media?parent=11883"}],"curies":[{"name":"wp","href":"https:\/\/api.w.org\/{rel}","templated":true}]}}