{"id":11879,"date":"2016-02-17T14:35:48","date_gmt":"2016-02-17T13:35:48","guid":{"rendered":"https:\/\/steelwrist.com\/de\/fullservice\/"},"modified":"2024-11-28T12:35:11","modified_gmt":"2024-11-28T11:35:11","slug":"full-service","status":"publish","type":"page","link":"https:\/\/steelwrist.com\/de\/service\/full-service\/","title":{"rendered":"Full Service"},"content":{"rendered":"<h2>Aufarbeitung des Tiltrotators zum Festpreis<\/h2>\n<p>Nach einigen Jahren im harten Einsatz kann es notwendig sein, eine vollst\u00e4ndige technische Pr\u00fcfung und einen Austausch von Verschleissteilen wie Buchsen, Lagern und Schl\u00e4uchen durchzuf\u00fchren. Vereinbaren Sie einen Full Service f\u00fcr Ihren Tiltrotator.<\/p>\n<h3>So sieht ein Full Service bei uns aus<\/h3>\n<p>Bei einem Full Service wird der Tiltrotator komplett zerlegt, alle Teile gereinigt und wieder zusammengebaut, wobei s\u00e4mtliche Verschleissteile erneuert werden. Anschliessend testen wir alle Funktionen Ihres Tiltrotators. Jetzt ist Ihr Steelwrist wieder wie neu und bereit f\u00fcr viele Jahre im harten Einsatz. Sollten wir im Rahmen des Full Service feststellen, dass neben den Verschleissteilen noch weitere Teile erneuert werden m\u00fcssten nehmen wir Kontakt zu Ihnen auf und machen einen Kostenvoranschlag.<\/p>\n<p>Im Preis des Full Service enthalten sind die Arbeitsstunden und alle Verschleissteile. So haben Sie die volle Kosten\u00fcbersicht von Anfang an.<\/p>\n<p>Transportkosten sind nicht Teil des Full Service. Nach etwa einer Woche ist der Full Service abgeschlossen.<!-- END FORM HTML --><\/p>\n<p><strong>F\u00fcllen Sie das Formular aus, wenn Sie mehr zum Full Service erfahren m\u00f6chten!<\/strong><\/p>\n<p><iframe loading=\"lazy\" style=\"border: 0;\" src=\"https:\/\/pages.upsales.com\/6936ub80e4d0f15ba4edfa59bbb6ebc272e0a-frame\" width=\"100%\" height=\"1020\"><\/iframe><\/p>\n","protected":false},"excerpt":{"rendered":"<p>Aufarbeitung des Tiltrotators zum Festpreis Nach einigen Jahren im harten Einsatz kann es notwendig sein, eine vollst\u00e4ndige technische Pr\u00fcfung und einen Austausch von Verschleissteilen wie Buchsen, Lagern und Schl\u00e4uchen durchzuf\u00fchren. Vereinbaren Sie einen Full Service f\u00fcr Ihren Tiltrotator. So sieht&#8230;<\/p>\n","protected":false},"author":1,"featured_media":0,"parent":12823,"menu_order":8,"comment_status":"closed","ping_status":"closed","template":"","meta":{"footnotes":""},"class_list":["post-11879","page","type-page","status-publish","hentry"],"acf":[],"_links":{"self":[{"href":"https:\/\/steelwrist.com\/de\/wp-json\/wp\/v2\/pages\/11879","targetHints":{"allow":["GET"]}}],"collection":[{"href":"https:\/\/steelwrist.com\/de\/wp-json\/wp\/v2\/pages"}],"about":[{"href":"https:\/\/steelwrist.com\/de\/wp-json\/wp\/v2\/types\/page"}],"author":[{"embeddable":true,"href":"https:\/\/steelwrist.com\/de\/wp-json\/wp\/v2\/users\/1"}],"replies":[{"embeddable":true,"href":"https:\/\/steelwrist.com\/de\/wp-json\/wp\/v2\/comments?post=11879"}],"version-history":[{"count":7,"href":"https:\/\/steelwrist.com\/de\/wp-json\/wp\/v2\/pages\/11879\/revisions"}],"predecessor-version":[{"id":280609,"href":"https:\/\/steelwrist.com\/de\/wp-json\/wp\/v2\/pages\/11879\/revisions\/280609"}],"up":[{"embeddable":true,"href":"https:\/\/steelwrist.com\/de\/wp-json\/wp\/v2\/pages\/12823"}],"wp:attachment":[{"href":"https:\/\/steelwrist.com\/de\/wp-json\/wp\/v2\/media?parent=11879"}],"curies":[{"name":"wp","href":"https:\/\/api.w.org\/{rel}","templated":true}]}}