{"id":11876,"date":"2016-02-17T14:35:32","date_gmt":"2016-02-17T13:35:32","guid":{"rendered":"https:\/\/steelwrist.com\/de\/reservdelar\/"},"modified":"2025-12-17T13:14:16","modified_gmt":"2025-12-17T12:14:16","slug":"ersatzteile","status":"publish","type":"page","link":"https:\/\/steelwrist.com\/de\/service\/ersatzteile\/","title":{"rendered":"Ersatzteile"},"content":{"rendered":"<p><span data-sheets-value=\"{&quot;1&quot;:2,&quot;2&quot;:&quot;Wenn Sie Ersatzteile ben\\u00f6tigen sollten, gibt es mehrere M\\u00f6glichkeiten:\\nKontaktieren Sie Ihren H\\u00e4ndler, bei dem Sie Ihr Produkt von Steelwrist gekauft haben. Mehrere H\\u00e4ndler haben Ersatzteile auf Lager. Suchen Sie Ihren H\\u00e4ndler hier.\\nRufen Sie unsere Ersatzteilabteilung an unter +46 (0) 8-626 07 13 und wir werden Ihnen helfen.\\nBesuchen Sie uns in Sollentuna, Backv\\u00e4gen 18 in Schweden und holen Sie Ihre Ersatzteile ab.\\nTeile, die vor 14:00 Uhr bestellt werden, versenden wir normalerweise noch am selben Tag. Unser Zentrallager befindet sich zusammen mit unserem Werk in Sollentuna, Schweden. (Fix anklickbare Telefonnummern ) &quot;}\" data-sheets-userformat=\"{&quot;2&quot;:769,&quot;3&quot;:{&quot;1&quot;:0},&quot;11&quot;:4,&quot;12&quot;:0}\">Wenn Sie Ersatzteile ben\u00f6tigen sollten, gibt es mehrere M\u00f6glichkeiten:<br \/>\nKontaktieren Sie Ihren H\u00e4ndler, bei dem Sie Ihr Produkt von Steelwrist gekauft haben. <\/span><\/p>\n<p><span data-sheets-value=\"{&quot;1&quot;:2,&quot;2&quot;:&quot;Wenn Sie Ersatzteile ben\\u00f6tigen sollten, gibt es mehrere M\\u00f6glichkeiten:\\nKontaktieren Sie Ihren H\\u00e4ndler, bei dem Sie Ihr Produkt von Steelwrist gekauft haben. Mehrere H\\u00e4ndler haben Ersatzteile auf Lager. Suchen Sie Ihren H\\u00e4ndler hier.\\nRufen Sie unsere Ersatzteilabteilung an unter +46 (0) 8-626 07 13 und wir werden Ihnen helfen.\\nBesuchen Sie uns in Sollentuna, Backv\\u00e4gen 18 in Schweden und holen Sie Ihre Ersatzteile ab.\\nTeile, die vor 14:00 Uhr bestellt werden, versenden wir normalerweise noch am selben Tag. Unser Zentrallager befindet sich zusammen mit unserem Werk in Sollentuna, Schweden. (Fix anklickbare Telefonnummern ) &quot;}\" data-sheets-userformat=\"{&quot;2&quot;:769,&quot;3&quot;:{&quot;1&quot;:0},&quot;11&quot;:4,&quot;12&quot;:0}\">Mehrere H\u00e4ndler haben Ersatzteile auf Lager. Suchen Sie Ihren H\u00e4ndler <a href=\"https:\/\/steelwrist.com\/de\/handler\/\">hier<\/a>.<\/span><\/p>\n<h2>Ben\u00f6tigen Sie Hilfe, um die richtigen Ersatzteile zu finden?<\/h2>\n<p>Dabei haben Sie verschiedene M\u00f6glichkeiten:<\/p>\n<p>Melden Sie sich bei unserem <a href=\"https:\/\/portal-de.steelwrist.com\/?userlogin=true\">Steelwrist Portal<\/a> an, wo Sie anhand der Seriennummer nach Ersatzteilen suchen und diese auch direkt \u00fcber die Website bestellen k\u00f6nnen.<\/p>\n<p>Kontaktieren Sie Steelwrist Support unter <a href=\"tel:+4940524790462\">+49 40 52 47 90 462<\/a><\/p>\n<p>Schicken Sie eine Mail an <a href=\"mailto:support-de@steelwrist.com\">support-de@steelwrist.com<\/a>.<\/p>\n<h2>\u00d6ffnungszeiten Steelwrist Support<\/h2>\n<p>Unsere Serviceabteilung ist werktags von 7.00 bis 16.00 Uhr f\u00fcr Sie ge\u00f6ffnet.<\/p>\n","protected":false},"excerpt":{"rendered":"<p>Wenn Sie Ersatzteile ben\u00f6tigen sollten, gibt es mehrere M\u00f6glichkeiten: Kontaktieren Sie Ihren H\u00e4ndler, bei dem Sie Ihr Produkt von Steelwrist gekauft haben. Mehrere H\u00e4ndler haben Ersatzteile auf Lager. Suchen Sie Ihren H\u00e4ndler hier. Ben\u00f6tigen Sie Hilfe, um die richtigen Ersatzteile&#8230;<\/p>\n","protected":false},"author":1,"featured_media":0,"parent":12823,"menu_order":3,"comment_status":"closed","ping_status":"closed","template":"","meta":{"footnotes":""},"class_list":["post-11876","page","type-page","status-publish","hentry"],"acf":[],"_links":{"self":[{"href":"https:\/\/steelwrist.com\/de\/wp-json\/wp\/v2\/pages\/11876","targetHints":{"allow":["GET"]}}],"collection":[{"href":"https:\/\/steelwrist.com\/de\/wp-json\/wp\/v2\/pages"}],"about":[{"href":"https:\/\/steelwrist.com\/de\/wp-json\/wp\/v2\/types\/page"}],"author":[{"embeddable":true,"href":"https:\/\/steelwrist.com\/de\/wp-json\/wp\/v2\/users\/1"}],"replies":[{"embeddable":true,"href":"https:\/\/steelwrist.com\/de\/wp-json\/wp\/v2\/comments?post=11876"}],"version-history":[{"count":7,"href":"https:\/\/steelwrist.com\/de\/wp-json\/wp\/v2\/pages\/11876\/revisions"}],"predecessor-version":[{"id":309585,"href":"https:\/\/steelwrist.com\/de\/wp-json\/wp\/v2\/pages\/11876\/revisions\/309585"}],"up":[{"embeddable":true,"href":"https:\/\/steelwrist.com\/de\/wp-json\/wp\/v2\/pages\/12823"}],"wp:attachment":[{"href":"https:\/\/steelwrist.com\/de\/wp-json\/wp\/v2\/media?parent=11876"}],"curies":[{"name":"wp","href":"https:\/\/api.w.org\/{rel}","templated":true}]}}