{"id":11775,"date":"2016-05-19T15:38:59","date_gmt":"2016-05-19T13:38:59","guid":{"rendered":"https:\/\/steelwrist.com\/de\/wenn-steelwrist\/karnvarden\/"},"modified":"2026-02-24T10:46:57","modified_gmt":"2026-02-24T09:46:57","slug":"kernwerte","status":"publish","type":"page","link":"https:\/\/steelwrist.com\/de\/wenn-steelwrist\/kernwerte\/","title":{"rendered":"Unsere Grundwerte"},"content":{"rendered":"<h2>Kernwerte von Steelwrist AB<\/h2>\n<p>Die drei Kernwerte, zusammen mit unserem Qualit\u00e4ts- und Umweltschutzanspruch zeigen, wie wir mit unseren Kunden, H\u00e4ndlern, Lieferanten und Mitarbeitern zusammenarbeiten.<\/p>\n<h3>Aufgeschlossen<\/h3>\n<p>Wir sind jederzeit ansprechbar und sind h\u00f6ren auf die Bedarfe unserer Kunden. Wir fragen nach, bis wir es verstanden haben und wir versuchen, deutlich in unserer Kommunikation zu sein.<\/p>\n<p>Das bedeutet f\u00fcr unsere t\u00e4gliche Arbeit, dass wir von Kunden, Lieferanten und Mitarbeitern R\u00fcckmeldungen und Verbesserungsvorschl\u00e4ge einfordern.<\/p>\n<h3>Einfach<\/h3>\n<p>Wenn etwas einfacher gemacht werden kann ist es unser Ziel, es so zu tun.<\/p>\n<p>Unser Anspruch ist es, unsere Produkte und Prozesse so einfach wie m\u00f6glich zu gestalten.<\/p>\n<h3>Schnell<\/h3>\n<p>Bei allen Kundenkontakten wie Mail, technischer Unterst\u00fctzung oder Kundendienst versuchen wir, die Reaktionszeit so kurz wie m\u00f6glich zu halten. Als Organisation haben wir einen Wettbwerbsvorteil durch unsere hohe Lernf\u00e4higkeit.<\/p>\n<p>F\u00fcr unsere t\u00e4gliche Arbeit bedeutet das, dass wir zur Stelle sind wenn der Kunde uns braucht und dass wir in der Lage sind, Ersatzteile so schnell wie m\u00f6glich zu versenden.<\/p>\n","protected":false},"excerpt":{"rendered":"<p>Kernwerte von Steelwrist AB Die drei Kernwerte, zusammen mit unserem Qualit\u00e4ts- und Umweltschutzanspruch zeigen, wie wir mit unseren Kunden, H\u00e4ndlern, Lieferanten und Mitarbeitern zusammenarbeiten. Aufgeschlossen Wir sind jederzeit ansprechbar und sind h\u00f6ren auf die Bedarfe unserer Kunden. Wir fragen nach,&#8230;<\/p>\n","protected":false},"author":12,"featured_media":0,"parent":11772,"menu_order":2,"comment_status":"closed","ping_status":"closed","template":"template-onlysections.php","meta":{"footnotes":""},"class_list":["post-11775","page","type-page","status-publish","hentry"],"acf":[],"_links":{"self":[{"href":"https:\/\/steelwrist.com\/de\/wp-json\/wp\/v2\/pages\/11775","targetHints":{"allow":["GET"]}}],"collection":[{"href":"https:\/\/steelwrist.com\/de\/wp-json\/wp\/v2\/pages"}],"about":[{"href":"https:\/\/steelwrist.com\/de\/wp-json\/wp\/v2\/types\/page"}],"author":[{"embeddable":true,"href":"https:\/\/steelwrist.com\/de\/wp-json\/wp\/v2\/users\/12"}],"replies":[{"embeddable":true,"href":"https:\/\/steelwrist.com\/de\/wp-json\/wp\/v2\/comments?post=11775"}],"version-history":[{"count":4,"href":"https:\/\/steelwrist.com\/de\/wp-json\/wp\/v2\/pages\/11775\/revisions"}],"predecessor-version":[{"id":317826,"href":"https:\/\/steelwrist.com\/de\/wp-json\/wp\/v2\/pages\/11775\/revisions\/317826"}],"up":[{"embeddable":true,"href":"https:\/\/steelwrist.com\/de\/wp-json\/wp\/v2\/pages\/11772"}],"wp:attachment":[{"href":"https:\/\/steelwrist.com\/de\/wp-json\/wp\/v2\/media?parent=11775"}],"curies":[{"name":"wp","href":"https:\/\/api.w.org\/{rel}","templated":true}]}}