{"id":11772,"date":"2016-01-18T17:11:52","date_gmt":"2016-01-18T16:11:52","guid":{"rendered":"https:\/\/steelwrist.com\/de\/om-steelwrist\/"},"modified":"2026-02-24T15:20:31","modified_gmt":"2026-02-24T14:20:31","slug":"wenn-steelwrist","status":"publish","type":"page","link":"https:\/\/steelwrist.com\/de\/wenn-steelwrist\/","title":{"rendered":"\u00dcber Steelwrist"},"content":{"rendered":"<p>Steelwrist ist ein globaler Hersteller von Tiltrotatoren, Schnellwechslern und Arbeitsger\u00e4ten f\u00fcr Bagger mit Hauptsitz in Schweden. Der konsequente Fokus auf robuste und moderne Produkte, gepaart mit schnellem Service, wird von immer mehr Kunden gesch\u00e4tzt.<\/p>\n<h2><span data-sheets-root=\"1\">Steelwrist-Gesch\u00e4ftsidee<\/span><\/h2>\n<p>Die Gesch\u00e4ftsidee von Steelwrist AB besteht in der Entwicklung, Herstellung und dem Verkauf von Tiltrotatoren, Schnellwechslern, Zubeh\u00f6r und Anbauger\u00e4ten f\u00fcr Bagger und Baggerlader. Das Ziel von Steelwrist AB ist es, \u201eder Weltbeste in der Entwicklung, Herstellung und dem Verkauf von Ger\u00e4ten zu sein, die die Effizienz von Baggern steigern\u201c. Steelwrist AB ist ein schwedisches Unternehmen mit Hauptsitz und Produktion in Rosersberg, n\u00f6rdlich von Stockholm.<\/p>\n<h2><span data-sheets-root=\"1\">Grundwerte von Steelwrist<\/span><\/h2>\n<p>Three core values, together with our quality and environment policies, show the way for how we want to work with customers, dealers, suppliers and employees.<\/p>\n<h5><span data-sheets-root=\"1\">Reaktionsf\u00e4higkeit<\/span><\/h5>\n<p>Wir sind reaktionsschnell und arbeiten aktiv daran, den W\u00fcnschen unserer Kunden zuzuh\u00f6ren. Wir fragen, bis wir verstanden haben, und versuchen, in unserer Kommunikation klar zu sein. In unserer t\u00e4glichen Arbeit bedeutet das, dass wir aktiv versuchen, Feedback und Verbesserungsvorschl\u00e4ge von unseren Kunden, Lieferanten und Mitarbeitern einzuholen.<\/p>\n<h5><span data-sheets-root=\"1\">Einfachheit<\/span><\/h5>\n<p>Wenn etwas einfacher gemacht werden kann, ist es unser Ziel, es zu tun. Wir sind bestrebt, unsere Produkte und Arbeitsprozesse so einfach wie m\u00f6glich zu gestalten.<\/p>\n<h5><span data-sheets-root=\"1\">Geschwindigkeit<\/span><\/h5>\n<p>Wir sind bestrebt, die Reaktionszeit bei allen Kundenkontakten wie Mailing, technischem Support und Service zu verk\u00fcrzen. Als Organisation streben wir danach, durch schnelles Lernen einen Wettbewerbsvorteil zu erzielen. In unserer t\u00e4glichen Arbeit bedeutet dies, dass wir versuchen, immer dann erreichbar zu sein, wenn der Kunde uns braucht, und dass unser Ersatzteillager so ausgelegt ist, dass wichtige Komponenten sehr kurzfristig geliefert werden k\u00f6nnen.<\/p>\n","protected":false},"excerpt":{"rendered":"<p>Steelwrist ist ein globaler Hersteller von Tiltrotatoren, Schnellwechslern und Arbeitsger\u00e4ten f\u00fcr Bagger mit Hauptsitz in Schweden. Der konsequente Fokus auf robuste und moderne Produkte, gepaart mit schnellem Service, wird von immer mehr Kunden gesch\u00e4tzt. Steelwrist-Gesch\u00e4ftsidee Die Gesch\u00e4ftsidee von Steelwrist AB&#8230;<\/p>\n","protected":false},"author":1,"featured_media":0,"parent":0,"menu_order":58,"comment_status":"closed","ping_status":"closed","template":"","meta":{"footnotes":""},"class_list":["post-11772","page","type-page","status-publish","hentry"],"acf":[],"_links":{"self":[{"href":"https:\/\/steelwrist.com\/de\/wp-json\/wp\/v2\/pages\/11772","targetHints":{"allow":["GET"]}}],"collection":[{"href":"https:\/\/steelwrist.com\/de\/wp-json\/wp\/v2\/pages"}],"about":[{"href":"https:\/\/steelwrist.com\/de\/wp-json\/wp\/v2\/types\/page"}],"author":[{"embeddable":true,"href":"https:\/\/steelwrist.com\/de\/wp-json\/wp\/v2\/users\/1"}],"replies":[{"embeddable":true,"href":"https:\/\/steelwrist.com\/de\/wp-json\/wp\/v2\/comments?post=11772"}],"version-history":[{"count":5,"href":"https:\/\/steelwrist.com\/de\/wp-json\/wp\/v2\/pages\/11772\/revisions"}],"predecessor-version":[{"id":317849,"href":"https:\/\/steelwrist.com\/de\/wp-json\/wp\/v2\/pages\/11772\/revisions\/317849"}],"wp:attachment":[{"href":"https:\/\/steelwrist.com\/de\/wp-json\/wp\/v2\/media?parent=11772"}],"curies":[{"name":"wp","href":"https:\/\/api.w.org\/{rel}","templated":true}]}}