{"id":11752,"date":"2013-02-21T22:41:51","date_gmt":"2013-02-21T21:41:51","guid":{"rendered":"https:\/\/steelwrist.com\/de\/press\/"},"modified":"2026-02-09T10:57:32","modified_gmt":"2026-02-09T09:57:32","slug":"press","status":"publish","type":"page","link":"https:\/\/steelwrist.com\/de\/press\/","title":{"rendered":"Press"},"content":{"rendered":"<p><span data-sheets-value=\"{&quot;1&quot;:2,&quot;2&quot;:&quot;Hier finden Sie Medieninformationen wie hochaufl\\u00f6sende Bilder und das Steelwrist Logo. Die Materialien und die Fotos stehen bei Verwendung mit Quellenangabe zur Verf\\u00fcgung&quot;}\" data-sheets-userformat=\"{&quot;2&quot;:769,&quot;3&quot;:{&quot;1&quot;:0},&quot;11&quot;:4,&quot;12&quot;:0}\">Hier finden Sie Medieninformationen wie hochaufl\u00f6sende Bilder und das Steelwrist Logo. Die Materialien und die Fotos stehen bei Verwendung mit Quellenangabe zur Verf\u00fcgung<\/span>.<\/p>\n<div style=\"display: none;\">\n<h2>Produktbilder f\u00f6r tryck (h\u00f6guppl\u00f6st JPG)<\/h2>\n<p>Produktbilder p\u00e5 Steelwrist tiltrotator och Steelwrist snabbf\u00e4ste f\u00f6r tryck. Ladda ner h\u00e4r.<\/p>\n<h2>Produktbilder f\u00f6r webb\u00a0(PNG)<\/h2>\n<p>Produktbilder p\u00e5 Steelwrist tiltrotator och Steelwrist snabbf\u00e4ste f\u00f6r webb. Ladda ner h\u00e4r.<\/p>\n<h2>Logo\u00a0att\u00a0ladda ner f\u00f6r tryck (h\u00f6guppl\u00f6st, CMYK)<\/h2>\n<p>Steelwrist logo &#8211; f\u00e4rg med svart text<\/p>\n<p>Steelwrist logo &#8211; f\u00e4rg med\u00a0vit text<\/p>\n<p>Steelwrist logo &#8211; svart\/vit_svart text<\/p>\n<p>Steelwrist logo &#8211; svart\/vit_vit text<\/p>\n<h2>Logo\u00a0att\u00a0ladda ner f\u00f6r webb (RGB)<\/h2>\n<p>Steelwrist logo &#8211; f\u00e4rg med svart text<\/p>\n<p>Steelwrist logo &#8211; f\u00e4rg med\u00a0vit text<\/p>\n<p>Steelwrist logo &#8211; svart\/vit_svart text<\/p>\n<p>Steelwrist logo -svart\/vit_vit text<\/p>\n<h2>Guidelines Steelwrist logotype<\/h2>\n<p>L\u00e4s om f\u00e4rgkoder, typsnitt och fritt utrymme i pdf h\u00e4r!<\/p>\n<\/div>\n<h2>Kontakt<\/h2>\n<p><span data-sheets-value=\"{&quot;1&quot;:2,&quot;2&quot;:&quot;F\\u00fcr Pressefragen wenden Sie sich bitte an:\\nStefan Stockhaus , Tel 0046 -70-998 13.21, stefan.stockhaus@steelwrist.com\\nF\\u00fcr Werbung, Print und Digital, kontaktieren Sie bitte:\\nMary Soderberg, Tel 0046 -70-988 13.25, maria.soderberg@steelwrist.com oder\\nMarie Halfvarson, Telefon 0046 -76-677 73 31, marie.halfvarson@steelwrist.com &quot;}\" data-sheets-userformat=\"{&quot;2&quot;:769,&quot;3&quot;:{&quot;1&quot;:0},&quot;11&quot;:4,&quot;12&quot;:0}\"><strong>F\u00fcr Pressefragen wenden Sie sich bitte an:<\/strong><br \/>\nStefan Stockhaus, tel <a href=\"tel:+46709981321\" target=\"_blank\" rel=\"noopener noreferrer\">+46 70 998 13 21<\/a>, <a href=\"mailto:stefan.stockhaus@steelwrist.com\" target=\"_blank\" rel=\"noopener noreferrer\">e-mail<\/a>.<br \/>\nKarl Serneberg, tel <a href=\"tel:+46702619811\" target=\"_blank\" rel=\"noopener\">+46 70 261 98 11<\/a>, <a href=\"mailto:karl.serneberg@steelwrist.com\" target=\"_blank\" rel=\"noopener\">e-mail<\/a>.<br \/>\nMarianne Johansson, tel <a href=\"tel:+46734747697\" target=\"_blank\" rel=\"noopener\">+46 73 474 76 97<\/a>, <a href=\"mailto:marianne.johansson@steelwrist.com\" target=\"_blank\" rel=\"noopener\">e-mail<\/a>.<br \/>\n<\/span><\/p>\n<p><span data-sheets-value=\"{&quot;1&quot;:2,&quot;2&quot;:&quot;F\\u00fcr Pressefragen wenden Sie sich bitte an:\\nStefan Stockhaus , Tel 0046 -70-998 13.21, stefan.stockhaus@steelwrist.com\\nF\\u00fcr Werbung, Print und Digital, kontaktieren Sie bitte:\\nMary Soderberg, Tel 0046 -70-988 13.25, maria.soderberg@steelwrist.com oder\\nMarie Halfvarson, Telefon 0046 -76-677 73 31, marie.halfvarson@steelwrist.com &quot;}\" data-sheets-userformat=\"{&quot;2&quot;:769,&quot;3&quot;:{&quot;1&quot;:0},&quot;11&quot;:4,&quot;12&quot;:0}\"><strong>F\u00fcr Werbung, Print und Digital, kontaktieren Sie bitte:<\/strong><br \/>\nMaria Kreitz, tel <a href=\"tel:+46709981325\">+46 70 998 13 25<\/a>, <a href=\"mailto:maria.kreitz@steelwrist.com\" target=\"_blank\" rel=\"noopener\">e-mail<\/a>.<br \/>\nHelen Westling, tel <a href=\"tel:+46734747699\">+46 73 474 76 99<\/a>,<span style=\"color: #010202; font-family: arial, helvetica, verdana, tahoma, sans-serif;\">\u00a0<\/span><a href=\"mailto:helen.westling@steelwrist.com\" target=\"_blank\" rel=\"noopener\">e-mail<\/a>.<br \/>\n<\/span><\/p>\n<p><strong>Sozialen Medien:<\/strong><br \/>\nMimmi Sj\u00f6lin, tel <a href=\"tel:+46764956682\">+46 76 495 66 82<\/a>,\u00a0<a href=\"mailto:mimmi.sjolin@steelwrist.com\">e-mail<\/a>.<\/p>\n<div><strong>E-learning:<\/strong><\/div>\n<div>Karl-Henrik Krantz, tel <a href=\"tel:+4672-0509032\">+46 72 050 90 32<\/a>,\u00a0<a href=\"mailto:karl.krantz@steelwrist.com\">e-mail<\/a>.<\/div>\n","protected":false},"excerpt":{"rendered":"<p>Hier finden Sie Medieninformationen wie hochaufl\u00f6sende Bilder und das Steelwrist Logo. Die Materialien und die Fotos stehen bei Verwendung mit Quellenangabe zur Verf\u00fcgung. Produktbilder f\u00f6r tryck (h\u00f6guppl\u00f6st JPG) Produktbilder p\u00e5 Steelwrist tiltrotator och Steelwrist snabbf\u00e4ste f\u00f6r tryck. Ladda ner h\u00e4r&#8230;.<\/p>\n","protected":false},"author":1,"featured_media":0,"parent":0,"menu_order":101,"comment_status":"closed","ping_status":"closed","template":"","meta":{"footnotes":""},"class_list":["post-11752","page","type-page","status-publish","hentry"],"acf":[],"_links":{"self":[{"href":"https:\/\/steelwrist.com\/de\/wp-json\/wp\/v2\/pages\/11752","targetHints":{"allow":["GET"]}}],"collection":[{"href":"https:\/\/steelwrist.com\/de\/wp-json\/wp\/v2\/pages"}],"about":[{"href":"https:\/\/steelwrist.com\/de\/wp-json\/wp\/v2\/types\/page"}],"author":[{"embeddable":true,"href":"https:\/\/steelwrist.com\/de\/wp-json\/wp\/v2\/users\/1"}],"replies":[{"embeddable":true,"href":"https:\/\/steelwrist.com\/de\/wp-json\/wp\/v2\/comments?post=11752"}],"version-history":[{"count":5,"href":"https:\/\/steelwrist.com\/de\/wp-json\/wp\/v2\/pages\/11752\/revisions"}],"predecessor-version":[{"id":289320,"href":"https:\/\/steelwrist.com\/de\/wp-json\/wp\/v2\/pages\/11752\/revisions\/289320"}],"wp:attachment":[{"href":"https:\/\/steelwrist.com\/de\/wp-json\/wp\/v2\/media?parent=11752"}],"curies":[{"name":"wp","href":"https:\/\/api.w.org\/{rel}","templated":true}]}}