{"id":11745,"date":"2016-04-06T16:17:39","date_gmt":"2016-04-06T14:17:39","guid":{"rendered":"https:\/\/steelwrist.com\/de\/faq-regelverk\/"},"modified":"2018-09-20T12:13:16","modified_gmt":"2018-09-20T10:13:16","slug":"regeln-vorschriften-und-normen","status":"publish","type":"page","link":"https:\/\/steelwrist.com\/de\/regeln-vorschriften-und-normen\/","title":{"rendered":"Regeln, Vorschriften und Normen"},"content":{"rendered":"<p><span data-sheets-value=\"{&quot;1&quot;:2,&quot;2&quot;:&quot;Wir k\\u00f6nnen Ihnen nicht sagen, was Sie tun sollten, aber wir k\\u00f6nnen Ihnen helfen zu verstehen, was Sie tun m\\u00fcssten. Uns werden regelm\\u00e4\\u00dfig Fragen zu geltenden Regeln gestellt und nach den Konsequenzen gefragt, die aus einer Nichtbeachtung entstehen k\\u00f6nnen. Hier versuchen wir, Antworten auf einige h\\u00e4ufig gestellte Fragen zu geben. Bitte beachten Sie, dass wir an dieser Stelle nicht alle m\\u00f6glichen geltenden Regeln, Vorschriften und Normen abbilden k\\u00f6nnen. Wir konzentrieren uns deshalb auf solche, die Sie kennen sollten.&quot;}\" data-sheets-userformat=\"{&quot;2&quot;:769,&quot;3&quot;:{&quot;1&quot;:0},&quot;11&quot;:4,&quot;12&quot;:0}\">Wir k\u00f6nnen Ihnen nicht sagen, was Sie tun sollten, aber wir k\u00f6nnen Ihnen helfen zu verstehen, was Sie tun m\u00fcssten. Uns werden regelm\u00e4\u00dfig Fragen zu geltenden Regeln gestellt und nach den Konsequenzen gefragt, die aus einer Nichtbeachtung entstehen k\u00f6nnen. Hier versuchen wir, Antworten auf einige h\u00e4ufig gestellte Fragen zu geben. Bitte beachten Sie, dass wir an dieser Stelle nicht alle m\u00f6glichen geltenden Regeln, Vorschriften und Normen abbilden k\u00f6nnen. Wir konzentrieren uns deshalb auf solche, die Sie kennen sollten.<\/span><\/p>\n<h2>Was ist die Maschinenrichtlinie?<\/h2>\n<p>Die neue Maschinenrichtlinie (2006\/42 \/ EG), in Kraft getreten am 29. Dezember 2009, regelt die Bedingungen f\u00fcr die CE-Kennzeichnung von Maschinen.<\/p>\n<p><strong>Das CE-Zeichen besagt, dass:<\/strong><\/p>\n<ul>\n<li>der Hersteller best\u00e4tigt, dass die Maschine den Vorgaben der Maschinenrichtlinie entspricht<\/li>\n<li>der Hersteller die Verantwortung f\u00fcr die Sicherheit der Maschine \u00fcbernimmt<\/li>\n<li>die Maschine so sicher wie m\u00f6glich sein muss<\/li>\n<li>der K\u00e4ufer eine Konformit\u00e4tserkl\u00e4rung haben muss<\/li>\n<li>der Hersteller die technischen Unterlagen haben muss<\/li>\n<li>die Maschine innerhalb der EU frei verkauft werden kann<\/li>\n<\/ul>\n<h2>Welche Vorgaben m\u00fcssen bei der Installation einer Radlenkung (Joysticklenkung) bei Mobilbaggern erf\u00fcllt werden?<\/h2>\n<p>Die Sicherheitsaspekte einer Joysticklenkung sind in der ISO 5010 aufgef\u00fchrt; die der Elektronik werden in der ISO 15998 behandelt. Folgende Kriterien m\u00fcssen beim Einbau einer Joysticklenkung an Mobilbaggern erf\u00fcllt werden.<\/p>\n<ul>\n<li>Das Lenkrad ist immer aktiviert und es hat immer die h\u00f6chste Priorit\u00e4t.<\/li>\n<li>Die Joysticklenkung muss deaktivierbar sein.<\/li>\n<li>Es muss eine optische Anzeige vorhanden sein die zeigt, dass die<\/li>\n<li>Joysticklenkung aktiviert ist.<\/li>\n<li>Die maximale Geschwindigkeit bei aktivierter Joysticklenkung liegt bei 20 km\/h.<\/li>\n<li>Es darf nicht m\u00f6glich sein, die H\u00f6chstgeschwindigkeit bei aktivierter<\/li>\n<li>Joysticklenkung zu \u00fcberschreiten.<\/li>\n<li>Der Fahrer muss die Joysticklenkung jedes Mal aktivieren, wenn er in die Maschine steigt.<\/li>\n<li>Sollte es zu einer Fehlermeldung der Joysticklenkung kommen, muss diese in einen &#8222;Sicherheitsmodus&#8220; gehen (z.B. automatische Abschaltung der Joysticklenkung).<\/li>\n<li>Jede Maschine muss einen Lenk- und Fahrtest durchf\u00fchren, um die maximale<\/li>\n<li>Geschwindigkeit mit Joysticklenkung zu \u00fcberpr\u00fcfen.<\/li>\n<\/ul>\n<h2>Wann wird die neue f\u00fcr Schnellwechseleinrichtungen ver\u00f6ffentlicht?<\/h2>\n<p>Die neue Norm f\u00fcr Schnellwechseleinrichtungen ISO 13031 ist abgeschlossen und befindet sich in der Abstimmung. Sie wird sehr wahrscheinlich in der zweiten Jahresh\u00e4lfte 2016 ver\u00f6ffentlicht. Der Hintergrund dieser Norm ist, die Rahmenbedingungen f\u00fcr alle unterschiedlichen Arten von Anbauger\u00e4ten f\u00fcr Bagger festzulegen. Schnellwechseleinrichtungen sind in verschiedene Klassen eingeteilt und jede dieser Klassen hat widerum spezielle Sicherheitsanforderungen.<\/p>\n<p><strong>Die wichtigsten \u00c4nderungen sind:<\/strong><\/p>\n<ul>\n<li>Alle Schnellwechsler sind in drei Klassen eingeteilt, wobei jede Klasse unterschiedliche Sicherheitsanforderungen hat.<\/li>\n<li>Symmetrische Schnellwechsler geh\u00f6ren zur Gruppe &#8222;Schnellwechsler mit Keilverriegelung&#8220;<\/li>\n<li>Ein R\u00fcckschlagventil ist als Backup-Funktion nicht mehr ausreichend, wenn der Hydraulikdruck abf\u00e4llt.<\/li>\n<li>Das Steuersystem ist die gr\u00f6\u00dfte Ver\u00e4nderung. Alle Systeme m\u00fcssen beim Start der Maschine eine Funktionspr\u00fcfung des Summers durchf\u00fchren.<\/li>\n<\/ul>\n<h2>Was bedeutet der symmetrische Standard f\u00fcr Schnellwechsler?<\/h2>\n<p>Die symmetrische Standard ist ein maschinenunabh\u00e4ngiger Standard, der vom schwedischen Fachverband f\u00fcr Anbieter von mobilen Maschinen verwaltet wird.<\/p>\n<p>Das Ziel der Standardisierung ist es:<\/p>\n<ul>\n<li>Erstellen eines Standards, der sicher und benutzerfreundlich ist sowie im Einklang mit internationalen Standards wie EN474 und der kommenden ISO13031 steht.<\/li>\n<li>Erstellen eines wettbewerbsf\u00e4higen und offenen Industriestandards, der nicht von einem einzigen Hersteller kontrolliert wird, sondern von einer anerkannten und unabh\u00e4ngigen professionelle Organisation.<\/li>\n<li>Erstellen einer einheitlichen Bezeichnung f\u00fcr Schnellwechsler in verschiedenen Gr\u00f6\u00dfen innerhalb der Norm.<\/li>\n<li>Erstellen eines einheitlichen Standards zur Fertigung mit Dimensionen und Toleranzen und angepasst f\u00fcr eine effiziente Fertigung.<\/li>\n<li>Erstellen eines Designs, dass einen kosteng\u00fcnstigen und einfachen An- und Umbau von neuen und gebrauchten Anbauger\u00e4ten und L\u00f6ffeln m\u00f6glich macht.<\/li>\n<li>Erstellen eines Konzepts, das die Verwendung an unterschiedlichen drehenden Werkzeugen \u00fcber ein sogenanntes &#8222;Sandwich-Konzept&#8220; m\u00f6glich macht, wie zum Beispiel Rototilt\/Tiltrotator mit Schnellwechslern sowohl \u00fcber als auch unter dem Anbauger\u00e4t Schaffen eines Standards, bei dem die normalen Grabeigenschaften des Baggers beibehalten werden.<\/li>\n<li>Eine einheitliche und durchg\u00e4ngige Breite der Adapter zu haben, die abgestimmt ist auf die L\u00f6ffelstielgeometrie der Bagger.<\/li>\n<li>Einen spielfreies System zu haben, das keine separate Einstellung notwendig macht.<\/li>\n<li>Ein Konzept zu schaffen, das eine Installation von vollautomatischen Wechslern zur Verbindung von Hydraulik- und Elektrikleitungen m\u00f6glich macht.<\/li>\n<li>Der Standard sollte von den meisten schwedischen und nordischen Maschinen- und Anbauger\u00e4teherstellern unterst\u00fctzt werden.<\/li>\n<\/ul>\n<p>&nbsp;<\/p>\n","protected":false},"excerpt":{"rendered":"<p>Wir k\u00f6nnen Ihnen nicht sagen, was Sie tun sollten, aber wir k\u00f6nnen Ihnen helfen zu verstehen, was Sie tun m\u00fcssten. Uns werden regelm\u00e4\u00dfig Fragen zu geltenden Regeln gestellt und nach den Konsequenzen gefragt, die aus einer Nichtbeachtung entstehen k\u00f6nnen. Hier&#8230;<\/p>\n","protected":false},"author":12,"featured_media":0,"parent":0,"menu_order":59,"comment_status":"closed","ping_status":"closed","template":"","meta":{"footnotes":""},"class_list":["post-11745","page","type-page","status-publish","hentry"],"acf":[],"_links":{"self":[{"href":"https:\/\/steelwrist.com\/de\/wp-json\/wp\/v2\/pages\/11745","targetHints":{"allow":["GET"]}}],"collection":[{"href":"https:\/\/steelwrist.com\/de\/wp-json\/wp\/v2\/pages"}],"about":[{"href":"https:\/\/steelwrist.com\/de\/wp-json\/wp\/v2\/types\/page"}],"author":[{"embeddable":true,"href":"https:\/\/steelwrist.com\/de\/wp-json\/wp\/v2\/users\/12"}],"replies":[{"embeddable":true,"href":"https:\/\/steelwrist.com\/de\/wp-json\/wp\/v2\/comments?post=11745"}],"version-history":[{"count":5,"href":"https:\/\/steelwrist.com\/de\/wp-json\/wp\/v2\/pages\/11745\/revisions"}],"predecessor-version":[{"id":42745,"href":"https:\/\/steelwrist.com\/de\/wp-json\/wp\/v2\/pages\/11745\/revisions\/42745"}],"wp:attachment":[{"href":"https:\/\/steelwrist.com\/de\/wp-json\/wp\/v2\/media?parent=11745"}],"curies":[{"name":"wp","href":"https:\/\/api.w.org\/{rel}","templated":true}]}}