{"id":11735,"date":"2016-04-19T11:44:20","date_gmt":"2016-04-19T09:44:20","guid":{"rendered":"https:\/\/steelwrist.com\/de\/tappade-skopor\/"},"modified":"2016-09-09T09:09:51","modified_gmt":"2016-09-09T07:09:51","slug":"herabfallende-anbaugerate","status":"publish","type":"page","link":"https:\/\/steelwrist.com\/de\/herabfallende-anbaugerate\/","title":{"rendered":"Herabfallende Anbauger\u00e4te"},"content":{"rendered":"<h3><span data-sheets-value=\"{&quot;1&quot;:2,&quot;2&quot;:&quot;Wie gro\\u00df ist das Problem herabfallender Anbauger\\u00e4te wirklich?\\nIm Schnitt gibt es einen Bericht pro Monat \\u00fcber Arbeitsunf\\u00e4lle durch herabfallende Anbauger\\u00e4te, aber die Zahl der nicht gemeldeten F\\u00e4lle ist wahrscheinlich deutlich h\\u00f6her.&quot;}\" data-sheets-userformat=\"{&quot;2&quot;:769,&quot;3&quot;:{&quot;1&quot;:0},&quot;11&quot;:4,&quot;12&quot;:0}\">Wie gro\u00df ist das Problem herabfallender Anbauger\u00e4te wirklich?<br \/>\n<\/span><\/h3>\n<p><span data-sheets-value=\"{&quot;1&quot;:2,&quot;2&quot;:&quot;Wie gro\\u00df ist das Problem herabfallender Anbauger\\u00e4te wirklich?\\nIm Schnitt gibt es einen Bericht pro Monat \\u00fcber Arbeitsunf\\u00e4lle durch herabfallende Anbauger\\u00e4te, aber die Zahl der nicht gemeldeten F\\u00e4lle ist wahrscheinlich deutlich h\\u00f6her.&quot;}\" data-sheets-userformat=\"{&quot;2&quot;:769,&quot;3&quot;:{&quot;1&quot;:0},&quot;11&quot;:4,&quot;12&quot;:0}\">Im Schnitt gibt es einen Bericht pro Monat \u00fcber Arbeitsunf\u00e4lle durch herabfallende Anbauger\u00e4te, aber die Zahl der nicht gemeldeten F\u00e4lle ist wahrscheinlich deutlich h\u00f6her.<\/span><\/p>\n<h5><span data-sheets-value=\"{&quot;1&quot;:2,&quot;2&quot;:&quot;Im Jahr 2011 wurde dieser Film von der Schwedischen Organisation Prevent gemacht. Er zeigt die Risiken, die mit Arbeiten mit Schnellwechslern verbunden sind.&quot;}\" data-sheets-userformat=\"{&quot;2&quot;:769,&quot;3&quot;:{&quot;1&quot;:0},&quot;11&quot;:4,&quot;12&quot;:0}\">Im Jahr 2011 wurde dieser Film von der Schwedischen Organisation Prevent gemacht. Er zeigt die Risiken, die mit Arbeiten mit Schnellwechslern verbunden sind.<\/span><\/h5>\n<div class=\"video-embed-container\"><iframe loading=\"lazy\" title=\"L\u00e5s s\u00e4kert - det kan g\u00e4lla livet\" width=\"500\" height=\"281\" src=\"https:\/\/www.youtube.com\/embed\/qhNnbCJvwgE?feature=oembed\" frameborder=\"0\" allow=\"accelerometer; autoplay; clipboard-write; encrypted-media; gyroscope; picture-in-picture; web-share\" referrerpolicy=\"strict-origin-when-cross-origin\" allowfullscreen><\/iframe><\/div>\n","protected":false},"excerpt":{"rendered":"<p>Wie gro\u00df ist das Problem herabfallender Anbauger\u00e4te wirklich? Im Schnitt gibt es einen Bericht pro Monat \u00fcber Arbeitsunf\u00e4lle durch herabfallende Anbauger\u00e4te, aber die Zahl der nicht gemeldeten F\u00e4lle ist wahrscheinlich deutlich h\u00f6her. Im Jahr 2011 wurde dieser Film von der&#8230;<\/p>\n","protected":false},"author":12,"featured_media":0,"parent":0,"menu_order":21,"comment_status":"closed","ping_status":"closed","template":"","meta":{"footnotes":""},"class_list":["post-11735","page","type-page","status-publish","hentry"],"acf":[],"_links":{"self":[{"href":"https:\/\/steelwrist.com\/de\/wp-json\/wp\/v2\/pages\/11735","targetHints":{"allow":["GET"]}}],"collection":[{"href":"https:\/\/steelwrist.com\/de\/wp-json\/wp\/v2\/pages"}],"about":[{"href":"https:\/\/steelwrist.com\/de\/wp-json\/wp\/v2\/types\/page"}],"author":[{"embeddable":true,"href":"https:\/\/steelwrist.com\/de\/wp-json\/wp\/v2\/users\/12"}],"replies":[{"embeddable":true,"href":"https:\/\/steelwrist.com\/de\/wp-json\/wp\/v2\/comments?post=11735"}],"version-history":[{"count":5,"href":"https:\/\/steelwrist.com\/de\/wp-json\/wp\/v2\/pages\/11735\/revisions"}],"predecessor-version":[{"id":14162,"href":"https:\/\/steelwrist.com\/de\/wp-json\/wp\/v2\/pages\/11735\/revisions\/14162"}],"wp:attachment":[{"href":"https:\/\/steelwrist.com\/de\/wp-json\/wp\/v2\/media?parent=11735"}],"curies":[{"name":"wp","href":"https:\/\/api.w.org\/{rel}","templated":true}]}}