{"id":101819,"date":"2019-03-28T15:42:36","date_gmt":"2019-03-28T14:42:36","guid":{"rendered":"https:\/\/steelwrist.com\/compatibility-between-sq-standard-and-oilquick\/"},"modified":"2019-11-14T12:31:56","modified_gmt":"2019-11-14T11:31:56","slug":"austauschbarkeit-zwischen-schnellwechslern-und-adapterplatten-des-sq-standard","status":"publish","type":"page","link":"https:\/\/steelwrist.com\/de\/austauschbarkeit-zwischen-schnellwechslern-und-adapterplatten-des-sq-standard\/","title":{"rendered":"Austauschbarkeit zwischen Schnellwechslern und Adapterplatten des SQ Standard mit den Produkten anderer Hersteller"},"content":{"rendered":"<p>Die SQ Kupplungstechnologie erf\u00fcllt h\u00f6chste Anspr\u00fcche und wird bei Schnellwechslern und Tiltrotatoren eingesetzt, um hydaulische Anbauwerkzeuge aufzunehmen. Sie steht f\u00fcr hohe Leistung und ein robustes Design.<\/p>\n<p>Wenn Schnellwechsler und Anbauplatten mit SQ Technologie mit Produkten anderer Hersteller kombiniert werden ist es wichtig, eine vollst\u00e4ndige und korrekte Funktionalit\u00e4t entsprechend der unten stehenden Liste sicherzustellen.<\/p>\n<p>Ist die Kombination hinsichtlich ihrer Konfiguration und der korrekten Funktion wie beschrieben gepr\u00fcft worden, erteilt Steelwrist die Freigabe zur Nutzung der Schnellwechsler und Anbauplatten mit den entsprechenden Gegenst\u00fccken anderer Hersteller. Sofern unsere Produkte gem\u00e4\u00df der Vorgaben und Bestimmungen aus den Bedienungsanleitungen verwendet werden, ist die CE Konformit\u00e4t nicht beeintr\u00e4chtigt und es werden keine zus\u00e4tzlichen Risiken gesehen, die w\u00e4hrend des Betriebs auftreten k\u00f6nnten.<\/p>\n<p><strong>1. \u00dcberpr\u00fcfen der Austauschbarkeit<\/strong><\/p>\n<p>a. Stellen Sie sicher, dass die Anbauplatte die gleiche Konfiguration bei den Hydraulikkupplungen aufweist wie der Schnellwechsler. Pr\u00fcfen Sie Position und Gr\u00f6\u00dfe der Kupplungen am Anbauwerkzeug und im Schnellwechsler.<\/p>\n<p>b. Stellen Sie sicher, dass die beiden Wellen der Anbauplatten den Vorgaben des S-Standards entsprechen (Symmetrical Quick Couplers for Excavators, June 2011 edition). Sollte das nicht der Fall sein, wenn z. B. die vordere Welle im mittleren Bereich einen gr\u00f6\u00dferen Durchmesser hat (s. Bild 1), ist ein Ankuppeln mit einem SQ Schnellwechsler nicht m\u00f6glich. Die seitlichen F\u00fchrungselemente verhindern das Eintauchen des Schnellwechslers in die Platte und die gr\u00fcne Anzeige ist nicht sichtbar.\u00a0Verweis: <a href=\"https:\/\/mk0steelwrist20nt9wf.kinstacdn.com\/wp-content\/uploads\/Symmetrical-Quick-Couplers-for-Excavators-June-2011-edition-1.pdf\">Symmetrical Quick Couplers for Excavators (PDF)<\/a>. Abmessungen von SQ70\/55 und SQ65 in Tabelle 1.<\/p>\n<p>c. Alle Schnellwechsler von Steelwrist sind mit der einzigartigen Front Pin Lock (FPL) Sicherheitstechnologie ausgestattet, um die Sicherheit beim Wechseln von Anbauwerkzeugen zu erh\u00f6hen. Stellen Sie sicher, dass die FPL Elemente ausreichend Platz haben (s. Bild 2 und Tabelle 2). Einige Anbauwerkzeuge sind mit zus\u00e4tzlichen Blechen ausgestattet, die nicht dem Symmetrischen Standard entsprechen. Sollten diese Bleche den Kupplungsprozess st\u00f6ren, sprechen sie uns bitte an. Wir pr\u00fcfen, ob eine Anpassung m\u00f6glich ist. Es kann sein, dass eine geringf\u00fcgige Modifikation notwendig ist, um die korrekte Funktion des SQ FPL sicherzustellen. In diesem Fall organisiert Steelwrist den Modifikationsprozess f\u00fcr sie.<\/p>\n<p>d. Sollte das Anbauwerkzeug \u00fcber eine elektrische Schnittstelle verf\u00fcgen ist es wichtig, dass er Schnellwechsler mit einem Elektrostecker gleichen Typs ausgestattet ist. Eine Nachr\u00fcstung bzw. Umr\u00fcstung auf denselben Typ ist m\u00f6glich. Der V14 Stecker von Steelwrist ist ein robuster und flexibler Stecker, der auch bei Produkten anderer Hersteller eingebaut werden kann.<\/p>\n<p>Es gibt zwei Varianten von Elektrosteckern, die eingebaut werden k\u00f6nnen; entweder den altbekannten V90 Stecker mit 10 Polen oder den fortschrittlichen V14 Stecker mit 14 Polen. Sollte der Schnellwechsler oder das Anbauwerkzeug mit zwei nebeneinander platzierten V90 Steckern ausger\u00fcstet sein m\u00fcssen diese in einem V14 zusammengef\u00fchrt werden.<\/p>\n<p><strong>2. \u00dcberpr\u00fcfen Sie die Funktion (auf ebenem Untergrund und ohne Personen im Gefahrenbereich)<\/strong><\/p>\n<p>a. Kuppeln sie das Anbauwerkzeug nun vorsichtig mit dem Schnellwechsler und stellen sie sicher, dass es zu keiner mechanischen St\u00f6rung kommt. M\u00f6gliche notwendige Anpassungen m\u00fcssen vorgenommen werden, bevor sie die n\u00e4chsten Schritte durchf\u00fchren.<\/p>\n<p>b. Kontrollieren sie nun die Funktion des Front Pin Lock, indem sie nur die vordere Welle aufnehmen. Verriegeln sie den Schnellwechsler bewusst mit den Riegelbolzen \u00fcber der zweiten Welle. Pr\u00fcfen sie, ob der gr\u00fcne Anzeigestift erscheint und ob das h\u00e4ngende Anbauwerkzeug im Front Pin Lock Sicherheitssystem gehalten wird.<\/p>\n<p>c. Kuppeln sie jetzt das Anbauwerkzeug korrekt an und \u00fcberpr\u00fcfen sie die hydraulischen Funktionen und die Hydraulikkupplungen auf Leckagen.<\/p>\n<p>d. Wenn das Anbauwerkzeug mit einem Elektrostecker ausger\u00fcstet ist, m\u00fcssen sie die Funktion aller elektrischen Funktionen \u00fcberpr\u00fcfen.<\/p>\n<p>Hinweis: Sollten sie Fragen haben zur Kombination von Anbauwerkzeugen verschiedener Hersteller haben, kontaktieren sie bitte ihren Ansprechpartner bei Steelwrist. Verwenden sie keine ungepr\u00fcfte Kombination, da es ein Sicherheitsrisiko darstellen k\u00f6nnte.<\/p>\n<p>Hinweis: Lesen sie vor der Verwendung immer die Bedienungsanleitung des Anbauwerkzeugs und des Schnellwechslers.<\/p>\n<p>Hinweis: Sollte das Anbauwerkzeug mit einem Schutzblech ausgestattet sein, das mit den Bauteilen des Front Pin Lock kollidiert, kann Steelwrist ihnen ein neues passendes Schutzblech zur Verf\u00fcgung stellen.<\/p>\n<div id=\"attachment_107072\" style=\"width: 610px\" class=\"wp-caption alignnone\"><img loading=\"lazy\" decoding=\"async\" aria-describedby=\"caption-attachment-107072\" class=\"wp-image-107072 size-full\" src=\"https:\/\/steelwrist.com\/wp-content\/uploads\/Picture-1-e1565684050427.png\" alt=\"Non conforming front pin\" width=\"600\" height=\"277\" \/><p id=\"caption-attachment-107072\" class=\"wp-caption-text\">Bild 1: Beispiel einer vorderen Welle, die nicht dem symmetrischen Standard entspricht. Diese Welle kann nicht aufgenommen werden. Die vordere Welle muss entsprechend dem symmetrischen Standard ausgef\u00fchrt sein d.h., sie muss \u00fcber die gesamte L\u00e4nge den gleichen Durchmesser haben.<\/p><\/div>\n<p>&nbsp;<\/p>\n<div id=\"attachment_107595\" style=\"width: 610px\" class=\"wp-caption alignnone\"><img loading=\"lazy\" decoding=\"async\" aria-describedby=\"caption-attachment-107595\" class=\"wp-image-107595 size-full\" src=\"https:\/\/steelwrist.com\/wp-content\/uploads\/Table-1_DE-e1565684682120.png\" alt=\"\" width=\"600\" height=\"128\" \/><p id=\"caption-attachment-107595\" class=\"wp-caption-text\">Tabelle 1: Grundabmessungen und erweiterte Abmessungen des symmetrischen Standards<\/p><\/div>\n<p>&nbsp;<\/p>\n<div id=\"attachment_107100\" style=\"width: 610px\" class=\"wp-caption alignnone\"><img loading=\"lazy\" decoding=\"async\" aria-describedby=\"caption-attachment-107100\" class=\"wp-image-107100 size-full\" src=\"https:\/\/steelwrist.com\/wp-content\/uploads\/Picture-2-e1565684803870.png\" alt=\"Freiraum am Front Pin Lock\" width=\"600\" height=\"284\" \/><p id=\"caption-attachment-107100\" class=\"wp-caption-text\">Bild 2: Freiraum am Front Pin Lock<\/p><\/div>\n<p>&nbsp;<\/p>\n<div id=\"attachment_107780\" style=\"width: 292px\" class=\"wp-caption alignnone\"><img loading=\"lazy\" decoding=\"async\" aria-describedby=\"caption-attachment-107780\" class=\"wp-image-107780 size-full\" src=\"https:\/\/steelwrist.com\/wp-content\/uploads\/Table-2_DE.png\" alt=\"Freiraum am Front Pin Lock\" width=\"282\" height=\"142\" srcset=\"https:\/\/steelwrist.com\/wp-content\/uploads\/Table-2_DE.png 282w, https:\/\/steelwrist.com\/wp-content\/uploads\/Table-2_DE-150x76.png 150w, https:\/\/steelwrist.com\/wp-content\/uploads\/Table-2_DE-24x12.png 24w, https:\/\/steelwrist.com\/wp-content\/uploads\/Table-2_DE-36x18.png 36w, https:\/\/steelwrist.com\/wp-content\/uploads\/Table-2_DE-48x24.png 48w, https:\/\/steelwrist.com\/wp-content\/uploads\/Table-2_DE-110x55.png 110w, https:\/\/steelwrist.com\/wp-content\/uploads\/Table-2_DE-75x38.png 75w\" sizes=\"auto, (max-width: 282px) 100vw, 282px\" \/><p id=\"caption-attachment-107780\" class=\"wp-caption-text\">Tabelle 2: Freiraum am Front Pin Lock<\/p><\/div>\n<p>&nbsp;<\/p>\n<p>&nbsp;<\/p>\n","protected":false},"excerpt":{"rendered":"<p>Die SQ Kupplungstechnologie erf\u00fcllt h\u00f6chste Anspr\u00fcche und wird bei Schnellwechslern und Tiltrotatoren eingesetzt, um hydaulische Anbauwerkzeuge aufzunehmen. Sie steht f\u00fcr hohe Leistung und ein robustes Design. Wenn Schnellwechsler und Anbauplatten mit SQ Technologie mit Produkten anderer Hersteller kombiniert werden ist&#8230;<\/p>\n","protected":false},"author":12,"featured_media":0,"parent":0,"menu_order":0,"comment_status":"closed","ping_status":"closed","template":"","meta":{"footnotes":""},"class_list":["post-101819","page","type-page","status-publish","hentry"],"acf":[],"_links":{"self":[{"href":"https:\/\/steelwrist.com\/de\/wp-json\/wp\/v2\/pages\/101819","targetHints":{"allow":["GET"]}}],"collection":[{"href":"https:\/\/steelwrist.com\/de\/wp-json\/wp\/v2\/pages"}],"about":[{"href":"https:\/\/steelwrist.com\/de\/wp-json\/wp\/v2\/types\/page"}],"author":[{"embeddable":true,"href":"https:\/\/steelwrist.com\/de\/wp-json\/wp\/v2\/users\/12"}],"replies":[{"embeddable":true,"href":"https:\/\/steelwrist.com\/de\/wp-json\/wp\/v2\/comments?post=101819"}],"version-history":[{"count":5,"href":"https:\/\/steelwrist.com\/de\/wp-json\/wp\/v2\/pages\/101819\/revisions"}],"predecessor-version":[{"id":155063,"href":"https:\/\/steelwrist.com\/de\/wp-json\/wp\/v2\/pages\/101819\/revisions\/155063"}],"wp:attachment":[{"href":"https:\/\/steelwrist.com\/de\/wp-json\/wp\/v2\/media?parent=101819"}],"curies":[{"name":"wp","href":"https:\/\/api.w.org\/{rel}","templated":true}]}}