{"id":20271,"date":"2013-02-21T22:41:51","date_gmt":"2013-02-21T21:41:51","guid":{"rendered":"https:\/\/steelwrist.com\/press\/"},"modified":"2026-02-09T10:52:38","modified_gmt":"2026-02-09T09:52:38","slug":"press","status":"publish","type":"page","link":"https:\/\/steelwrist.com\/da\/press\/","title":{"rendered":"Press"},"content":{"rendered":"<p>Her er information til medierne, s\u00e5som billeder i h\u00f8j opl\u00f8sning og Steelwrist logo. Materialer og fotos kan bruges frit, s\u00e5 l\u00e6nge kilden er n\u00e6vnt.<\/p>\n<h2>Kontakt<\/h2>\n<p><strong>For pressrelaterede sp\u00f8rgsm\u00e5l:<\/strong><br \/>\nStefan Stockhaus, telefon <a href=\"tel:+46709981321\" target=\"_blank\" rel=\"noopener noreferrer\">+46 70 998 13 21 <\/a><a href=\"tel:+46734747699\"><span style=\"color: #010202; font-family: arial, helvetica, verdana, tahoma, sans-serif;\">eller<\/span><\/a>\u00a0<a href=\"mailto:stefan.stockhaus@steelwrist.com\" target=\"_blank\" rel=\"noopener noreferrer\">e-mail<\/a>.<br \/>\nKarl Serneberg, telefon <a href=\"tel:+46702619811\" target=\"_blank\" rel=\"noopener\">+46 70 261 98 11<\/a> <a href=\"tel:+46734747699\"><span style=\"color: #010202; font-family: arial, helvetica, verdana, tahoma, sans-serif;\">eller<\/span><\/a> <a href=\"mailto:karl.serneberg@steelwrist.com\" target=\"_blank\" rel=\"noopener\">e-mail<\/a>.<br \/>\nMarianne Johansson, telefon <a href=\"tel:+46734747697\" target=\"_blank\" rel=\"noopener\">+ 46 73 474 76 97<\/a> <a href=\"tel:+46734747699\"><span style=\"color: #010202; font-family: arial, helvetica, verdana, tahoma, sans-serif;\">eller<\/span><\/a> <a href=\"mailto:marianne.johansson@steelwrist.com\" target=\"_blank\" rel=\"noopener\">e-mail<\/a>.<\/p>\n<p><strong>For reklame, print og digitalt:<\/strong><br \/>\nMaria Kreitz, telefon <a href=\"tel:+46709981325\">+46 70 998 13 25<\/a> <a href=\"tel:+46734747699\"><span style=\"color: #010202; font-family: arial, helvetica, verdana, tahoma, sans-serif;\">eller<\/span><\/a> <a href=\"mailto:maria.kreitz@steelwrist.com\" target=\"_blank\" rel=\"noopener\">e-mail<\/a>.<br \/>\nHelen Westling, telefon <a href=\"tel:+46734747699\">+46 73 474 76 99<\/a><span style=\"color: #010202; font-family: arial, helvetica, verdana, tahoma, sans-serif;\"> eller<\/span><span style=\"color: #010202; font-family: arial, helvetica, verdana, tahoma, sans-serif;\">\u00a0<\/span><a href=\"mailto:helen.westling@steelwrist.com\" target=\"_blank\" rel=\"noopener\">e-mail<\/a>.<\/p>\n<p><strong>Social media:<\/strong><br \/>\nMimmi Sj\u00f6lin, telefon <a href=\"tel:+46764956682\">+46 76 495 66 82<\/a> eller <a href=\"mailto:mimmi.sjolin@steelwrist.com\">e-mail<\/a>.<\/p>\n<div><strong>E-learning:<\/strong><\/div>\n<div>Karl-Henrik Krantz, telefon <a href=\"tel:+4672-0509032\">+46 72 050 90 32<\/a> eller <a href=\"mailto:karl.krantz@steelwrist.com\">e-mail<\/a>.<\/div>\n","protected":false},"excerpt":{"rendered":"<p>Her er information til medierne, s\u00e5som billeder i h\u00f8j opl\u00f8sning og Steelwrist logo. Materialer og fotos kan bruges frit, s\u00e5 l\u00e6nge kilden er n\u00e6vnt. Kontakt For pressrelaterede sp\u00f8rgsm\u00e5l: Stefan Stockhaus, telefon +46 70 998 13 21 eller\u00a0e-mail. Karl Serneberg, telefon&#8230;<\/p>\n","protected":false},"author":1,"featured_media":0,"parent":0,"menu_order":101,"comment_status":"closed","ping_status":"closed","template":"","meta":{"footnotes":""},"class_list":["post-20271","page","type-page","status-publish","hentry"],"acf":[],"_links":{"self":[{"href":"https:\/\/steelwrist.com\/da\/wp-json\/wp\/v2\/pages\/20271","targetHints":{"allow":["GET"]}}],"collection":[{"href":"https:\/\/steelwrist.com\/da\/wp-json\/wp\/v2\/pages"}],"about":[{"href":"https:\/\/steelwrist.com\/da\/wp-json\/wp\/v2\/types\/page"}],"author":[{"embeddable":true,"href":"https:\/\/steelwrist.com\/da\/wp-json\/wp\/v2\/users\/1"}],"replies":[{"embeddable":true,"href":"https:\/\/steelwrist.com\/da\/wp-json\/wp\/v2\/comments?post=20271"}],"version-history":[{"count":6,"href":"https:\/\/steelwrist.com\/da\/wp-json\/wp\/v2\/pages\/20271\/revisions"}],"predecessor-version":[{"id":289316,"href":"https:\/\/steelwrist.com\/da\/wp-json\/wp\/v2\/pages\/20271\/revisions\/289316"}],"wp:attachment":[{"href":"https:\/\/steelwrist.com\/da\/wp-json\/wp\/v2\/media?parent=20271"}],"curies":[{"name":"wp","href":"https:\/\/api.w.org\/{rel}","templated":true}]}}