{"id":20257,"date":"2016-02-17T14:36:51","date_gmt":"2016-02-17T13:36:51","guid":{"rendered":"https:\/\/steelwrist.com\/service\/product-registration\/"},"modified":"2020-11-03T10:25:30","modified_gmt":"2020-11-03T09:25:30","slug":"produktregistrering","status":"publish","type":"page","link":"https:\/\/steelwrist.com\/da\/service\/produktregistrering\/","title":{"rendered":"Produktregistrering"},"content":{"rendered":"<p class=\"ingress\">Produktregistreringen er udf\u00f8rt for b\u00e5de tyverisikring (Datatag) og hvis du har valgt denne mulighed, en udvidet garanti (Extended Warranty).<\/p>\n<p>Hvis du har valgt Datatag-m\u00e6rkning, kan du i nogle forsikringsselskaber undg\u00e5 at betale selvrisiko, hvis noget blev stj\u00e5let. Nogle forsikringsselskaber har ogs\u00e5 en reduktion i pr\u00e6mieomkostningerne. Med Datatag-m\u00e6rkning vil din Steelwrist blive sporbar i 194 lande i Cesar-systemet.<\/p>\n<p>\u00d8nsker du at sikre, at den udvidede garanti g\u00e6lder, skal du registrere dit produkt inden for en m\u00e5ned fra det tidspunkt, hvor du modtog den leverede maskine fra din forhandler.<\/p>\n<p>Alle oplysninger, du har angivet, er beskyttet i henhold til den svenske personoplysninger lov.<\/p>\n<p><iframe src=\"https:\/\/pages.upsales.com\/6936uc4fcde80f5f7403ca73ebfa27b233a9b-frame\" \t\twidth=\"100%\" \t\theight=\"1192\" \t\tstyle=\"border:0\"><\/iframe><\/p>\n","protected":false},"excerpt":{"rendered":"<p>Produktregistreringen er udf\u00f8rt for b\u00e5de tyverisikring (Datatag) og hvis du har valgt denne mulighed, en udvidet garanti (Extended Warranty). Hvis du har valgt Datatag-m\u00e6rkning, kan du i nogle forsikringsselskaber undg\u00e5 at betale selvrisiko, hvis noget blev stj\u00e5let. Nogle forsikringsselskaber har&#8230;<\/p>\n","protected":false},"author":1,"featured_media":0,"parent":20239,"menu_order":21,"comment_status":"closed","ping_status":"closed","template":"","meta":{"footnotes":""},"class_list":["post-20257","page","type-page","status-publish","hentry"],"acf":[],"_links":{"self":[{"href":"https:\/\/steelwrist.com\/da\/wp-json\/wp\/v2\/pages\/20257","targetHints":{"allow":["GET"]}}],"collection":[{"href":"https:\/\/steelwrist.com\/da\/wp-json\/wp\/v2\/pages"}],"about":[{"href":"https:\/\/steelwrist.com\/da\/wp-json\/wp\/v2\/types\/page"}],"author":[{"embeddable":true,"href":"https:\/\/steelwrist.com\/da\/wp-json\/wp\/v2\/users\/1"}],"replies":[{"embeddable":true,"href":"https:\/\/steelwrist.com\/da\/wp-json\/wp\/v2\/comments?post=20257"}],"version-history":[{"count":5,"href":"https:\/\/steelwrist.com\/da\/wp-json\/wp\/v2\/pages\/20257\/revisions"}],"predecessor-version":[{"id":205993,"href":"https:\/\/steelwrist.com\/da\/wp-json\/wp\/v2\/pages\/20257\/revisions\/205993"}],"up":[{"embeddable":true,"href":"https:\/\/steelwrist.com\/da\/wp-json\/wp\/v2\/pages\/20239"}],"wp:attachment":[{"href":"https:\/\/steelwrist.com\/da\/wp-json\/wp\/v2\/media?parent=20257"}],"curies":[{"name":"wp","href":"https:\/\/api.w.org\/{rel}","templated":true}]}}