{"id":20255,"date":"2016-04-04T14:29:32","date_gmt":"2016-04-04T12:29:32","guid":{"rendered":"https:\/\/steelwrist.com\/service\/quote\/"},"modified":"2024-10-17T14:55:57","modified_gmt":"2024-10-17T12:55:57","slug":"tilbud","status":"publish","type":"page","link":"https:\/\/steelwrist.com\/da\/service\/tilbud\/","title":{"rendered":"F\u00e5 et tilbud"},"content":{"rendered":"<p>Kontakt os for pris p\u00e5 vores produkter. <span data-sheets-root=\"1\">Udfyld nedenst\u00e5ende formular for at sende beskeden til vores salgsafdeling eller ring til os p\u00e5 <\/span><a href=\"tel:+4686260711\" target=\"_blank\" rel=\"noopener noreferrer\">+46 (0) 8 626 07 11<\/a>\u00a0og vi s\u00f8rger for at du f\u00e5r hj\u00e6lp.<\/p>\n<p><iframe loading=\"lazy\" style=\"border: 0;\" src=\"https:\/\/pages.upsales.com\/6936ud3d84942949b4ccd82cb45c25891e66a-frame\" width=\"100%\" height=\"1450\"><\/iframe><\/p>\n","protected":false},"excerpt":{"rendered":"<p>Kontakt os for pris p\u00e5 vores produkter. Udfyld nedenst\u00e5ende formular for at sende beskeden til vores salgsafdeling eller ring til os p\u00e5 +46 (0) 8 626 07 11\u00a0og vi s\u00f8rger for at du f\u00e5r hj\u00e6lp.<\/p>\n","protected":false},"author":12,"featured_media":0,"parent":20239,"menu_order":8,"comment_status":"closed","ping_status":"closed","template":"","meta":{"footnotes":""},"class_list":["post-20255","page","type-page","status-publish","hentry"],"acf":[],"_links":{"self":[{"href":"https:\/\/steelwrist.com\/da\/wp-json\/wp\/v2\/pages\/20255","targetHints":{"allow":["GET"]}}],"collection":[{"href":"https:\/\/steelwrist.com\/da\/wp-json\/wp\/v2\/pages"}],"about":[{"href":"https:\/\/steelwrist.com\/da\/wp-json\/wp\/v2\/types\/page"}],"author":[{"embeddable":true,"href":"https:\/\/steelwrist.com\/da\/wp-json\/wp\/v2\/users\/12"}],"replies":[{"embeddable":true,"href":"https:\/\/steelwrist.com\/da\/wp-json\/wp\/v2\/comments?post=20255"}],"version-history":[{"count":6,"href":"https:\/\/steelwrist.com\/da\/wp-json\/wp\/v2\/pages\/20255\/revisions"}],"predecessor-version":[{"id":276730,"href":"https:\/\/steelwrist.com\/da\/wp-json\/wp\/v2\/pages\/20255\/revisions\/276730"}],"up":[{"embeddable":true,"href":"https:\/\/steelwrist.com\/da\/wp-json\/wp\/v2\/pages\/20239"}],"wp:attachment":[{"href":"https:\/\/steelwrist.com\/da\/wp-json\/wp\/v2\/media?parent=20255"}],"curies":[{"name":"wp","href":"https:\/\/api.w.org\/{rel}","templated":true}]}}