{"id":20253,"date":"2016-02-17T14:35:48","date_gmt":"2016-02-17T13:35:48","guid":{"rendered":"https:\/\/steelwrist.com\/service\/fullservice\/"},"modified":"2024-11-28T11:28:17","modified_gmt":"2024-11-28T10:28:17","slug":"fuldservice","status":"publish","type":"page","link":"https:\/\/steelwrist.com\/da\/service\/fuldservice\/","title":{"rendered":"Fuldservice"},"content":{"rendered":"<h2>Istands\u00e6ttelse til en fast pris<\/h2>\n<p>N\u00e5r du har brugt din Steelwrist i nogle \u00e5r kan der v\u00e6re behov for en gennemgang og udskiftning af sliddele s\u00e5som b\u00f8sninger, lejer og slanger. Book en fuldservice til din Steelwrist.<\/p>\n<h3>Dette er, hvordan fuldservice fungerer<\/h3>\n<div>\n<p>Vi adskiller din tiltrotator, udskifter alle sliddele, vasker det, s\u00e5 samler vi det og tester det til sidst. Din Steelwrist vil blive renoveret og klar til brug i mange \u00e5r. Hvis vi opdager nogen forbedringer, vi kan lave i forbindelse med fuldservice, s\u00e5 kontakter vi dig med et forslag og en pris. Alt arbejde og alle sliddele er inkluderet i prisen for fuldservice, s\u00e5 du ved hvad koster p\u00e5 forh\u00e5nd. Den eneste ekstra omkostning er forsendelsen.<\/p>\n<p>Vi skal have din tiltrotator hos os i ca. en uge for udf\u00f8relse af fuldservice. Fuldservice er i \u00f8jeblikket kun muligt af f\u00e5 udf\u00f8rt p\u00e5 vores fabrik i Rosersberg, Sverige.<\/p>\n<p><strong>Udfyld denne formular, hvis du vil vide mere om Steelwrist Fuldservice!<br \/>\n<\/strong><\/p>\n<\/div>\n<p><iframe loading=\"lazy\" style=\"border: 0;\" src=\"https:\/\/pages.upsales.com\/6936ue8dccc90a84d4fc584a6e47220d55577-frame\" width=\"100%\" height=\"1050\"><\/iframe><\/p>\n","protected":false},"excerpt":{"rendered":"<p>Istands\u00e6ttelse til en fast pris N\u00e5r du har brugt din Steelwrist i nogle \u00e5r kan der v\u00e6re behov for en gennemgang og udskiftning af sliddele s\u00e5som b\u00f8sninger, lejer og slanger. Book en fuldservice til din Steelwrist. Dette er, hvordan fuldservice&#8230;<\/p>\n","protected":false},"author":1,"featured_media":0,"parent":20239,"menu_order":8,"comment_status":"closed","ping_status":"closed","template":"","meta":{"footnotes":""},"class_list":["post-20253","page","type-page","status-publish","hentry"],"acf":[],"_links":{"self":[{"href":"https:\/\/steelwrist.com\/da\/wp-json\/wp\/v2\/pages\/20253","targetHints":{"allow":["GET"]}}],"collection":[{"href":"https:\/\/steelwrist.com\/da\/wp-json\/wp\/v2\/pages"}],"about":[{"href":"https:\/\/steelwrist.com\/da\/wp-json\/wp\/v2\/types\/page"}],"author":[{"embeddable":true,"href":"https:\/\/steelwrist.com\/da\/wp-json\/wp\/v2\/users\/1"}],"replies":[{"embeddable":true,"href":"https:\/\/steelwrist.com\/da\/wp-json\/wp\/v2\/comments?post=20253"}],"version-history":[{"count":6,"href":"https:\/\/steelwrist.com\/da\/wp-json\/wp\/v2\/pages\/20253\/revisions"}],"predecessor-version":[{"id":280604,"href":"https:\/\/steelwrist.com\/da\/wp-json\/wp\/v2\/pages\/20253\/revisions\/280604"}],"up":[{"embeddable":true,"href":"https:\/\/steelwrist.com\/da\/wp-json\/wp\/v2\/pages\/20239"}],"wp:attachment":[{"href":"https:\/\/steelwrist.com\/da\/wp-json\/wp\/v2\/media?parent=20253"}],"curies":[{"name":"wp","href":"https:\/\/api.w.org\/{rel}","templated":true}]}}