{"id":20251,"date":"2016-02-17T14:36:03","date_gmt":"2016-02-17T13:36:03","guid":{"rendered":"https:\/\/steelwrist.com\/service\/warranty\/"},"modified":"2021-02-23T09:43:57","modified_gmt":"2021-02-23T08:43:57","slug":"garanti","status":"publish","type":"page","link":"https:\/\/steelwrist.com\/da\/service\/garanti\/","title":{"rendered":"Garanti"},"content":{"rendered":"<p>Du har altid \u00e9t \u00e5rs fabriksgaranti, men det kan let forl\u00e6nge til to \u00e5r p\u00e5 tiltrotatorer, hurtigskifte og styresystemer med et par enkle trin. Standardgarantien inkluderer 12 m\u00e5neder eller 1600 timer (alt efter hvad der indtr\u00e6ffer f\u00f8rst) og inkluderer:<\/p>\n<p>&#8211; Alle konstruktions- og produktionsfejl p\u00e5 samtlige produkter.<\/p>\n<p>For at f\u00e5 den udvidede garanti op til 24 m\u00e5neder og 3200 timer p\u00e5 tiltrotatorer, hurtigskifte og styresystemer (f\u00f8rste gang) skal du sikre dig, at du som slutbruger:<\/p>\n<ul>\n<li>Tiltrotatoren og \/ eller hurtigskiftet registreres her inden for en m\u00e5ned, fra du modtog gravemaskinen fra din forhandler.<\/li>\n<li>F\u00f8lg serviceplanen i brugermanualen, som du f\u00e5r udleveret sammen med maskinen.<\/li>\n<\/ul>\n","protected":false},"excerpt":{"rendered":"<p>Du har altid \u00e9t \u00e5rs fabriksgaranti, men det kan let forl\u00e6nge til to \u00e5r p\u00e5 tiltrotatorer, hurtigskifte og styresystemer med et par enkle trin. Standardgarantien inkluderer 12 m\u00e5neder eller 1600 timer (alt efter hvad der indtr\u00e6ffer f\u00f8rst) og inkluderer: &#8211;&#8230;<\/p>\n","protected":false},"author":1,"featured_media":0,"parent":20239,"menu_order":0,"comment_status":"closed","ping_status":"closed","template":"","meta":{"footnotes":""},"class_list":["post-20251","page","type-page","status-publish","hentry"],"acf":[],"_links":{"self":[{"href":"https:\/\/steelwrist.com\/da\/wp-json\/wp\/v2\/pages\/20251","targetHints":{"allow":["GET"]}}],"collection":[{"href":"https:\/\/steelwrist.com\/da\/wp-json\/wp\/v2\/pages"}],"about":[{"href":"https:\/\/steelwrist.com\/da\/wp-json\/wp\/v2\/types\/page"}],"author":[{"embeddable":true,"href":"https:\/\/steelwrist.com\/da\/wp-json\/wp\/v2\/users\/1"}],"replies":[{"embeddable":true,"href":"https:\/\/steelwrist.com\/da\/wp-json\/wp\/v2\/comments?post=20251"}],"version-history":[{"count":4,"href":"https:\/\/steelwrist.com\/da\/wp-json\/wp\/v2\/pages\/20251\/revisions"}],"predecessor-version":[{"id":209764,"href":"https:\/\/steelwrist.com\/da\/wp-json\/wp\/v2\/pages\/20251\/revisions\/209764"}],"up":[{"embeddable":true,"href":"https:\/\/steelwrist.com\/da\/wp-json\/wp\/v2\/pages\/20239"}],"wp:attachment":[{"href":"https:\/\/steelwrist.com\/da\/wp-json\/wp\/v2\/media?parent=20251"}],"curies":[{"name":"wp","href":"https:\/\/api.w.org\/{rel}","templated":true}]}}