{"id":20249,"date":"2016-03-08T14:25:41","date_gmt":"2016-03-08T13:25:41","guid":{"rendered":"https:\/\/steelwrist.com\/service\/support\/"},"modified":"2022-10-12T10:43:53","modified_gmt":"2022-10-12T08:43:53","slug":"support","status":"publish","type":"page","link":"https:\/\/steelwrist.com\/da\/service\/support\/","title":{"rendered":"Support"},"content":{"rendered":"<p class=\"ingress\">Nogle gange, p\u00e5 trods af alt, g\u00e5r noget i stykker.<\/p>\n<p>Kunden er altid i fokus for os p\u00e5 Steelwrist Support. Vores m\u00e5l er altid at give hurtig og professionel hj\u00e6lp, uanset hvilket produkt du har brug for hj\u00e6lp til. Vi tr\u00e6ner og st\u00f8tter vores forhandlere for den bedste service.<\/p>\n<h3>Personlig service<\/h3>\n<p>Vores support er \u00e5ben &#8211; mandag &#8211; fredag 07:00-16:00<br \/>\nTeknisk support:<a href=\"tel:+4686260712\" target=\"_blank\" rel=\"noopener noreferrer\">\u00a0+46 (0) 8 626 07 12<\/a><br \/>\nReservedele: <a href=\"tel:+4686260713\" target=\"_blank\" rel=\"noopener noreferrer\">+46 (0) 8 626 07 13 <\/a><br \/>\nVi har ogs\u00e5 lokale support- og servicepartnere i mange lande.<br \/>\nKontaktpersoner finder du under servicepartnere.<\/p>\n<h3>Chat med os<\/h3>\n<p>Du kan ogs\u00e5 n\u00e5 os via chatfunktionen nederst til h\u00f8jre!<\/p>\n<h3>Support Web<\/h3>\n<p>Gennem vores Supportweb har vores servicepartnere adgang til de seneste oplysninger om vores produkter &#8211; d\u00f8gnet rundt. Her kan du bl.a. finde dokumentation for vores produkter, bestille reservedele, stille sp\u00f8rgsm\u00e5l og klage. Steelwrist dedikerede support team besvarer sp\u00f8rgsm\u00e5l og h\u00e5ndterer klager i vores \u00e5bningstider. Hvis du stiller sp\u00f8rgsm\u00e5l, n\u00e5r vi er lukket, tager vi os af det, s\u00e5 snart vi \u00e5bner igen.<\/p>\n","protected":false},"excerpt":{"rendered":"<p>Nogle gange, p\u00e5 trods af alt, g\u00e5r noget i stykker. Kunden er altid i fokus for os p\u00e5 Steelwrist Support. Vores m\u00e5l er altid at give hurtig og professionel hj\u00e6lp, uanset hvilket produkt du har brug for hj\u00e6lp til. Vi&#8230;<\/p>\n","protected":false},"author":12,"featured_media":0,"parent":20239,"menu_order":0,"comment_status":"closed","ping_status":"closed","template":"","meta":{"footnotes":""},"class_list":["post-20249","page","type-page","status-publish","hentry"],"acf":[],"_links":{"self":[{"href":"https:\/\/steelwrist.com\/da\/wp-json\/wp\/v2\/pages\/20249","targetHints":{"allow":["GET"]}}],"collection":[{"href":"https:\/\/steelwrist.com\/da\/wp-json\/wp\/v2\/pages"}],"about":[{"href":"https:\/\/steelwrist.com\/da\/wp-json\/wp\/v2\/types\/page"}],"author":[{"embeddable":true,"href":"https:\/\/steelwrist.com\/da\/wp-json\/wp\/v2\/users\/12"}],"replies":[{"embeddable":true,"href":"https:\/\/steelwrist.com\/da\/wp-json\/wp\/v2\/comments?post=20249"}],"version-history":[{"count":5,"href":"https:\/\/steelwrist.com\/da\/wp-json\/wp\/v2\/pages\/20249\/revisions"}],"predecessor-version":[{"id":231506,"href":"https:\/\/steelwrist.com\/da\/wp-json\/wp\/v2\/pages\/20249\/revisions\/231506"}],"up":[{"embeddable":true,"href":"https:\/\/steelwrist.com\/da\/wp-json\/wp\/v2\/pages\/20239"}],"wp:attachment":[{"href":"https:\/\/steelwrist.com\/da\/wp-json\/wp\/v2\/media?parent=20249"}],"curies":[{"name":"wp","href":"https:\/\/api.w.org\/{rel}","templated":true}]}}