{"id":20247,"date":"2016-02-17T14:35:32","date_gmt":"2016-02-17T13:35:32","guid":{"rendered":"https:\/\/steelwrist.com\/service\/spare-parts\/"},"modified":"2025-12-17T11:14:00","modified_gmt":"2025-12-17T10:14:00","slug":"reservedele","status":"publish","type":"page","link":"https:\/\/steelwrist.com\/da\/service\/reservedele\/","title":{"rendered":"Reservedele"},"content":{"rendered":"<p>Hvis du har brug for reservedele, er der flere muligheder: Kontakt din forhandler, hvor du k\u00f8bte din Steelwrist. Flere forhandlere har reservedele p\u00e5 lager. S\u00f8g din lokale forhandler her. Ring vores reservedelsnummer p\u00e5\u00a0<a href=\"tel:+4686260713\">+46 (0) 8 626 07 13<\/a>\u00a0 og vi hj\u00e6lper dig. Bes\u00f8g os p\u00e5 Titangatan 9 i Rosersberg, Sverige og f\u00e5 dele. Dele, der bestilles f\u00f8r kl. 14.00, sendes normalt samme dag. Vores hovedlager ligger sammen med vores fabrik i Rosersberg.<\/p>\n<h2>Har du brug for hj\u00e6lp til at finde de rigtige reservedele?<\/h2>\n<p>Der er forskellige muligheder, hvis du ikke er sikker p\u00e5, hvilke dele du har brug for: Log p\u00e5 <a href=\"https:\/\/portal-se.steelwrist.com\/?userlogin=true\" target=\"_blank\" rel=\"noopener\">Steelwrist Portal<\/a> og s\u00f8g efter den del, du har brug for, og bestil den direkte p\u00e5 siden. Kontakt Steelwrist Support: <a href=\"tel:+4686260713\">+46 (0) 8 626 07 12 <\/a>eller send en\u00a0<a href=\"mailto:support@steelwrist.com\" target=\"_blank\" rel=\"noopener noreferrer\">email<\/a>, og vi hj\u00e6lper dig.<\/p>\n<h2>\u00c5bningstider hos Steelwrist support<\/h2>\n<p>Vores serviceafdeling er \u00e5ben hverdage kl. 7.00 til 16.00.<\/p>\n","protected":false},"excerpt":{"rendered":"<p>Hvis du har brug for reservedele, er der flere muligheder: Kontakt din forhandler, hvor du k\u00f8bte din Steelwrist. Flere forhandlere har reservedele p\u00e5 lager. S\u00f8g din lokale forhandler her. Ring vores reservedelsnummer p\u00e5\u00a0+46 (0) 8 626 07 13\u00a0 og vi&#8230;<\/p>\n","protected":false},"author":1,"featured_media":0,"parent":20239,"menu_order":0,"comment_status":"closed","ping_status":"closed","template":"","meta":{"footnotes":""},"class_list":["post-20247","page","type-page","status-publish","hentry"],"acf":[],"_links":{"self":[{"href":"https:\/\/steelwrist.com\/da\/wp-json\/wp\/v2\/pages\/20247","targetHints":{"allow":["GET"]}}],"collection":[{"href":"https:\/\/steelwrist.com\/da\/wp-json\/wp\/v2\/pages"}],"about":[{"href":"https:\/\/steelwrist.com\/da\/wp-json\/wp\/v2\/types\/page"}],"author":[{"embeddable":true,"href":"https:\/\/steelwrist.com\/da\/wp-json\/wp\/v2\/users\/1"}],"replies":[{"embeddable":true,"href":"https:\/\/steelwrist.com\/da\/wp-json\/wp\/v2\/comments?post=20247"}],"version-history":[{"count":6,"href":"https:\/\/steelwrist.com\/da\/wp-json\/wp\/v2\/pages\/20247\/revisions"}],"predecessor-version":[{"id":309880,"href":"https:\/\/steelwrist.com\/da\/wp-json\/wp\/v2\/pages\/20247\/revisions\/309880"}],"up":[{"embeddable":true,"href":"https:\/\/steelwrist.com\/da\/wp-json\/wp\/v2\/pages\/20239"}],"wp:attachment":[{"href":"https:\/\/steelwrist.com\/da\/wp-json\/wp\/v2\/media?parent=20247"}],"curies":[{"name":"wp","href":"https:\/\/api.w.org\/{rel}","templated":true}]}}