{"id":20243,"date":"2016-02-17T14:57:21","date_gmt":"2016-02-17T13:57:21","guid":{"rendered":"https:\/\/steelwrist.com\/service\/field-service\/"},"modified":"2019-02-13T14:21:38","modified_gmt":"2019-02-13T13:21:38","slug":"service-i-felten","status":"publish","type":"page","link":"https:\/\/steelwrist.com\/da\/service\/service-i-felten\/","title":{"rendered":"Service i felten"},"content":{"rendered":"<h2>Support direkte fra os eller fra en servicepartner i n\u00e6rheden af dig<\/h2>\n<p><span style=\"font-size: 1rem;\">Support direkte fra os eller fra en servicepartner i n\u00e6rheden af dig. Vores egen afdeling for service er forbindelsen mellem vores udviklingsafdeling og slutkunden. Oftest h\u00e5ndterer vores forhandlere de fleste af de problemer, der m\u00e5tte opst\u00e5 i marken. Nogle gange har du brug for vores hj\u00e6lp, eller det er noget, vi vil se p\u00e5 for at forbedre.<\/span><\/p>\n<p><span style=\"font-size: 1rem;\">Vi har en stor fordel, som er Rosersberg, fordi vi nemt kan d\u00e6kke et stort omr\u00e5de, hvor der er mange gravemaskiner. Uanset hvad er det vigtigt at eventuelle problemer l\u00f8ses hurtigt, og vores feltjeneste er tilg\u00e6ngelig som ekstra ressource, n\u00e5r det er n\u00f8dvendigt.<\/span><\/p>\n<p><span style=\"font-size: 1rem;\">Du er altid velkommen til at kontakte vores support p\u00e5 tlf.\u00a0<\/span><a style=\"background-color: #ffffff; font-size: 1rem;\" href=\"tel:+4686260712\" target=\"_blank\" rel=\"noopener noreferrer\">+46 (0)8-626 07 12<\/a><\/p>\n<p>&nbsp;<\/p>\n","protected":false},"excerpt":{"rendered":"<p>Support direkte fra os eller fra en servicepartner i n\u00e6rheden af dig Support direkte fra os eller fra en servicepartner i n\u00e6rheden af dig. Vores egen afdeling for service er forbindelsen mellem vores udviklingsafdeling og slutkunden. Oftest h\u00e5ndterer vores forhandlere&#8230;<\/p>\n","protected":false},"author":1,"featured_media":0,"parent":20239,"menu_order":0,"comment_status":"closed","ping_status":"closed","template":"","meta":{"footnotes":""},"class_list":["post-20243","page","type-page","status-publish","hentry"],"acf":[],"_links":{"self":[{"href":"https:\/\/steelwrist.com\/da\/wp-json\/wp\/v2\/pages\/20243","targetHints":{"allow":["GET"]}}],"collection":[{"href":"https:\/\/steelwrist.com\/da\/wp-json\/wp\/v2\/pages"}],"about":[{"href":"https:\/\/steelwrist.com\/da\/wp-json\/wp\/v2\/types\/page"}],"author":[{"embeddable":true,"href":"https:\/\/steelwrist.com\/da\/wp-json\/wp\/v2\/users\/1"}],"replies":[{"embeddable":true,"href":"https:\/\/steelwrist.com\/da\/wp-json\/wp\/v2\/comments?post=20243"}],"version-history":[{"count":4,"href":"https:\/\/steelwrist.com\/da\/wp-json\/wp\/v2\/pages\/20243\/revisions"}],"predecessor-version":[{"id":100990,"href":"https:\/\/steelwrist.com\/da\/wp-json\/wp\/v2\/pages\/20243\/revisions\/100990"}],"up":[{"embeddable":true,"href":"https:\/\/steelwrist.com\/da\/wp-json\/wp\/v2\/pages\/20239"}],"wp:attachment":[{"href":"https:\/\/steelwrist.com\/da\/wp-json\/wp\/v2\/media?parent=20243"}],"curies":[{"name":"wp","href":"https:\/\/api.w.org\/{rel}","templated":true}]}}