{"id":20241,"date":"2016-02-17T14:36:23","date_gmt":"2016-02-17T13:36:23","guid":{"rendered":"https:\/\/steelwrist.com\/service\/education\/"},"modified":"2019-02-13T14:00:01","modified_gmt":"2019-02-13T13:00:01","slug":"uddannelse","status":"publish","type":"page","link":"https:\/\/steelwrist.com\/da\/service\/uddannelse\/","title":{"rendered":"Uddannelse"},"content":{"rendered":"<h2>Opdateret ekspertise giver effektiv installation og service<\/h2>\n<p>Vi tilbyder alle vores forhandlere tr\u00e6ning p\u00e5 vores produkter, enten i vores tr\u00e6ningscenter i Rosersberg eller p\u00e5 stedet hos forhandleren. Helt afh\u00e6ngig af, hvad der er nemmest. Vi l\u00e6gger stor v\u00e6gt p\u00e5 vores kontrolsystem, da vi ved, at dette er den vanskelige del for mange forhandlere.<br \/>\nNogle af vores kurser er en del af uddannelsen som en certificeret servicepartner Steelwrist.<\/p>\n<p>Kontakt os for mere information om kurser, kursusindhold og adgangskrav.<\/p>\n<p><iframe loading=\"lazy\" style=\"border: 0;\" src=\"https:\/\/pages.upsales.com\/6936u0d1547d77d2843628e86a8dbdee83a07-frame\" width=\"360\" height=\"900\"><\/iframe><\/p>\n","protected":false},"excerpt":{"rendered":"<p>Opdateret ekspertise giver effektiv installation og service Vi tilbyder alle vores forhandlere tr\u00e6ning p\u00e5 vores produkter, enten i vores tr\u00e6ningscenter i Rosersberg eller p\u00e5 stedet hos forhandleren. Helt afh\u00e6ngig af, hvad der er nemmest. Vi l\u00e6gger stor v\u00e6gt p\u00e5 vores&#8230;<\/p>\n","protected":false},"author":1,"featured_media":0,"parent":20239,"menu_order":0,"comment_status":"closed","ping_status":"closed","template":"","meta":{"footnotes":""},"class_list":["post-20241","page","type-page","status-publish","hentry"],"acf":[],"_links":{"self":[{"href":"https:\/\/steelwrist.com\/da\/wp-json\/wp\/v2\/pages\/20241","targetHints":{"allow":["GET"]}}],"collection":[{"href":"https:\/\/steelwrist.com\/da\/wp-json\/wp\/v2\/pages"}],"about":[{"href":"https:\/\/steelwrist.com\/da\/wp-json\/wp\/v2\/types\/page"}],"author":[{"embeddable":true,"href":"https:\/\/steelwrist.com\/da\/wp-json\/wp\/v2\/users\/1"}],"replies":[{"embeddable":true,"href":"https:\/\/steelwrist.com\/da\/wp-json\/wp\/v2\/comments?post=20241"}],"version-history":[{"count":5,"href":"https:\/\/steelwrist.com\/da\/wp-json\/wp\/v2\/pages\/20241\/revisions"}],"predecessor-version":[{"id":100980,"href":"https:\/\/steelwrist.com\/da\/wp-json\/wp\/v2\/pages\/20241\/revisions\/100980"}],"up":[{"embeddable":true,"href":"https:\/\/steelwrist.com\/da\/wp-json\/wp\/v2\/pages\/20239"}],"wp:attachment":[{"href":"https:\/\/steelwrist.com\/da\/wp-json\/wp\/v2\/media?parent=20241"}],"curies":[{"name":"wp","href":"https:\/\/api.w.org\/{rel}","templated":true}]}}