{"id":20200,"date":"2016-05-03T15:43:20","date_gmt":"2016-05-03T13:43:20","guid":{"rendered":"https:\/\/steelwrist.com\/about-steelwrist\/steelwrist-in-media\/"},"modified":"2026-03-11T17:03:19","modified_gmt":"2026-03-11T16:03:19","slug":"steelwrist-i-medierne","status":"publish","type":"page","link":"https:\/\/steelwrist.com\/da\/om-steelwrist\/steelwrist-i-medierne\/","title":{"rendered":"Steelwrist i medierne"},"content":{"rendered":"<p><strong>Steelwrist introducerer hurtigskifte til l\u00e6ssemaskiner<\/strong><br \/>\nGr\u00f8nteknik, 10. mar. 2026<\/p>\n<p><a href=\"https:\/\/www.gronteknik.dk\/artikel\/129949-steelwrist-introducerer-hurtigskifte-til-lassemaskiner\" target=\"_blank\" rel=\"noopener\"><img loading=\"lazy\" decoding=\"async\" class=\"alignnone wp-image-320642 size-full\" src=\"https:\/\/steelwrist.com\/wp-content\/uploads\/Steelwrist-introducerer-hurtigskifte-til-laessemaskiner.png\" alt=\"Steelwrist SQL hurtigskifte til l\u00e6ssemaskiner\" width=\"600\" height=\"401\" srcset=\"https:\/\/steelwrist.com\/wp-content\/uploads\/Steelwrist-introducerer-hurtigskifte-til-laessemaskiner.png 600w, https:\/\/steelwrist.com\/wp-content\/uploads\/Steelwrist-introducerer-hurtigskifte-til-laessemaskiner-300x201.png 300w, https:\/\/steelwrist.com\/wp-content\/uploads\/Steelwrist-introducerer-hurtigskifte-til-laessemaskiner-150x100.png 150w, https:\/\/steelwrist.com\/wp-content\/uploads\/Steelwrist-introducerer-hurtigskifte-til-laessemaskiner-24x16.png 24w, https:\/\/steelwrist.com\/wp-content\/uploads\/Steelwrist-introducerer-hurtigskifte-til-laessemaskiner-36x24.png 36w, https:\/\/steelwrist.com\/wp-content\/uploads\/Steelwrist-introducerer-hurtigskifte-til-laessemaskiner-48x32.png 48w, https:\/\/steelwrist.com\/wp-content\/uploads\/Steelwrist-introducerer-hurtigskifte-til-laessemaskiner-110x74.png 110w, https:\/\/steelwrist.com\/wp-content\/uploads\/Steelwrist-introducerer-hurtigskifte-til-laessemaskiner-75x50.png 75w\" sizes=\"auto, (max-width: 600px) 100vw, 600px\" \/><\/a><\/p>\n<p>&nbsp;<\/p>\n<p><strong>Steelwrist: Flere nye og innovative produktnyheder forude<\/strong><br \/>\nMaskinteknik, 8. jan. 2026<\/p>\n<p><a href=\"https:\/\/www.maskinteknik.dk\/artikel\/129544-steelwrist-flere-nye-og-innovative-produktnyheder-forude\"><img loading=\"lazy\" decoding=\"async\" class=\"alignnone size-full wp-image-311003\" src=\"https:\/\/steelwrist.com\/wp-content\/uploads\/Kent-Andersen-Steelwrist.png\" alt=\"Kent Andersen Steelwrist\" width=\"600\" height=\"393\" srcset=\"https:\/\/steelwrist.com\/wp-content\/uploads\/Kent-Andersen-Steelwrist.png 600w, https:\/\/steelwrist.com\/wp-content\/uploads\/Kent-Andersen-Steelwrist-300x197.png 300w, https:\/\/steelwrist.com\/wp-content\/uploads\/Kent-Andersen-Steelwrist-150x98.png 150w, https:\/\/steelwrist.com\/wp-content\/uploads\/Kent-Andersen-Steelwrist-24x16.png 24w, https:\/\/steelwrist.com\/wp-content\/uploads\/Kent-Andersen-Steelwrist-36x24.png 36w, https:\/\/steelwrist.com\/wp-content\/uploads\/Kent-Andersen-Steelwrist-48x31.png 48w, https:\/\/steelwrist.com\/wp-content\/uploads\/Kent-Andersen-Steelwrist-110x72.png 110w, https:\/\/steelwrist.com\/wp-content\/uploads\/Kent-Andersen-Steelwrist-75x49.png 75w\" sizes=\"auto, (max-width: 600px) 100vw, 600px\" \/><\/a><\/p>\n<p>&nbsp;<\/p>\n<p><strong>Maskinerne blev et afbr\u00e6k<\/strong><br \/>\nMaskinteknik, 1. dec. 2025<\/p>\n<p><a href=\"https:\/\/www.maskinteknik.dk\/artikel\/129304-maskinerne-blev-et-afbrak\" target=\"_blank\" rel=\"noopener\"><img loading=\"lazy\" decoding=\"async\" class=\"alignnone wp-image-307825 size-full\" src=\"https:\/\/steelwrist.com\/wp-content\/uploads\/Takeuchi-TB370W-Steelwrist-tiltrotator.png\" alt=\"\" width=\"600\" height=\"393\" srcset=\"https:\/\/steelwrist.com\/wp-content\/uploads\/Takeuchi-TB370W-Steelwrist-tiltrotator.png 600w, https:\/\/steelwrist.com\/wp-content\/uploads\/Takeuchi-TB370W-Steelwrist-tiltrotator-300x197.png 300w, https:\/\/steelwrist.com\/wp-content\/uploads\/Takeuchi-TB370W-Steelwrist-tiltrotator-150x98.png 150w, https:\/\/steelwrist.com\/wp-content\/uploads\/Takeuchi-TB370W-Steelwrist-tiltrotator-24x16.png 24w, https:\/\/steelwrist.com\/wp-content\/uploads\/Takeuchi-TB370W-Steelwrist-tiltrotator-36x24.png 36w, https:\/\/steelwrist.com\/wp-content\/uploads\/Takeuchi-TB370W-Steelwrist-tiltrotator-48x31.png 48w, https:\/\/steelwrist.com\/wp-content\/uploads\/Takeuchi-TB370W-Steelwrist-tiltrotator-110x72.png 110w, https:\/\/steelwrist.com\/wp-content\/uploads\/Takeuchi-TB370W-Steelwrist-tiltrotator-75x49.png 75w\" sizes=\"auto, (max-width: 600px) 100vw, 600px\" \/><\/a><\/p>\n<p>&nbsp;<\/p>\n<p><strong>Ny styringsplatform skal g\u00f8re arbejdet lettere for alle omkring gravemaskinen<\/strong><br \/>\nMaskinteknik, 16. okt. 2025<\/p>\n<p><a href=\"https:\/\/www.maskinteknik.dk\/artikel\/128980-ny-styringsplatform-skal-gore-arbejdet-lettere-for-alle-omkring-gravemaskinen\" target=\"_blank\" rel=\"noopener\"><img loading=\"lazy\" decoding=\"async\" class=\"alignnone wp-image-302255 size-full\" src=\"https:\/\/steelwrist.com\/wp-content\/uploads\/styringsplatform-til-Steelwrist-tiltrotatorer.png\" alt=\"\" width=\"600\" height=\"396\" srcset=\"https:\/\/steelwrist.com\/wp-content\/uploads\/styringsplatform-til-Steelwrist-tiltrotatorer.png 600w, https:\/\/steelwrist.com\/wp-content\/uploads\/styringsplatform-til-Steelwrist-tiltrotatorer-300x198.png 300w, https:\/\/steelwrist.com\/wp-content\/uploads\/styringsplatform-til-Steelwrist-tiltrotatorer-150x99.png 150w, https:\/\/steelwrist.com\/wp-content\/uploads\/styringsplatform-til-Steelwrist-tiltrotatorer-24x16.png 24w, https:\/\/steelwrist.com\/wp-content\/uploads\/styringsplatform-til-Steelwrist-tiltrotatorer-36x24.png 36w, https:\/\/steelwrist.com\/wp-content\/uploads\/styringsplatform-til-Steelwrist-tiltrotatorer-48x32.png 48w, https:\/\/steelwrist.com\/wp-content\/uploads\/styringsplatform-til-Steelwrist-tiltrotatorer-110x73.png 110w, https:\/\/steelwrist.com\/wp-content\/uploads\/styringsplatform-til-Steelwrist-tiltrotatorer-75x50.png 75w\" sizes=\"auto, (max-width: 600px) 100vw, 600px\" \/><\/a><\/p>\n<p>&nbsp;<\/p>\n<p><strong>17 tons Hidromek HMK 145 &#8211; udstyret med den f\u00f8rste tiltrotator fra Steelwrists tredje generation<\/strong><br \/>\nMaskinteknik, 25. aug. 2025<\/p>\n<p><a href=\"https:\/\/www.maskinteknik.dk\/artikel\/128563-fra-25-til-17-tons-entreprenor-gaar-en-klasse-ned-og-skifter-til-ny-kompakt-hidromek\"><img loading=\"lazy\" decoding=\"async\" class=\"alignnone size-full wp-image-293656\" src=\"https:\/\/steelwrist.com\/wp-content\/uploads\/Hidromek-XTR20-Danmark.png\" alt=\"\" width=\"600\" height=\"413\" srcset=\"https:\/\/steelwrist.com\/wp-content\/uploads\/Hidromek-XTR20-Danmark.png 600w, https:\/\/steelwrist.com\/wp-content\/uploads\/Hidromek-XTR20-Danmark-300x207.png 300w, https:\/\/steelwrist.com\/wp-content\/uploads\/Hidromek-XTR20-Danmark-150x103.png 150w, https:\/\/steelwrist.com\/wp-content\/uploads\/Hidromek-XTR20-Danmark-24x17.png 24w, https:\/\/steelwrist.com\/wp-content\/uploads\/Hidromek-XTR20-Danmark-36x25.png 36w, https:\/\/steelwrist.com\/wp-content\/uploads\/Hidromek-XTR20-Danmark-48x33.png 48w, https:\/\/steelwrist.com\/wp-content\/uploads\/Hidromek-XTR20-Danmark-110x76.png 110w, https:\/\/steelwrist.com\/wp-content\/uploads\/Hidromek-XTR20-Danmark-75x52.png 75w\" sizes=\"auto, (max-width: 600px) 100vw, 600px\" \/><\/a><\/p>\n<p>&nbsp;<\/p>\n<p><strong>Nye tiltrotatorer fra Steelwrist<\/strong><br \/>\nMaskinteknik, 8. april 2025<\/p>\n<p><em>&#8220;Vi har denne gang en markant st\u00f8rre stand end tidligere, og det er gode rammer for vores 20 \u00e5rs jubil\u00e6um&#8221;, fort\u00e6ller den danske Country Manager, Kent Andersen, til Maskinteknik, da vi tr\u00e6ffer ham p\u00e5 standen.<\/em><\/p>\n<p><a href=\"https:\/\/www.maskinteknik.dk\/artikel\/127573-nye-tiltrotatorer-fra-steelwrist\" target=\"_blank\" rel=\"noopener\"><img loading=\"lazy\" decoding=\"async\" class=\"alignnone wp-image-291949 size-full\" src=\"https:\/\/steelwrist.com\/wp-content\/uploads\/tiltrotator-og-hurtigkobling-Bauma.png\" alt=\"\" width=\"600\" height=\"388\" srcset=\"https:\/\/steelwrist.com\/wp-content\/uploads\/tiltrotator-og-hurtigkobling-Bauma.png 600w, https:\/\/steelwrist.com\/wp-content\/uploads\/tiltrotator-og-hurtigkobling-Bauma-300x194.png 300w, https:\/\/steelwrist.com\/wp-content\/uploads\/tiltrotator-og-hurtigkobling-Bauma-150x97.png 150w, https:\/\/steelwrist.com\/wp-content\/uploads\/tiltrotator-og-hurtigkobling-Bauma-24x16.png 24w, https:\/\/steelwrist.com\/wp-content\/uploads\/tiltrotator-og-hurtigkobling-Bauma-36x23.png 36w, https:\/\/steelwrist.com\/wp-content\/uploads\/tiltrotator-og-hurtigkobling-Bauma-48x31.png 48w, https:\/\/steelwrist.com\/wp-content\/uploads\/tiltrotator-og-hurtigkobling-Bauma-110x71.png 110w, https:\/\/steelwrist.com\/wp-content\/uploads\/tiltrotator-og-hurtigkobling-Bauma-75x49.png 75w\" sizes=\"auto, (max-width: 600px) 100vw, 600px\" \/><\/a><\/p>\n<p>&nbsp;<\/p>\n<p><strong>Steelwrist klar med stor produktlancering<\/strong><br \/>\nMaskinteknik, 21. marts 2025<\/p>\n<p><em>Den svenske producent fejrer 20 \u00e5rs jubil\u00e6um i \u00e5r med en stor interaktiv stand p\u00e5 Bauma, hvor Steelwrist udstiller for femte gang.<\/em><\/p>\n<p><a href=\"https:\/\/udgivelser.fbg.dk\/p\/maskinteknik-groenteknik\/2025-03-19\/r\/13\/24-25\/5847\/1870517\" target=\"_blank\" rel=\"noopener\"><img loading=\"lazy\" decoding=\"async\" class=\"alignnone wp-image-286586 size-full\" src=\"https:\/\/steelwrist.com\/wp-content\/uploads\/Steelwrist-Bauma-Maskinteknik.png\" alt=\"Steelwrist produktlancering Bauma\" width=\"600\" height=\"414\" srcset=\"https:\/\/steelwrist.com\/wp-content\/uploads\/Steelwrist-Bauma-Maskinteknik.png 600w, https:\/\/steelwrist.com\/wp-content\/uploads\/Steelwrist-Bauma-Maskinteknik-300x207.png 300w, https:\/\/steelwrist.com\/wp-content\/uploads\/Steelwrist-Bauma-Maskinteknik-150x104.png 150w, https:\/\/steelwrist.com\/wp-content\/uploads\/Steelwrist-Bauma-Maskinteknik-24x17.png 24w, https:\/\/steelwrist.com\/wp-content\/uploads\/Steelwrist-Bauma-Maskinteknik-36x25.png 36w, https:\/\/steelwrist.com\/wp-content\/uploads\/Steelwrist-Bauma-Maskinteknik-48x33.png 48w, https:\/\/steelwrist.com\/wp-content\/uploads\/Steelwrist-Bauma-Maskinteknik-110x76.png 110w, https:\/\/steelwrist.com\/wp-content\/uploads\/Steelwrist-Bauma-Maskinteknik-75x52.png 75w\" sizes=\"auto, (max-width: 600px) 100vw, 600px\" \/><\/a><\/p>\n<p>&nbsp;<\/p>\n<p class=\"p1\"><strong>Steelwrist fejrer 20 \u00e5r med innovation inden for gravemaskineteknologi<\/strong><br \/>\nBygge- &amp; Anl\u00e6gsavisen, January 15, 2025<\/p>\n<p class=\"p1\"><em>Steelwrist blev etableret i Sverige i 2005 og startede beskedent i en garage nord for Stockholm. Siden da har virksomheden udviklet sig til at blive en frontl\u00f8ber inden for tiltrotatorer, hurtigskiftere og arbejdsredskaber.<\/em><\/p>\n<p><a href=\"https:\/\/bygge-anlaegsavisen.dk\/Steelwrist-fejrer-20-aar-med-innovation-inden-for-gravemaskineteknologi\"><img loading=\"lazy\" decoding=\"async\" class=\"alignnone size-medium wp-image-286143\" src=\"https:\/\/steelwrist.com\/wp-content\/uploads\/Markus-Nilsson-and-Stefan-Stockhaus-present-time-1-300x200.jpg\" alt=\"\" width=\"300\" height=\"200\" \/><\/a><\/p>\n<p>&nbsp;<\/p>\n<p><strong>Steelwrist lancerer tredje generation tiltrotatorer<\/strong><br \/>\nMaskinteknik, 18 jan. 2024<\/p>\n<p><a href=\"https:\/\/www.maskinteknik.dk\/artikel\/123989-steelwrist-lancerer-tredje-generation-tiltrotatorer\" target=\"_blank\" rel=\"noopener\"><img loading=\"lazy\" decoding=\"async\" class=\"alignnone wp-image-254977 size-standard-size\" src=\"https:\/\/steelwrist.com\/wp-content\/uploads\/Steelwrist-tredje-generation-tiltrotatorer-660x428.png\" alt=\"Steelwrist Tredje Generation Tiltrotatorer\" width=\"660\" height=\"428\" srcset=\"https:\/\/steelwrist.com\/wp-content\/uploads\/Steelwrist-tredje-generation-tiltrotatorer-660x428.png 660w, https:\/\/steelwrist.com\/wp-content\/uploads\/Steelwrist-tredje-generation-tiltrotatorer-300x195.png 300w, https:\/\/steelwrist.com\/wp-content\/uploads\/Steelwrist-tredje-generation-tiltrotatorer-768x498.png 768w, https:\/\/steelwrist.com\/wp-content\/uploads\/Steelwrist-tredje-generation-tiltrotatorer-150x97.png 150w, https:\/\/steelwrist.com\/wp-content\/uploads\/Steelwrist-tredje-generation-tiltrotatorer-24x16.png 24w, https:\/\/steelwrist.com\/wp-content\/uploads\/Steelwrist-tredje-generation-tiltrotatorer-36x23.png 36w, https:\/\/steelwrist.com\/wp-content\/uploads\/Steelwrist-tredje-generation-tiltrotatorer-48x31.png 48w, https:\/\/steelwrist.com\/wp-content\/uploads\/Steelwrist-tredje-generation-tiltrotatorer-110x71.png 110w, https:\/\/steelwrist.com\/wp-content\/uploads\/Steelwrist-tredje-generation-tiltrotatorer-75x49.png 75w, https:\/\/steelwrist.com\/wp-content\/uploads\/Steelwrist-tredje-generation-tiltrotatorer.png 960w\" sizes=\"auto, (max-width: 660px) 100vw, 660px\" \/><\/a><\/p>\n<p>&nbsp;<\/p>\n<p><strong>Udstyret kan flyttes med, n\u00e5r entrepren\u00f8rmaskinerne bliver gr\u00f8nne<\/strong><br \/>\nBygge- &amp; Anl\u00e6gsavisen, 2023-11-01<\/p>\n<p><a href=\"https:\/\/bygge-anlaegsavisen.dk\/Udstyret-kan-flyttes-med--naar-entreprenoermaskinerne-bliver-groenne\" target=\"_blank\" rel=\"noopener\"><img loading=\"lazy\" decoding=\"async\" class=\"alignnone wp-image-250946 size-standard-size\" src=\"https:\/\/steelwrist.com\/wp-content\/uploads\/Eldrevne-entreprenormaskiner-637x440.png\" alt=\"Steelwrist eldrevne entrepren\u00f8rmaskiner\" width=\"637\" height=\"440\" srcset=\"https:\/\/steelwrist.com\/wp-content\/uploads\/Eldrevne-entreprenormaskiner-637x440.png 637w, https:\/\/steelwrist.com\/wp-content\/uploads\/Eldrevne-entreprenormaskiner-300x207.png 300w, https:\/\/steelwrist.com\/wp-content\/uploads\/Eldrevne-entreprenormaskiner-768x531.png 768w, https:\/\/steelwrist.com\/wp-content\/uploads\/Eldrevne-entreprenormaskiner-150x104.png 150w, https:\/\/steelwrist.com\/wp-content\/uploads\/Eldrevne-entreprenormaskiner-24x17.png 24w, https:\/\/steelwrist.com\/wp-content\/uploads\/Eldrevne-entreprenormaskiner-36x25.png 36w, https:\/\/steelwrist.com\/wp-content\/uploads\/Eldrevne-entreprenormaskiner-48x33.png 48w, https:\/\/steelwrist.com\/wp-content\/uploads\/Eldrevne-entreprenormaskiner-110x76.png 110w, https:\/\/steelwrist.com\/wp-content\/uploads\/Eldrevne-entreprenormaskiner-75x52.png 75w, https:\/\/steelwrist.com\/wp-content\/uploads\/Eldrevne-entreprenormaskiner.png 1000w\" sizes=\"auto, (max-width: 637px) 100vw, 637px\" \/><\/a><\/p>\n<p>&nbsp;<\/p>\n","protected":false},"excerpt":{"rendered":"<p>Steelwrist introducerer hurtigskifte til l\u00e6ssemaskiner Gr\u00f8nteknik, 10. mar. 2026 &nbsp; Steelwrist: Flere nye og innovative produktnyheder forude Maskinteknik, 8. jan. 2026 &nbsp; Maskinerne blev et afbr\u00e6k Maskinteknik, 1. dec. 2025 &nbsp; Ny styringsplatform skal g\u00f8re arbejdet lettere for alle omkring&#8230;<\/p>\n","protected":false},"author":12,"featured_media":0,"parent":20193,"menu_order":0,"comment_status":"closed","ping_status":"closed","template":"","meta":{"footnotes":""},"class_list":["post-20200","page","type-page","status-publish","hentry"],"acf":[],"_links":{"self":[{"href":"https:\/\/steelwrist.com\/da\/wp-json\/wp\/v2\/pages\/20200","targetHints":{"allow":["GET"]}}],"collection":[{"href":"https:\/\/steelwrist.com\/da\/wp-json\/wp\/v2\/pages"}],"about":[{"href":"https:\/\/steelwrist.com\/da\/wp-json\/wp\/v2\/types\/page"}],"author":[{"embeddable":true,"href":"https:\/\/steelwrist.com\/da\/wp-json\/wp\/v2\/users\/12"}],"replies":[{"embeddable":true,"href":"https:\/\/steelwrist.com\/da\/wp-json\/wp\/v2\/comments?post=20200"}],"version-history":[{"count":7,"href":"https:\/\/steelwrist.com\/da\/wp-json\/wp\/v2\/pages\/20200\/revisions"}],"predecessor-version":[{"id":320661,"href":"https:\/\/steelwrist.com\/da\/wp-json\/wp\/v2\/pages\/20200\/revisions\/320661"}],"up":[{"embeddable":true,"href":"https:\/\/steelwrist.com\/da\/wp-json\/wp\/v2\/pages\/20193"}],"wp:attachment":[{"href":"https:\/\/steelwrist.com\/da\/wp-json\/wp\/v2\/media?parent=20200"}],"curies":[{"name":"wp","href":"https:\/\/api.w.org\/{rel}","templated":true}]}}