{"id":20196,"date":"2016-05-19T15:38:59","date_gmt":"2016-05-19T13:38:59","guid":{"rendered":"https:\/\/steelwrist.com\/about-steelwrist\/core-values\/"},"modified":"2026-02-24T10:45:03","modified_gmt":"2026-02-24T09:45:03","slug":"steelwrist-kaernevaerdier","status":"publish","type":"page","link":"https:\/\/steelwrist.com\/da\/om-steelwrist\/steelwrist-kaernevaerdier\/","title":{"rendered":"Vores kernev\u00e6rdier"},"content":{"rendered":"<h2>Steelwrist k\u00e6rnev\u00e6rdier<\/h2>\n<p>Tre kernev\u00e6rdier sammen med vores kvalitets- og milj\u00f8politikker viser vejen for, hvordan vi vil arbejde med kunder, forhandlere, leverand\u00f8rer og medarbejdere.<\/p>\n<h4>Lydh\u00f8re<\/h4>\n<p>Vi er lydh\u00f8re og arbejder aktivt med at lytte til, hvad vores kunder \u00f8nsker. Vi sp\u00f8rger, indtil vi har forst\u00e5et, og vi fors\u00f8ger at v\u00e6re klare i vores kommunikation. I vores daglige arbejde betyder det, at vi aktivt fors\u00f8ger at f\u00e5 feedback og forslag til forbedringer fra vores kunder, leverand\u00f8rer og medarbejdere.<\/p>\n<h3>Enkle<\/h3>\n<p>Hvis noget kan g\u00f8res lettere, er det vores m\u00e5l at g\u00f8re det. Vi str\u00e6ber efter at g\u00f8re vores produkter og arbejdsprocesser s\u00e5 enkle som muligt.<\/p>\n<h3>Hurtige<\/h3>\n<p>Vi str\u00e6ber efter at forkorte svartiden i alle kundekontakter som mail, teknisk support og service. Som en organisation str\u00e6ber vi efter at have en konkurrencem\u00e6ssig fordel ved hurtig l\u00e6ring. I vores daglige arbejde betyder det, at vi fors\u00f8ger at v\u00e6re tilg\u00e6ngelige, n\u00e5r kunden har brug for os, og at vores lager af reservedele skal kunne sende n\u00f8glekomponenter med meget kort varsel.<\/p>\n","protected":false},"excerpt":{"rendered":"<p>Steelwrist k\u00e6rnev\u00e6rdier Tre kernev\u00e6rdier sammen med vores kvalitets- og milj\u00f8politikker viser vejen for, hvordan vi vil arbejde med kunder, forhandlere, leverand\u00f8rer og medarbejdere. Lydh\u00f8re Vi er lydh\u00f8re og arbejder aktivt med at lytte til, hvad vores kunder \u00f8nsker. Vi sp\u00f8rger,&#8230;<\/p>\n","protected":false},"author":12,"featured_media":0,"parent":20193,"menu_order":0,"comment_status":"closed","ping_status":"closed","template":"template-onlysections.php","meta":{"footnotes":""},"class_list":["post-20196","page","type-page","status-publish","hentry"],"acf":[],"_links":{"self":[{"href":"https:\/\/steelwrist.com\/da\/wp-json\/wp\/v2\/pages\/20196","targetHints":{"allow":["GET"]}}],"collection":[{"href":"https:\/\/steelwrist.com\/da\/wp-json\/wp\/v2\/pages"}],"about":[{"href":"https:\/\/steelwrist.com\/da\/wp-json\/wp\/v2\/types\/page"}],"author":[{"embeddable":true,"href":"https:\/\/steelwrist.com\/da\/wp-json\/wp\/v2\/users\/12"}],"replies":[{"embeddable":true,"href":"https:\/\/steelwrist.com\/da\/wp-json\/wp\/v2\/comments?post=20196"}],"version-history":[{"count":4,"href":"https:\/\/steelwrist.com\/da\/wp-json\/wp\/v2\/pages\/20196\/revisions"}],"predecessor-version":[{"id":317821,"href":"https:\/\/steelwrist.com\/da\/wp-json\/wp\/v2\/pages\/20196\/revisions\/317821"}],"up":[{"embeddable":true,"href":"https:\/\/steelwrist.com\/da\/wp-json\/wp\/v2\/pages\/20193"}],"wp:attachment":[{"href":"https:\/\/steelwrist.com\/da\/wp-json\/wp\/v2\/media?parent=20196"}],"curies":[{"name":"wp","href":"https:\/\/api.w.org\/{rel}","templated":true}]}}