{"id":20193,"date":"2016-01-18T17:11:52","date_gmt":"2016-01-18T16:11:52","guid":{"rendered":"https:\/\/steelwrist.com\/about-steelwrist\/"},"modified":"2026-02-24T15:12:42","modified_gmt":"2026-02-24T14:12:42","slug":"om-steelwrist","status":"publish","type":"page","link":"https:\/\/steelwrist.com\/da\/om-steelwrist\/","title":{"rendered":"Om Steelwrist"},"content":{"rendered":"<p>Steelwrist er en global producent af tiltrotatorer, hurtigskiftere og arbejdsredskaber til gravemaskiner med hovedkvarter i Sverige. Et m\u00e5lrettet fokus p\u00e5 robuste og moderne produkter kombineret med hurtig service er blevet v\u00e6rdsat af et stigende antal kunder.<\/p>\n<h2>Steelwrist forretningsid\u00e9<\/h2>\n<p>Steelwrist ABs forretningsid\u00e9 er at udvikle, producere og s\u00e6lge tiltrotatorer, hurtigskiftere, tilbeh\u00f8r og redskaber til gravemaskiner og rendegravere. Steelwrist ABs m\u00e5l er at v\u00e6re &#8220;bedst i verden til at udvikle, fremstille og s\u00e6lge udstyr, der \u00f8ger effektiviteten af \u200b\u200bgravemaskiner&#8221;. Steelwrist AB er en svensk virksomhed med hovedkvarter og produktion i Rosersberg, nord for Stockholm.<\/p>\n<h2>Steelwrists kernev\u00e6rdier<\/h2>\n<p>Tre kernev\u00e6rdier viser sammen med vores kvalitets- og milj\u00f8politikker vejen for, hvordan vi \u00f8nsker at arbejde med kunder, forhandlere, leverand\u00f8rer og medarbejdere.<\/p>\n<h5>Lydh\u00f8rhed<\/h5>\n<p>Vi er lydh\u00f8re og arbejder aktivt med at lytte til, hvad vores kunder \u00f8nsker. Vi sp\u00f8rger, indtil vi har forst\u00e5et, og vi fors\u00f8ger at v\u00e6re tydelige i vores kommunikation. I vores daglige arbejde betyder det, at vi aktivt fors\u00f8ger at f\u00e5 feedback og forslag til forbedringer fra vores kunder, leverand\u00f8rer og medarbejdere.<\/p>\n<h5>Enkelhed<\/h5>\n<p>Hvis noget kan g\u00f8res lettere, er det vores m\u00e5l at g\u00f8re det. Vi str\u00e6ber efter at g\u00f8re vores produkter og arbejdsprocesser s\u00e5 enkle som muligt.<\/p>\n<h5>Hastighed<\/h5>\n<p>Vi bestr\u00e6ber os p\u00e5 at forkorte svartiderne i al kundekontakt, s\u00e5som postforsendelser, teknisk support og service. Som organisation str\u00e6ber vi efter at opn\u00e5 en konkurrencefordel gennem hurtig l\u00e6ring. I vores daglige arbejde betyder det, at vi fors\u00f8ger at v\u00e6re tilg\u00e6ngelige, n\u00e5r kunden har brug for os, og at vores lager af reservedele er i stand til at sende n\u00f8glekomponenter med meget kort varsel.<\/p>\n","protected":false},"excerpt":{"rendered":"<p>Steelwrist er en global producent af tiltrotatorer, hurtigskiftere og arbejdsredskaber til gravemaskiner med hovedkvarter i Sverige. Et m\u00e5lrettet fokus p\u00e5 robuste og moderne produkter kombineret med hurtig service er blevet v\u00e6rdsat af et stigende antal kunder. Steelwrist forretningsid\u00e9 Steelwrist ABs&#8230;<\/p>\n","protected":false},"author":1,"featured_media":0,"parent":0,"menu_order":58,"comment_status":"closed","ping_status":"closed","template":"","meta":{"footnotes":""},"class_list":["post-20193","page","type-page","status-publish","hentry"],"acf":[],"_links":{"self":[{"href":"https:\/\/steelwrist.com\/da\/wp-json\/wp\/v2\/pages\/20193","targetHints":{"allow":["GET"]}}],"collection":[{"href":"https:\/\/steelwrist.com\/da\/wp-json\/wp\/v2\/pages"}],"about":[{"href":"https:\/\/steelwrist.com\/da\/wp-json\/wp\/v2\/types\/page"}],"author":[{"embeddable":true,"href":"https:\/\/steelwrist.com\/da\/wp-json\/wp\/v2\/users\/1"}],"replies":[{"embeddable":true,"href":"https:\/\/steelwrist.com\/da\/wp-json\/wp\/v2\/comments?post=20193"}],"version-history":[{"count":6,"href":"https:\/\/steelwrist.com\/da\/wp-json\/wp\/v2\/pages\/20193\/revisions"}],"predecessor-version":[{"id":317838,"href":"https:\/\/steelwrist.com\/da\/wp-json\/wp\/v2\/pages\/20193\/revisions\/317838"}],"wp:attachment":[{"href":"https:\/\/steelwrist.com\/da\/wp-json\/wp\/v2\/media?parent=20193"}],"curies":[{"name":"wp","href":"https:\/\/api.w.org\/{rel}","templated":true}]}}