{"id":20191,"date":"2016-04-06T16:17:39","date_gmt":"2016-04-06T14:17:39","guid":{"rendered":"https:\/\/steelwrist.com\/faq\/rules-regulations-and-standards\/"},"modified":"2018-09-20T12:13:25","modified_gmt":"2018-09-20T10:13:25","slug":"regler-forskrifter-og-standarder","status":"publish","type":"page","link":"https:\/\/steelwrist.com\/da\/faq\/regler-forskrifter-og-standarder\/","title":{"rendered":"Regler, forskrifter og standarder"},"content":{"rendered":"<p class=\"ingress\">Vi kan ikke fort\u00e6lle hvad du skal g\u00f8re, men vi kan hj\u00e6lpe dig med at forst\u00e5, hvad du skal g\u00f8re. Vi modtager ganske ofte sp\u00f8rgsm\u00e5l om hvilke regler der g\u00e6lder, og hvad der kan ske, hvis de ikke f\u00f8lges. Her pr\u00f8ver vi at give svar p\u00e5 nogle almindelige sp\u00f8rgsm\u00e5l. Bem\u00e6rk, at dette ikke er alle regler, der g\u00e6lder, men vi fokuserer p\u00e5 nogle f\u00e5, der kan v\u00e6re gode at vide.<\/p>\n<h2>Hvad er maskindirektivet?<\/h2>\n<p>Det nye maskindirektiv (2006\/42 \/ EF) tr\u00e5dte i kraft den 29. december 2009 og regulerer betingelserne for, at maskinerne skal v\u00e6re CE-m\u00e6rket.<\/p>\n<p><strong>CE-m\u00e6rket viser, at:<br \/>\n<\/strong>Fabrikanten garanterer, at maskinen overholder direktivet<br \/>\nFabrikanten tager ansvar for maskinens sikkerhed<br \/>\nMaskinen skal v\u00e6re s\u00e5 sikker som muligt. K\u00f8beren skal have overensstemmelseserkl\u00e6ringen. Fabrikanten skal have den tekniske dokumentation. Maskinen kan frit s\u00e6lges inden for EU<\/p>\n<h3>Hvorn\u00e5r vil den nye standard for hurtigskifter blive frigivet?<\/h3>\n<p>Sikkerhedsaspekterne ved joystick styring er reguleret i ISO5010 og elektronikken i ISO15998. Kort sagt skal f\u00f8lgende kriterier v\u00e6re opfyldt for at kunne installere joystick styring p\u00e5 en gravemaskine.<\/p>\n<ul>\n<li>De normale styring skal altid v\u00e6re aktivt og har h\u00f8jeste prioritet.<\/li>\n<li>Joystick-styringen skal kunne deaktiveres.<\/li>\n<li>Visuel indikation er n\u00f8dvendig, n\u00e5r joystick styring er aktiv.<\/li>\n<li>Hastighedsgr\u00e6nsen m\u00e5 ikke overstige 20 km\/t Det skal v\u00e6re umuligt at k\u00f8re hurtigere, end den definerede hastighed, med joystickstyringen aktiveret.<\/li>\n<li>F\u00f8rerene skal genaktivere joystick styringen, hver gang de kommer ind i maskinen.<\/li>\n<li>Hvis joystick styringen indikerer problemer, skal det g\u00e5 til &#8220;safemode&#8221;, f.eks. Sluk.<\/li>\n<li>Hvert k\u00f8ret\u00f8j skal foretage en styringstest for at kontrollere maksimal hastighed med joystick styring aktiv.<\/li>\n<\/ul>\n<h3>Hvad er Symmetrisk standard for hurtigskifter?<\/h3>\n<p>Den symmetriske standard er en maskinafh\u00e6ngig standard, der forvaltes af den svenske forening for leverand\u00f8rer af mobile maskiner.<\/p>\n<p>Form\u00e5let med standardisering er at:<\/p>\n<ul>\n<li>Lave en standard, der er sikker og brugervenlig, samt harmonisere med internationale standarder som EN474 og den kommende ISO13031<\/li>\n<li>Lave en konkurrencedygtig og \u00e5ben industristandard, der ikke kontrolleres af en enkelt producent, men i stedet for en anerkendt og upartisk faglig organisation<\/li>\n<li>Lave en ensartet betegnelse for hurtige fastg\u00f8relsesdele af forskellige st\u00f8rrelser inden for standarden<\/li>\n<li>Lave en ensartet standardproduktion med dimensioner og tolerancer og tilpasset til effektiv fremstilling<\/li>\n<li>Lave et design, der g\u00f8r det billigt og nemt at bygge p\u00e5 nye og brugte skovle og redskaber<\/li>\n<li>Lave et design, der er egnet til montering p\u00e5 forskellige typer gearystemer med det s\u00e5kaldte sandwich v\u00e6rkt\u00f8j, type Rototilt \/ Tiltrotator og lignende med hurtige forbindelser b\u00e5de over og under<\/li>\n<li>Lave en standard og s\u00e5 vidt muligt holde gravemaskinens normale gravefunktioner<\/li>\n<li>Har et beslag bredde, der harmonerer med og passer til de fleste gravemaskiners stikbredder, i de forskellige m\u00e5l st\u00f8rrelses omr\u00e5der<\/li>\n<li>At v\u00e6re uden sl\u00e5r og uden behov for individuel opshimsning<\/li>\n<li>Har et design, der muligg\u00f8r fremtidig installation af fuldt automatiserede systemer til tilslutning af hydraulikslanger og elektriske kabler<\/li>\n<li>Standarden skal underst\u00f8ttes af et flertal af svenske og nordiske leverand\u00f8rer af maskiner og udstyrsfabrikanter<\/li>\n<\/ul>\n<h3>Er der en f\u00e6lles aftale i branchen om, hvordan Tiltrotators skal betjenes?<\/h3>\n<p>ISO-standarden 10968 F\u00f8rerkontrol er nu under revision og forventes udgivet i slutningen af 2017. Ikke desto mindre har den svenske fagforening for leverand\u00f8rer af mobilmaskiner indg\u00e5et en aftale som f\u00f8lger.<\/p>\n","protected":false},"excerpt":{"rendered":"<p>Vi kan ikke fort\u00e6lle hvad du skal g\u00f8re, men vi kan hj\u00e6lpe dig med at forst\u00e5, hvad du skal g\u00f8re. Vi modtager ganske ofte sp\u00f8rgsm\u00e5l om hvilke regler der g\u00e6lder, og hvad der kan ske, hvis de ikke f\u00f8lges. Her&#8230;<\/p>\n","protected":false},"author":12,"featured_media":0,"parent":20189,"menu_order":0,"comment_status":"closed","ping_status":"closed","template":"","meta":{"footnotes":""},"class_list":["post-20191","page","type-page","status-publish","hentry"],"acf":[],"_links":{"self":[{"href":"https:\/\/steelwrist.com\/da\/wp-json\/wp\/v2\/pages\/20191","targetHints":{"allow":["GET"]}}],"collection":[{"href":"https:\/\/steelwrist.com\/da\/wp-json\/wp\/v2\/pages"}],"about":[{"href":"https:\/\/steelwrist.com\/da\/wp-json\/wp\/v2\/types\/page"}],"author":[{"embeddable":true,"href":"https:\/\/steelwrist.com\/da\/wp-json\/wp\/v2\/users\/12"}],"replies":[{"embeddable":true,"href":"https:\/\/steelwrist.com\/da\/wp-json\/wp\/v2\/comments?post=20191"}],"version-history":[{"count":4,"href":"https:\/\/steelwrist.com\/da\/wp-json\/wp\/v2\/pages\/20191\/revisions"}],"predecessor-version":[{"id":42746,"href":"https:\/\/steelwrist.com\/da\/wp-json\/wp\/v2\/pages\/20191\/revisions\/42746"}],"up":[{"embeddable":true,"href":"https:\/\/steelwrist.com\/da\/wp-json\/wp\/v2\/pages\/20189"}],"wp:attachment":[{"href":"https:\/\/steelwrist.com\/da\/wp-json\/wp\/v2\/media?parent=20191"}],"curies":[{"name":"wp","href":"https:\/\/api.w.org\/{rel}","templated":true}]}}