{"id":20169,"date":"2016-03-15T15:21:27","date_gmt":"2016-03-15T14:21:27","guid":{"rendered":"https:\/\/steelwrist.com\/your-excavator\/kobelco\/"},"modified":"2026-01-13T09:00:20","modified_gmt":"2026-01-13T08:00:20","slug":"kobelco","status":"publish","type":"page","link":"https:\/\/steelwrist.com\/da\/din-gravemaskine\/kobelco\/","title":{"rendered":"Kobelco"},"content":{"rendered":"<p>Uanset om dit behov er en sikker og robust lynkobling, en mere avanceret tilt- eller rotorkobling eller den mest effektive tiltrotator, s\u00e5 har vi l\u00f8sningen til dig. V\u00e6lg mellem et bredt udvalg af redskaber, arbejdsredskaber og skovle, alle designet til at fungere perfekt under tiltrotatoren. Gravemaskinen vil v\u00e6re klar til at h\u00e5ndtere flere typer opgaver, hvad enten det er gravning, l\u00f8ft, nivellering, sortering, komprimering, nedrivning osv.<\/p>\n<p><span data-sheets-root=\"1\">Filtrer p\u00e5 din gravemaskines v\u00e6gt nedenfor for at finde Steelwrist-udstyr, der passer til din gravemaskine.<\/span><\/p>\n<h4><span data-sheets-root=\"1\">SP\u00d8RGSM\u00c5L?<\/span><\/h4>\n<p><span data-sheets-root=\"1\">Tal med din forhandler og bed om et tilbud, eller ring til os p\u00e5 <a href=\"tel:+4686260711\">+46 8 626 07 11<\/a>, s\u00e5 hj\u00e6lper vi dig gerne.<\/span><\/p>\n\n","protected":false},"excerpt":{"rendered":"","protected":false},"author":12,"featured_media":0,"parent":20123,"menu_order":18,"comment_status":"closed","ping_status":"closed","template":"template-excavator-brand.php","meta":{"footnotes":""},"class_list":["post-20169","page","type-page","status-publish","hentry"],"acf":[],"_links":{"self":[{"href":"https:\/\/steelwrist.com\/da\/wp-json\/wp\/v2\/pages\/20169","targetHints":{"allow":["GET"]}}],"collection":[{"href":"https:\/\/steelwrist.com\/da\/wp-json\/wp\/v2\/pages"}],"about":[{"href":"https:\/\/steelwrist.com\/da\/wp-json\/wp\/v2\/types\/page"}],"author":[{"embeddable":true,"href":"https:\/\/steelwrist.com\/da\/wp-json\/wp\/v2\/users\/12"}],"replies":[{"embeddable":true,"href":"https:\/\/steelwrist.com\/da\/wp-json\/wp\/v2\/comments?post=20169"}],"version-history":[{"count":5,"href":"https:\/\/steelwrist.com\/da\/wp-json\/wp\/v2\/pages\/20169\/revisions"}],"predecessor-version":[{"id":311145,"href":"https:\/\/steelwrist.com\/da\/wp-json\/wp\/v2\/pages\/20169\/revisions\/311145"}],"up":[{"embeddable":true,"href":"https:\/\/steelwrist.com\/da\/wp-json\/wp\/v2\/pages\/20123"}],"wp:attachment":[{"href":"https:\/\/steelwrist.com\/da\/wp-json\/wp\/v2\/media?parent=20169"}],"curies":[{"name":"wp","href":"https:\/\/api.w.org\/{rel}","templated":true}]}}