{"id":20115,"date":"2016-04-19T11:44:20","date_gmt":"2016-04-19T09:44:20","guid":{"rendered":"https:\/\/steelwrist.com\/dropping-buckets\/"},"modified":"2021-06-15T15:42:46","modified_gmt":"2021-06-15T13:42:46","slug":"tabte-skovle","status":"publish","type":"page","link":"https:\/\/steelwrist.com\/da\/tabte-skovle\/","title":{"rendered":"Tabte skovle"},"content":{"rendered":"<h3>Hvor stort er problemet med tabte skovle &#8211; virkelig?<\/h3>\n<p>Den svenske arbejdsmilj\u00f8myndighed modtager cirka en rapport om m\u00e5neden om h\u00e6ndelser med tabte skovle, men antallet af ikke-rapporterede sager er sandsynligvis st\u00f8rre, if\u00f8lge Prevent. (En nonprofitorganisation ejet The Confederation of Swedish Enterprise and Unions in joint.)<\/p>\n<h5>I l\u00f8bet af 2011 lavede Prevent f\u00f8lgende film om risiciene i forbindelse med hurtige tr\u00e6k.<\/h5>\n<div class=\"video-embed-container\"><iframe loading=\"lazy\" title=\"L\u00e5s s\u00e4kert - det kan g\u00e4lla livet\" width=\"500\" height=\"281\" src=\"https:\/\/www.youtube.com\/embed\/qhNnbCJvwgE?feature=oembed\" frameborder=\"0\" allow=\"accelerometer; autoplay; clipboard-write; encrypted-media; gyroscope; picture-in-picture; web-share\" referrerpolicy=\"strict-origin-when-cross-origin\" allowfullscreen><\/iframe><\/div>\n<h5>Tabte skovle &#8211; et estimat?<\/h5>\n<p>Vi lavede en meget uvidenskabelig unders\u00f8gelse under MaskinExpo 2012 og spurgte et stort antal operat\u00f8rer, om de nogensinde tabte en skovl. De fleste operat\u00f8rer med et par \u00e5rs erfaring bekr\u00e6ftede, at det var sket nogle gange. Vi landede et sted p\u00e5 omkring \u00e9n fejlagtig kobling pr. 10.000 redskabeskifte.<br \/>\nHvis der s\u00e5 er 8.000 gravemaskiner i drift i sverige p\u00e5 en normal arbejdsdag, og hvis der gennemsnitligt skiftes arbejdsredskab ca. 15 gange om dagen, ville det betyde, at der blev tabt omkring 12 skovle eller arbejdsredskaber i Sverige &#8211; hver dag!<\/p>\n<p>Steelwrist har l\u00f8st problemet for alle typer gravemaskiner.<br \/>\n<a href=\"https:\/\/steelwrist.com\/da\/front-pin-lock\/\">L\u00e6s mere om Steelwrist Front Pin Lock hurtigskifte og tiltrotatorer.<\/a><\/p>\n<p>&nbsp;<\/p>\n<h5>N\u00e5r ulykker sker?<\/h5>\n<p>I vores analyse fra 2012 s\u00e5 vi, at ulykker i princippet kun sker ved to forskellige lejligheder.<\/p>\n<ol>\n<li>Operat\u00f8ren forbinder skovlens forreste stift, men misser af en eller anden grund forbindelsen i det bageste beslag, dvs. den akse, som f\u00f8reren ikke kan se fra f\u00f8rerhuset. Samtidig glemmer han eller beg\u00e5r en fejl i den fysiske verifikation af, at skovlen er sikret, og arbejdet begynder.<\/li>\n<li>Operat\u00f8ren \u00f8nsker kun at flytte skovlen, alternativt l\u00f8fte skovlen op p\u00e5 en vogn. F\u00f8reren forbinder skovlens forreste stift, men bruger ikke l\u00e5sefunktionen, da &#8220;den eneste hensigt er at flytte skovlen&#8221;. P\u00e5 dette tidspunkt flytter f\u00f8reren skovlen, men da den ikke er l\u00e5st, kan den let falde af, hvis f\u00f8reren f.eks. rammer siden af \u200b\u200bvognen.<\/li>\n<\/ol>\n<p>M\u00e5let med Front Pin Lock har v\u00e6ret at beskytte mod begge disse risici.<\/p>\n","protected":false},"excerpt":{"rendered":"<p>Hvor stort er problemet med tabte skovle &#8211; virkelig? Den svenske arbejdsmilj\u00f8myndighed modtager cirka en rapport om m\u00e5neden om h\u00e6ndelser med tabte skovle, men antallet af ikke-rapporterede sager er sandsynligvis st\u00f8rre, if\u00f8lge Prevent. (En nonprofitorganisation ejet The Confederation of Swedish&#8230;<\/p>\n","protected":false},"author":12,"featured_media":0,"parent":0,"menu_order":21,"comment_status":"closed","ping_status":"closed","template":"","meta":{"footnotes":""},"class_list":["post-20115","page","type-page","status-publish","hentry"],"acf":[],"_links":{"self":[{"href":"https:\/\/steelwrist.com\/da\/wp-json\/wp\/v2\/pages\/20115","targetHints":{"allow":["GET"]}}],"collection":[{"href":"https:\/\/steelwrist.com\/da\/wp-json\/wp\/v2\/pages"}],"about":[{"href":"https:\/\/steelwrist.com\/da\/wp-json\/wp\/v2\/types\/page"}],"author":[{"embeddable":true,"href":"https:\/\/steelwrist.com\/da\/wp-json\/wp\/v2\/users\/12"}],"replies":[{"embeddable":true,"href":"https:\/\/steelwrist.com\/da\/wp-json\/wp\/v2\/comments?post=20115"}],"version-history":[{"count":6,"href":"https:\/\/steelwrist.com\/da\/wp-json\/wp\/v2\/pages\/20115\/revisions"}],"predecessor-version":[{"id":217693,"href":"https:\/\/steelwrist.com\/da\/wp-json\/wp\/v2\/pages\/20115\/revisions\/217693"}],"wp:attachment":[{"href":"https:\/\/steelwrist.com\/da\/wp-json\/wp\/v2\/media?parent=20115"}],"curies":[{"name":"wp","href":"https:\/\/api.w.org\/{rel}","templated":true}]}}