{"id":107035,"date":"2019-03-28T15:42:36","date_gmt":"2019-03-28T14:42:36","guid":{"rendered":"https:\/\/steelwrist.com\/stellungnahme-zur-kompatibilitat\/"},"modified":"2019-08-09T09:59:11","modified_gmt":"2019-08-09T07:59:11","slug":"anvendelsen-mellem-sq-standarden-og-andre-maerker","status":"publish","type":"page","link":"https:\/\/steelwrist.com\/da\/anvendelsen-mellem-sq-standarden-og-andre-maerker\/","title":{"rendered":"Anvendelsen mellem SQ-standarden og andre m\u00e6rker af fuldt hydrauliske hurtigkoblere og arbejdsredskaber"},"content":{"rendered":"<p>SQ er en h\u00f8jtydende fuldautomatisk olietilslutningsteknologi, der bruges i hurtigskifte og tiltrotatorer p\u00e5 gravemaskiner til at forbinde hydrauliske arbejdsredskaber. Det har en overlegen ydelse og et robust design.<\/p>\n<p>N\u00e5r du bruger SQ i kombination med hurtigskifte eller arbejdsredskaber fra andre producenter, er det vigtigt at sikre fuld funktionalitet. Tjeklisten herunder kan hj\u00e6lpe dig.<\/p>\n<p>N\u00e5r du har kontrolleret anvendelsesmuligheden og funktionaliteten som beskrevet, godkender Steelwrist kombinationen mellem vores hurtigskifte- og arbejdsredskab med modsvarende produkter fra andre producenter. S\u00e5 l\u00e6nge vores produkter bruges i overensstemmelse med deres betjeningsvejledninger, p\u00e5virkes Steelwrist CE-m\u00e6rkning ikke, og der forventes ingen yderligere risici p\u00e5 grund af den kombinerede brug.<\/p>\n<p><strong>1. Kontroller anvendelsesmuligheden<\/strong><\/p>\n<p>a. S\u00f8rg for, at oph\u00e6ng p\u00e5 arbejdsredskabet har samme konfiguration af hydraulik koblinger til hydraulikolie som hurtigskiftet. Kontroller, at st\u00f8rrelsen og placeringen af alle koblinger er ens i b\u00e5de H-cylinder og koblingsrampe.<\/p>\n<p>b. S\u00f8rg for, at akslerne i arbejdsredskabets oph\u00e6ng er i overensstemmelse med S-standardm\u00e5lene (Symmetriske hurtigskifte til gravemaskiner, juni 2011-udgave). Hvis oph\u00e6nget ikke f\u00f8lger S-standarden, for eksempel hvis den forreste pind har en tykkere midterdel (se billede 1), er et s\u00e5dant arbejdsredskab ikke muligt at koble sammen med en SQ Quick Coupler. Normalt er det tydeligt synligt, da f\u00f8ringsfinnerne p\u00e5 sidepladerne forhindrer, at hurtigskiftet g\u00e5r i indgreb korrekt, og der er ingen gr\u00f8n indikation. Reference: <a href=\"https:\/\/mk0steelwrist20nt9wf.kinstacdn.com\/wp-content\/uploads\/Symmetrical-Quick-Couplers-for-Excavators-June-2011-edition-1.pdf\">Symmetriske hurtigskifter til gravemaskiner (PDF)<\/a>. For tabel relateret til SQ 70\/55 og SQ 65, se tabel 1.<\/p>\n<p>c. Alle SQ-hurtigskifte fra Steelwrist er udstyret med den unikke sikkerhedsfunktion Front Pin Lock (FPL) for at \u00f8ge sikkerheden ved udskiftning af arbejdsredskaber. S\u00f8rg for, at der er tilstr\u00e6kkelig plads til FPL-funktionen, se billede 2 og tabel 2. Nogle skovle kan have en spildbeskyttelsesplade, der muligvis skal \u00e6ndres lidt for at SQ FPL-sikkerhedsfunktionen kan fungere korrekt.<\/p>\n<p>d. Hvis arbejdsredskabet har et elektrisk stik, skal hurtigskiftet have den samme type stik som arbejdsredskabet. Det er muligt at opdatere hurtigskiftet eller stikket til arbejdsredskabet til den samme type, hvis n\u00f8dvendigt. Steelwrist V14 er et robust og fleksibelt stik, der passer til alle m\u00e6rker.<\/p>\n<p>To typer lodrette elektriske stik kan monteres, enten det traditionelle V90-stik med 10 poler eller det mere avancerede V14-stik med 14 poler. Hvis dit hurtigskifte eller arbejdsv\u00e6rkt\u00f8j har to V90-lodrette stik ved siden af hinanden, skal de i stedet kombineres til et V14-stik.<\/p>\n<p>2. Kontroller funktionaliteten (p\u00e5 almindelig plan grund og uden nogen mennesker i n\u00e6rheden)<\/p>\n<div id=\"formula-bar\">\n<div id=\"t-formula-bar-input-container\">\n<div dir=\"ltr\">\n<div id=\"t-formula-bar-input\" spellcheck=\"false\">\n<div class=\"cell-input\" dir=\"ltr\" tabindex=\"0\" role=\"combobox\" contenteditable=\"true\" aria-autocomplete=\"list\">\n<p>a. Kobl forsigtigt arbejdsredskabet med hurtigskiftet, og kontroller, at der ikke forekommer nogen mekanisk interferens. Enhver lille interferens skal rettes inden de n\u00e6ste trin.<\/p>\n<p>b. S\u00f8rg for fuld FPL-funktion ved kun at tilslutte\/fange forreste pind p\u00e5 arbejdsredskabet. L\u00e5s bevidst hurtigskiftekilerne over den bageste pind, og s\u00f8rg for, at du f\u00e5r en gr\u00f8n indikation, og at FPL holder arbejdsredskabet, n\u00e5r det kun h\u00e6nger i den forreste pind.<\/p>\n<p>c. Kobl arbejdsredskabet korrekt i hurtigskiftet, og kontroller de hydrauliske funktioner fungerer. Kontroller, at der ikke er l\u00e6kage, og s\u00f8rg for fuld hydraulisk funktion.<\/p>\n<p>d. Hvis arbejdsredskabet har et elektrisk stik, skal du kontrollere, at alle elektriske signaler har fuld funktionalitet.<\/p>\n<p>BEM\u00c6RK: Hvis du f\u00f8ler dig usikker med hensyn til kombinationen af m\u00e6rker, skal du kontakte dit Steelwrist-kontor, og de vil guide dig videre. Brug aldrig en ikke-verificeret kombination, da dette kan f\u00f8re til en sikkerhedsrisiko.<\/p>\n<p>BEM\u00c6RK: L\u00e6s altid brugervejledningen til dit arbejdsredskab og hurtigskifte inden brug.<\/p>\n<p>BEM\u00c6RK: Hvis oph\u00e6nget p\u00e5 dit arbejdsredskab har en spildbeskyttelsesplade, der for\u00e5rsager interferens med SQ FPL-funktionen, kan Steelwrist levere en plade, der passer til dit arbejdsredskab.<\/p>\n<div id=\"attachment_107068\" style=\"width: 610px\" class=\"wp-caption alignnone\"><img loading=\"lazy\" decoding=\"async\" aria-describedby=\"caption-attachment-107068\" class=\"wp-image-107068 size-full\" src=\"https:\/\/steelwrist.com\/wp-content\/uploads\/Picture-1-e1565336705107.png\" alt=\"Eksempel p\u00e5 den forreste pind\" width=\"600\" height=\"277\" \/><p id=\"caption-attachment-107068\" class=\"wp-caption-text\">Billede 1. Eksempel p\u00e5 den forreste pind. Den kommer ikke ind i hurtigskiftets forreste del. Den forreste pind skal v\u00e6re i overensstemmelse med S-standard f.eks. den samme diameter i fuld l\u00e6ngde.<\/p><\/div>\n<p>&nbsp;<\/p>\n<div id=\"attachment_107491\" style=\"width: 606px\" class=\"wp-caption alignnone\"><img loading=\"lazy\" decoding=\"async\" aria-describedby=\"caption-attachment-107491\" class=\"wp-image-107491 size-full\" src=\"https:\/\/steelwrist.com\/wp-content\/uploads\/Table-1_DK.png\" alt=\"M\u00e5l\" width=\"596\" height=\"142\" srcset=\"https:\/\/steelwrist.com\/wp-content\/uploads\/Table-1_DK.png 596w, https:\/\/steelwrist.com\/wp-content\/uploads\/Table-1_DK-300x71.png 300w, https:\/\/steelwrist.com\/wp-content\/uploads\/Table-1_DK-150x36.png 150w, https:\/\/steelwrist.com\/wp-content\/uploads\/Table-1_DK-24x6.png 24w, https:\/\/steelwrist.com\/wp-content\/uploads\/Table-1_DK-36x9.png 36w, https:\/\/steelwrist.com\/wp-content\/uploads\/Table-1_DK-48x11.png 48w, https:\/\/steelwrist.com\/wp-content\/uploads\/Table-1_DK-110x26.png 110w, https:\/\/steelwrist.com\/wp-content\/uploads\/Table-1_DK-75x18.png 75w\" sizes=\"auto, (max-width: 596px) 100vw, 596px\" \/><p id=\"caption-attachment-107491\" class=\"wp-caption-text\">Tabel 1. Grundl\u00e6ggende m\u00e5l, udvidede S-m\u00e5l<\/p><\/div>\n<p>&nbsp;<\/p>\n<div id=\"attachment_107096\" style=\"width: 610px\" class=\"wp-caption alignnone\"><img loading=\"lazy\" decoding=\"async\" aria-describedby=\"caption-attachment-107096\" class=\"wp-image-107096 size-full\" src=\"https:\/\/steelwrist.com\/wp-content\/uploads\/Picture-2-e1565337313565.png\" alt=\"FPL frigang\" width=\"600\" height=\"284\" \/><p id=\"caption-attachment-107096\" class=\"wp-caption-text\">Billede 2. FPL frigang<\/p><\/div>\n<p>&nbsp;<\/p>\n<div id=\"attachment_107380\" style=\"width: 310px\" class=\"wp-caption alignnone\"><img loading=\"lazy\" decoding=\"async\" aria-describedby=\"caption-attachment-107380\" class=\"wp-image-107380 size-medium\" src=\"https:\/\/steelwrist.com\/wp-content\/uploads\/Table-2_NL-300x198.png\" alt=\"FPL frigang\" width=\"300\" height=\"198\" srcset=\"https:\/\/steelwrist.com\/wp-content\/uploads\/Table-2_NL-300x198.png 300w, https:\/\/steelwrist.com\/wp-content\/uploads\/Table-2_NL-150x99.png 150w, https:\/\/steelwrist.com\/wp-content\/uploads\/Table-2_NL-24x16.png 24w, https:\/\/steelwrist.com\/wp-content\/uploads\/Table-2_NL-36x24.png 36w, https:\/\/steelwrist.com\/wp-content\/uploads\/Table-2_NL-48x32.png 48w, https:\/\/steelwrist.com\/wp-content\/uploads\/Table-2_NL-110x73.png 110w, https:\/\/steelwrist.com\/wp-content\/uploads\/Table-2_NL-75x50.png 75w, https:\/\/steelwrist.com\/wp-content\/uploads\/Table-2_NL.png 430w\" sizes=\"auto, (max-width: 300px) 100vw, 300px\" \/><p id=\"caption-attachment-107380\" class=\"wp-caption-text\">Tabel 2. FPL frigang<\/p><\/div>\n<p>&nbsp;<\/p>\n<\/div>\n<\/div>\n<\/div>\n<\/div>\n<\/div>\n","protected":false},"excerpt":{"rendered":"<p>SQ er en h\u00f8jtydende fuldautomatisk olietilslutningsteknologi, der bruges i hurtigskifte og tiltrotatorer p\u00e5 gravemaskiner til at forbinde hydrauliske arbejdsredskaber. Det har en overlegen ydelse og et robust design. N\u00e5r du bruger SQ i kombination med hurtigskifte eller arbejdsredskaber fra andre&#8230;<\/p>\n","protected":false},"author":12,"featured_media":0,"parent":0,"menu_order":0,"comment_status":"closed","ping_status":"closed","template":"","meta":{"footnotes":""},"class_list":["post-107035","page","type-page","status-publish","hentry"],"acf":[],"_links":{"self":[{"href":"https:\/\/steelwrist.com\/da\/wp-json\/wp\/v2\/pages\/107035","targetHints":{"allow":["GET"]}}],"collection":[{"href":"https:\/\/steelwrist.com\/da\/wp-json\/wp\/v2\/pages"}],"about":[{"href":"https:\/\/steelwrist.com\/da\/wp-json\/wp\/v2\/types\/page"}],"author":[{"embeddable":true,"href":"https:\/\/steelwrist.com\/da\/wp-json\/wp\/v2\/users\/12"}],"replies":[{"embeddable":true,"href":"https:\/\/steelwrist.com\/da\/wp-json\/wp\/v2\/comments?post=107035"}],"version-history":[{"count":4,"href":"https:\/\/steelwrist.com\/da\/wp-json\/wp\/v2\/pages\/107035\/revisions"}],"predecessor-version":[{"id":107508,"href":"https:\/\/steelwrist.com\/da\/wp-json\/wp\/v2\/pages\/107035\/revisions\/107508"}],"wp:attachment":[{"href":"https:\/\/steelwrist.com\/da\/wp-json\/wp\/v2\/media?parent=107035"}],"curies":[{"name":"wp","href":"https:\/\/api.w.org\/{rel}","templated":true}]}}